{"id":6525,"date":"2023-11-09T14:17:12","date_gmt":"2023-11-09T12:17:12","guid":{"rendered":"https:\/\/luvatjavalvonta.fi\/?page_id=6525"},"modified":"2023-12-21T09:43:04","modified_gmt":"2023-12-21T07:43:04","slug":"fortillstandssokande","status":"publish","type":"page","link":"https:\/\/luvatjavalvonta.fi\/sv\/fortillstandssokande\/","title":{"rendered":"F\u00f6r tillst\u00e5ndss\u00f6kande"},"content":{"rendered":"\n<hr class=\"wp-block-separator has-alpha-channel-opacity\"\/>\n\n\n\n<p>Tj\u00e4nsten Tillst\u00e5nd och tillsyn erbjuder hantering av myndighets\u00e4renden i anslutning till tillst\u00e5nd och tillsyn per servicehelhet i en och samma tj\u00e4nst. Oavsett om du utreder behovet av tillst\u00e5nd i anslutning till en produktionsanl\u00e4ggning eller ordnande av ett evenemang kan du utreda behovet av tillst\u00e5nd och ans\u00f6ka om tillst\u00e5nd via tj\u00e4nsten.<\/p>\n<h2>Kundprojekt som st\u00f6ds<\/h2>\n<p>I tj\u00e4nsten st\u00f6ds kundprojekt med flera tillst\u00e5nd med servicehelheter, d\u00e4r alla myndigheter och tillst\u00e5nds\u00e4renden som beh\u00f6vs f\u00f6r kundens verksamhet har kartlagts. F\u00f6ljande servicehelheter finns i tj\u00e4nsten:<\/p>\n<ul>\n<li>Produktionsanl\u00e4ggningens servicehelhet (nya produktionsanl\u00e4ggningar och nuvarande \u00e4ndringar)<\/li>\n<li>Servicehelhet f\u00f6r ordnande av evenemang f\u00f6r evenemangsarrang\u00f6rer<\/li>\n<\/ul>\n<h2>Hur kommer jag \u00e5t tj\u00e4nsten?<\/h2>\n<p>Tillst\u00e5ndsmyndigheterna h\u00e4nvisar kunderna (verksamhetsut\u00f6vare) till tj\u00e4nsten Tillst\u00e5nd och tillsyn via sina egna informations- och \u00e4rendehanteringstj\u00e4nster. P\u00e5 s\u00e5 s\u00e4tt s\u00e4kerst\u00e4ller man att myndigheten \u00e4r med i att erbjuda sina tj\u00e4nster till kunden.<\/p>\n<h2>Utredning av tillst\u00e5ndsbehovet<\/h2>\n<p>Det \u00e4r m\u00f6jligt att utreda tillst\u00e5ndsbehovet i tj\u00e4nsten \u00e4ven om myndigheten i ditt omr\u00e5de \u00e4nnu inte \u00e4r med och tillhandah\u00e5ller sina tj\u00e4nster. Du kommer till utredningen av tillst\u00e5ndsbehovet p\u00e5 adressen:\u00a0<a href=\"https:\/\/lv.ahtp.fi\/sv\/\" target=\"_blank\" rel=\"noopener\">https:\/\/lv.ahtp.fi\/sv\/<\/a>.<\/p>\n\n\n\n<figure class=\"wp-block-image size-large\"><a href=\"https:\/\/luvatjavalvonta.fi\/content\/uploads\/2023\/11\/Luvanhakijoille_sv1.png\"><img loading=\"lazy\" decoding=\"async\" width=\"1024\" height=\"453\" src=\"https:\/\/luvatjavalvonta.fi\/content\/uploads\/2023\/11\/Luvanhakijoille_sv1-1024x453.png\" alt=\"\" class=\"wp-image-6527\" srcset=\"https:\/\/luvatjavalvonta.fi\/content\/uploads\/2023\/11\/Luvanhakijoille_sv1-1024x453.png 1024w, https:\/\/luvatjavalvonta.fi\/content\/uploads\/2023\/11\/Luvanhakijoille_sv1-300x133.png 300w, https:\/\/luvatjavalvonta.fi\/content\/uploads\/2023\/11\/Luvanhakijoille_sv1-768x340.png 768w, https:\/\/luvatjavalvonta.fi\/content\/uploads\/2023\/11\/Luvanhakijoille_sv1-1536x680.png 1536w, https:\/\/luvatjavalvonta.fi\/content\/uploads\/2023\/11\/Luvanhakijoille_sv1-2048x906.png 2048w\" sizes=\"auto, (max-width: 1024px) 100vw, 1024px\" \/><\/a><\/figure>\n","protected":false},"excerpt":{"rendered":"<p>Tj\u00e4nsten Tillst\u00e5nd och tillsyn erbjuder hantering av myndighets\u00e4renden i anslutning till tillst\u00e5nd och tillsyn per servicehelhet i en och samma tj\u00e4nst. Oavsett om du utreder behovet av tillst\u00e5nd i anslutning till en produktionsanl\u00e4ggning eller ordnande av ett evenemang kan du utreda behovet av tillst\u00e5nd och ans\u00f6ka om tillst\u00e5nd via tj\u00e4nsten. Kundprojekt som st\u00f6ds I tj\u00e4nsten [&hellip;]<\/p>\n","protected":false},"author":14,"featured_media":0,"parent":0,"menu_order":42,"comment_status":"closed","ping_status":"closed","template":"","meta":{"_acf_changed":false,"inline_featured_image":false,"footnotes":""},"class_list":["post-6525","page","type-page","status-publish","hentry"],"acf":{"ai_extra_content":"","ai_instructions":"","ai_hidden_page":false},"yoast_head":"<!-- This site is optimized with the Yoast SEO plugin v25.9 - https:\/\/yoast.com\/wordpress\/plugins\/seo\/ -->\n<title>F\u00f6r tillst\u00e5ndss\u00f6kande - Luvat ja valvonta<\/title>\n<meta name=\"robots\" content=\"index, follow, max-snippet:-1, max-image-preview:large, max-video-preview:-1\" \/>\n<link rel=\"canonical\" href=\"https:\/\/luvatjavalvonta.fi\/sv\/fortillstandssokande\/\" \/>\n<meta property=\"og:locale\" content=\"sv_SE\" \/>\n<meta property=\"og:type\" content=\"article\" \/>\n<meta property=\"og:title\" content=\"F\u00f6r tillst\u00e5ndss\u00f6kande - Luvat ja valvonta\" \/>\n<meta property=\"og:description\" content=\"Tj\u00e4nsten Tillst\u00e5nd och tillsyn erbjuder hantering av myndighets\u00e4renden i anslutning till tillst\u00e5nd och tillsyn per servicehelhet i en och samma tj\u00e4nst. Oavsett om du utreder behovet av tillst\u00e5nd i anslutning till en produktionsanl\u00e4ggning eller ordnande av ett evenemang kan du utreda behovet av tillst\u00e5nd och ans\u00f6ka om tillst\u00e5nd via tj\u00e4nsten. Kundprojekt som st\u00f6ds I tj\u00e4nsten [&hellip;]\" \/>\n<meta property=\"og:url\" content=\"https:\/\/luvatjavalvonta.fi\/sv\/fortillstandssokande\/\" \/>\n<meta property=\"og:site_name\" content=\"Luvat ja valvonta\" \/>\n<meta property=\"article:modified_time\" content=\"2023-12-21T07:43:04+00:00\" \/>\n<meta property=\"og:image\" content=\"https:\/\/luvatjavalvonta.fi\/content\/uploads\/2023\/11\/Luvanhakijoille_sv1-1024x453.png\" \/>\n<meta name=\"twitter:card\" content=\"summary_large_image\" \/>\n<meta name=\"twitter:label1\" content=\"Est. reading time\" \/>\n\t<meta name=\"twitter:data1\" content=\"2 minutes\" \/>\n<script type=\"application\/ld+json\" class=\"yoast-schema-graph\">{\"@context\":\"https:\/\/schema.org\",\"@graph\":[{\"@type\":\"WebPage\",\"@id\":\"https:\/\/luvatjavalvonta.fi\/sv\/fortillstandssokande\/\",\"url\":\"https:\/\/luvatjavalvonta.fi\/sv\/fortillstandssokande\/\",\"name\":\"F\u00f6r tillst\u00e5ndss\u00f6kande - Luvat ja valvonta\",\"isPartOf\":{\"@id\":\"http:\/\/54.75.134.196\/sv\/#website\"},\"primaryImageOfPage\":{\"@id\":\"https:\/\/luvatjavalvonta.fi\/sv\/fortillstandssokande\/#primaryimage\"},\"image\":{\"@id\":\"https:\/\/luvatjavalvonta.fi\/sv\/fortillstandssokande\/#primaryimage\"},\"thumbnailUrl\":\"https:\/\/luvatjavalvonta.fi\/content\/uploads\/2023\/11\/Luvanhakijoille_sv1-1024x453.png\",\"datePublished\":\"2023-11-09T12:17:12+00:00\",\"dateModified\":\"2023-12-21T07:43:04+00:00\",\"breadcrumb\":{\"@id\":\"https:\/\/luvatjavalvonta.fi\/sv\/fortillstandssokande\/#breadcrumb\"},\"inLanguage\":\"sv-SE\",\"potentialAction\":[{\"@type\":\"ReadAction\",\"target\":[\"https:\/\/luvatjavalvonta.fi\/sv\/fortillstandssokande\/\"]}]},{\"@type\":\"ImageObject\",\"inLanguage\":\"sv-SE\",\"@id\":\"https:\/\/luvatjavalvonta.fi\/sv\/fortillstandssokande\/#primaryimage\",\"url\":\"https:\/\/luvatjavalvonta.fi\/content\/uploads\/2023\/11\/Luvanhakijoille_sv1-1024x453.png\",\"contentUrl\":\"https:\/\/luvatjavalvonta.fi\/content\/uploads\/2023\/11\/Luvanhakijoille_sv1-1024x453.png\"},{\"@type\":\"BreadcrumbList\",\"@id\":\"https:\/\/luvatjavalvonta.fi\/sv\/fortillstandssokande\/#breadcrumb\",\"itemListElement\":[{\"@type\":\"ListItem\",\"position\":1,\"name\":\"Home\",\"item\":\"http:\/\/54.75.134.196\/sv\/\"},{\"@type\":\"ListItem\",\"position\":2,\"name\":\"F\u00f6r tillst\u00e5ndss\u00f6kande\"}]},{\"@type\":\"WebSite\",\"@id\":\"http:\/\/54.75.134.196\/sv\/#website\",\"url\":\"http:\/\/54.75.134.196\/sv\/\",\"name\":\"Luvat ja valvonta\",\"description\":\"\",\"potentialAction\":[{\"@type\":\"SearchAction\",\"target\":{\"@type\":\"EntryPoint\",\"urlTemplate\":\"http:\/\/54.75.134.196\/sv\/?s={search_term_string}\"},\"query-input\":{\"@type\":\"PropertyValueSpecification\",\"valueRequired\":true,\"valueName\":\"search_term_string\"}}],\"inLanguage\":\"sv-SE\"}]}<\/script>\n<!-- \/ Yoast SEO plugin. -->","yoast_head_json":{"title":"F\u00f6r tillst\u00e5ndss\u00f6kande - Luvat ja valvonta","robots":{"index":"index","follow":"follow","max-snippet":"max-snippet:-1","max-image-preview":"max-image-preview:large","max-video-preview":"max-video-preview:-1"},"canonical":"https:\/\/luvatjavalvonta.fi\/sv\/fortillstandssokande\/","og_locale":"sv_SE","og_type":"article","og_title":"F\u00f6r tillst\u00e5ndss\u00f6kande - Luvat ja valvonta","og_description":"Tj\u00e4nsten Tillst\u00e5nd och tillsyn erbjuder hantering av myndighets\u00e4renden i anslutning till tillst\u00e5nd och tillsyn per servicehelhet i en och samma tj\u00e4nst. Oavsett om du utreder behovet av tillst\u00e5nd i anslutning till en produktionsanl\u00e4ggning eller ordnande av ett evenemang kan du utreda behovet av tillst\u00e5nd och ans\u00f6ka om tillst\u00e5nd via tj\u00e4nsten. Kundprojekt som st\u00f6ds I tj\u00e4nsten [&hellip;]","og_url":"https:\/\/luvatjavalvonta.fi\/sv\/fortillstandssokande\/","og_site_name":"Luvat ja valvonta","article_modified_time":"2023-12-21T07:43:04+00:00","og_image":[{"url":"https:\/\/luvatjavalvonta.fi\/content\/uploads\/2023\/11\/Luvanhakijoille_sv1-1024x453.png","type":"","width":"","height":""}],"twitter_card":"summary_large_image","twitter_misc":{"Est. reading time":"2 minutes"},"schema":{"@context":"https:\/\/schema.org","@graph":[{"@type":"WebPage","@id":"https:\/\/luvatjavalvonta.fi\/sv\/fortillstandssokande\/","url":"https:\/\/luvatjavalvonta.fi\/sv\/fortillstandssokande\/","name":"F\u00f6r tillst\u00e5ndss\u00f6kande - Luvat ja valvonta","isPartOf":{"@id":"http:\/\/54.75.134.196\/sv\/#website"},"primaryImageOfPage":{"@id":"https:\/\/luvatjavalvonta.fi\/sv\/fortillstandssokande\/#primaryimage"},"image":{"@id":"https:\/\/luvatjavalvonta.fi\/sv\/fortillstandssokande\/#primaryimage"},"thumbnailUrl":"https:\/\/luvatjavalvonta.fi\/content\/uploads\/2023\/11\/Luvanhakijoille_sv1-1024x453.png","datePublished":"2023-11-09T12:17:12+00:00","dateModified":"2023-12-21T07:43:04+00:00","breadcrumb":{"@id":"https:\/\/luvatjavalvonta.fi\/sv\/fortillstandssokande\/#breadcrumb"},"inLanguage":"sv-SE","potentialAction":[{"@type":"ReadAction","target":["https:\/\/luvatjavalvonta.fi\/sv\/fortillstandssokande\/"]}]},{"@type":"ImageObject","inLanguage":"sv-SE","@id":"https:\/\/luvatjavalvonta.fi\/sv\/fortillstandssokande\/#primaryimage","url":"https:\/\/luvatjavalvonta.fi\/content\/uploads\/2023\/11\/Luvanhakijoille_sv1-1024x453.png","contentUrl":"https:\/\/luvatjavalvonta.fi\/content\/uploads\/2023\/11\/Luvanhakijoille_sv1-1024x453.png"},{"@type":"BreadcrumbList","@id":"https:\/\/luvatjavalvonta.fi\/sv\/fortillstandssokande\/#breadcrumb","itemListElement":[{"@type":"ListItem","position":1,"name":"Home","item":"http:\/\/54.75.134.196\/sv\/"},{"@type":"ListItem","position":2,"name":"F\u00f6r tillst\u00e5ndss\u00f6kande"}]},{"@type":"WebSite","@id":"http:\/\/54.75.134.196\/sv\/#website","url":"http:\/\/54.75.134.196\/sv\/","name":"Luvat ja valvonta","description":"","potentialAction":[{"@type":"SearchAction","target":{"@type":"EntryPoint","urlTemplate":"http:\/\/54.75.134.196\/sv\/?s={search_term_string}"},"query-input":{"@type":"PropertyValueSpecification","valueRequired":true,"valueName":"search_term_string"}}],"inLanguage":"sv-SE"}]}},"_links":{"self":[{"href":"https:\/\/luvatjavalvonta.fi\/sv\/wp-json\/wp\/v2\/pages\/6525","targetHints":{"allow":["GET"]}}],"collection":[{"href":"https:\/\/luvatjavalvonta.fi\/sv\/wp-json\/wp\/v2\/pages"}],"about":[{"href":"https:\/\/luvatjavalvonta.fi\/sv\/wp-json\/wp\/v2\/types\/page"}],"author":[{"embeddable":true,"href":"https:\/\/luvatjavalvonta.fi\/sv\/wp-json\/wp\/v2\/users\/14"}],"replies":[{"embeddable":true,"href":"https:\/\/luvatjavalvonta.fi\/sv\/wp-json\/wp\/v2\/comments?post=6525"}],"version-history":[{"count":2,"href":"https:\/\/luvatjavalvonta.fi\/sv\/wp-json\/wp\/v2\/pages\/6525\/revisions"}],"predecessor-version":[{"id":6529,"href":"https:\/\/luvatjavalvonta.fi\/sv\/wp-json\/wp\/v2\/pages\/6525\/revisions\/6529"}],"wp:attachment":[{"href":"https:\/\/luvatjavalvonta.fi\/sv\/wp-json\/wp\/v2\/media?parent=6525"}],"curies":[{"name":"wp","href":"https:\/\/api.w.org\/{rel}","templated":true}]}}