{"id":6604,"date":"2022-06-15T11:20:33","date_gmt":"2022-06-15T08:20:33","guid":{"rendered":"https:\/\/luvatjavalvonta.fi\/?page_id=6604"},"modified":"2023-12-12T14:19:56","modified_gmt":"2023-12-12T12:19:56","slug":"inbjudan-till-partner","status":"publish","type":"page","link":"https:\/\/luvatjavalvonta.fi\/sv\/information-om-tjansten\/egenskaper\/inbjudan-till-partner\/","title":{"rendered":"Inbjudan till partner"},"content":{"rendered":"\n<div class=\"wp-block-columns is-layout-flex wp-container-core-columns-is-layout-9d6595d7 wp-block-columns-is-layout-flex\">\n<div class=\"wp-block-column is-layout-flow wp-block-column-is-layout-flow\" style=\"flex-basis:33.33%\">\n<figure class=\"wp-block-image size-full\"><img loading=\"lazy\" decoding=\"async\" width=\"669\" height=\"670\" src=\"https:\/\/luvatjavalvonta.fi\/content\/uploads\/2023\/10\/Kumppanikutsu1.png\" alt=\"\" class=\"wp-image-6356\" srcset=\"https:\/\/luvatjavalvonta.fi\/content\/uploads\/2023\/10\/Kumppanikutsu1.png 669w, https:\/\/luvatjavalvonta.fi\/content\/uploads\/2023\/10\/Kumppanikutsu1-300x300.png 300w, https:\/\/luvatjavalvonta.fi\/content\/uploads\/2023\/10\/Kumppanikutsu1-150x150.png 150w, https:\/\/luvatjavalvonta.fi\/content\/uploads\/2023\/10\/Kumppanikutsu1-200x200.png 200w\" sizes=\"auto, (max-width: 669px) 100vw, 669px\" \/><\/figure>\n<\/div>\n\n\n\n<div class=\"wp-block-column is-layout-flow wp-block-column-is-layout-flow\" style=\"flex-basis:66.66%\">\n<p>Inbjudan till partner \u00e4r en funktion i tj\u00e4nsten Tillst\u00e5nd och tillsyn via vilken akt\u00f6rer som genomf\u00f6r projekt som kr\u00e4ver flera tillst\u00e5nd kan bjuda in partner i ans\u00f6kan om tillst\u00e5nd f\u00f6r akt\u00f6rens projekt. Funktionen g\u00f6r det mycket l\u00e4ttare att sk\u00f6ta kundernas och myndigheternas tillst\u00e5ndsprocesser i projekt som kr\u00e4ver flera tillst\u00e5nd och d\u00e4r den huvudansvariga akt\u00f6rens partner delvis ansvarar f\u00f6r den tillst\u00e5ndspliktiga verksamheten.<\/p>\n<\/div>\n<\/div>\n\n\n\n<p>Inbjudan till partner kan till exempel anv\u00e4ndas av ett evenemangs huvudansvariga organisat\u00f6r, som via tj\u00e4nsten Tillst\u00e5nd- och tillsyn delegerar ans\u00f6kan om relevanta tillst\u00e5nd till sina partner. Exempel p\u00e5 aktiviteter som kan delegeras till partner \u00e4r f\u00f6rs\u00e4ljning av livsmedel, tobak och alkohol, eld-, laser- och cirkusf\u00f6rest\u00e4llningar, konstruktion av kulisser, avfallshantering, f\u00f6rsta hj\u00e4lpen och ordnings\u00f6vervakning.<\/p>\n<h2>F\u00f6rdelar<\/h2>\n<p>Tj\u00e4nsten Tillst\u00e5nd och tillsyn m\u00f6jligg\u00f6r uppf\u00f6ljning av projektet i en vy f\u00f6r involverade myndigheter och projektets huvudansvariga \u2013 till exempel en akt\u00f6r som ordnar ett evenemang. Status f\u00f6r de involverade partnernas skyldigheter kan f\u00f6ljas upp f\u00f6r att se till att alla involverade partner fullg\u00f6r sina skyldigheter. En partner kan i sin tur i sina ans\u00f6kningar utnyttja gemensamma uppgifter som projektets huvudansvariga akt\u00f6r l\u00e4mnat. F\u00f6rdelarna med inbjudan till partner accentueras i stora projekt med upp till tiotals partner.<\/p>\n<h2>Inbjudan till partner<\/h2>\n<p>Genom att sammanf\u00f6ra de tillst\u00e5nds\u00e4renden som ett projekt kr\u00e4ver i tj\u00e4nsten Tillst\u00e5nd och tillsyn kan projektets huvudansvariga akt\u00f6r \u00e4rendespecifikt bjuda in valda partner och fastst\u00e4lla vilka tillst\u00e5nd och skyldigheter som en partner ansvarar f\u00f6r. N\u00e4r det g\u00e4ller partner som \u00e4r involverade i ett projekt kan de endast ans\u00f6ka om och komplettera tillst\u00e5nd som delegerats till dem, och de kan till exempel inte granska andra partners \u00e4renden. Projektets huvudansvariga akt\u00f6r och myndigheterna kan granska hela projektet och hur ans\u00f6kningarna framskrider.\u00a0<\/p>\n<h2>Ansvar<\/h2>\n<p>\u00c4ven om en partner kan sk\u00f6ta sina tillst\u00e5nds\u00e5taganden, ansvarar den huvudansvariga akt\u00f6ren alltid f\u00f6r att projektet beviljas alla relevanta tillst\u00e5nd. Om n\u00e5gon partner inte har ans\u00f6kt om tillst\u00e5nd eller om verksamheten avviker fr\u00e5n tillst\u00e5ndsvillkoren leder det till avbrott i verksamheten inom det omr\u00e5det. I vissa situationer kan en partners agerande p\u00e5verka projektet i den grad att det inte kan genomf\u00f6ras eller att hela verksamheten m\u00e5ste avbrytas. F\u00f6r att f\u00f6rebygga s\u00e5dana situationer \u00e4r det viktigt att den huvudansvariga akt\u00f6ren och alla involverade myndigheter kan f\u00f6lja med projektets \u00f6vergripande l\u00e4ge via tj\u00e4nsten Tillst\u00e5nd och tillsyn. D\u00e5 kan kunden och myndigheterna reagera i tid och s\u00e4kerst\u00e4lla genomf\u00f6randet av projektet.<\/p>\n<h2>En del av servicehelheten f\u00f6r ordnande av evenemang<\/h2>\n<p>Inbjudan till partner \u00e4r en funktion som \u00e4r automatiskt tillg\u00e4nglig f\u00f6r myndigheter och kunder som inf\u00f6rt tj\u00e4nsten Tillst\u00e5nd och tillsyn. Funktionen kan anv\u00e4ndas i alla befintliga servicehelheter, men den riktar sig s\u00e4rskilt till ordnande av evenemang, d\u00e4r den anses gynna b\u00e5de kunder (akt\u00f6rer) och myndigheter avsev\u00e4rt.<\/p>\n","protected":false},"excerpt":{"rendered":"<p>Inbjudan till partner \u00e4r en funktion i tj\u00e4nsten Tillst\u00e5nd och tillsyn via vilken akt\u00f6rer som genomf\u00f6r projekt som kr\u00e4ver flera tillst\u00e5nd kan bjuda in partner i ans\u00f6kan om tillst\u00e5nd f\u00f6r akt\u00f6rens projekt. Funktionen g\u00f6r det mycket l\u00e4ttare att sk\u00f6ta kundernas och myndigheternas tillst\u00e5ndsprocesser i projekt som kr\u00e4ver flera tillst\u00e5nd och d\u00e4r den huvudansvariga akt\u00f6rens partner [&hellip;]<\/p>\n","protected":false},"author":14,"featured_media":0,"parent":4905,"menu_order":185,"comment_status":"closed","ping_status":"closed","template":"","meta":{"_acf_changed":false,"inline_featured_image":false,"footnotes":""},"class_list":["post-6604","page","type-page","status-publish","hentry"],"acf":{"ai_extra_content":"","ai_instructions":"","ai_hidden_page":false},"yoast_head":"<!-- This site is optimized with the Yoast SEO plugin v25.9 - https:\/\/yoast.com\/wordpress\/plugins\/seo\/ -->\n<title>Inbjudan till partner - Luvat ja valvonta<\/title>\n<meta name=\"robots\" content=\"index, follow, max-snippet:-1, max-image-preview:large, max-video-preview:-1\" \/>\n<link rel=\"canonical\" href=\"https:\/\/luvatjavalvonta.fi\/sv\/information-om-tjansten\/egenskaper\/inbjudan-till-partner\/\" \/>\n<meta property=\"og:locale\" content=\"sv_SE\" \/>\n<meta property=\"og:type\" content=\"article\" \/>\n<meta property=\"og:title\" content=\"Inbjudan till partner - Luvat ja valvonta\" \/>\n<meta property=\"og:description\" content=\"Inbjudan till partner \u00e4r en funktion i tj\u00e4nsten Tillst\u00e5nd och tillsyn via vilken akt\u00f6rer som genomf\u00f6r projekt som kr\u00e4ver flera tillst\u00e5nd kan bjuda in partner i ans\u00f6kan om tillst\u00e5nd f\u00f6r akt\u00f6rens projekt. Funktionen g\u00f6r det mycket l\u00e4ttare att sk\u00f6ta kundernas och myndigheternas tillst\u00e5ndsprocesser i projekt som kr\u00e4ver flera tillst\u00e5nd och d\u00e4r den huvudansvariga akt\u00f6rens partner [&hellip;]\" \/>\n<meta property=\"og:url\" content=\"https:\/\/luvatjavalvonta.fi\/sv\/information-om-tjansten\/egenskaper\/inbjudan-till-partner\/\" \/>\n<meta property=\"og:site_name\" content=\"Luvat ja valvonta\" \/>\n<meta property=\"article:modified_time\" content=\"2023-12-12T12:19:56+00:00\" \/>\n<meta property=\"og:image\" content=\"https:\/\/luvatjavalvonta.fi\/content\/uploads\/2023\/10\/Kumppanikutsu1.png\" \/>\n<meta name=\"twitter:card\" content=\"summary_large_image\" \/>\n<script type=\"application\/ld+json\" class=\"yoast-schema-graph\">{\"@context\":\"https:\/\/schema.org\",\"@graph\":[{\"@type\":\"WebPage\",\"@id\":\"https:\/\/luvatjavalvonta.fi\/sv\/information-om-tjansten\/egenskaper\/inbjudan-till-partner\/\",\"url\":\"https:\/\/luvatjavalvonta.fi\/sv\/information-om-tjansten\/egenskaper\/inbjudan-till-partner\/\",\"name\":\"Inbjudan till partner - Luvat ja valvonta\",\"isPartOf\":{\"@id\":\"http:\/\/ec2-54-75-134-196.eu-west-1.compute.amazonaws.com\/#website\"},\"primaryImageOfPage\":{\"@id\":\"https:\/\/luvatjavalvonta.fi\/sv\/information-om-tjansten\/egenskaper\/inbjudan-till-partner\/#primaryimage\"},\"image\":{\"@id\":\"https:\/\/luvatjavalvonta.fi\/sv\/information-om-tjansten\/egenskaper\/inbjudan-till-partner\/#primaryimage\"},\"thumbnailUrl\":\"https:\/\/luvatjavalvonta.fi\/content\/uploads\/2023\/10\/Kumppanikutsu1.png\",\"datePublished\":\"2022-06-15T08:20:33+00:00\",\"dateModified\":\"2023-12-12T12:19:56+00:00\",\"breadcrumb\":{\"@id\":\"https:\/\/luvatjavalvonta.fi\/sv\/information-om-tjansten\/egenskaper\/inbjudan-till-partner\/#breadcrumb\"},\"inLanguage\":\"sv-SE\",\"potentialAction\":[{\"@type\":\"ReadAction\",\"target\":[\"https:\/\/luvatjavalvonta.fi\/sv\/information-om-tjansten\/egenskaper\/inbjudan-till-partner\/\"]}]},{\"@type\":\"ImageObject\",\"inLanguage\":\"sv-SE\",\"@id\":\"https:\/\/luvatjavalvonta.fi\/sv\/information-om-tjansten\/egenskaper\/inbjudan-till-partner\/#primaryimage\",\"url\":\"https:\/\/luvatjavalvonta.fi\/content\/uploads\/2023\/10\/Kumppanikutsu1.png\",\"contentUrl\":\"https:\/\/luvatjavalvonta.fi\/content\/uploads\/2023\/10\/Kumppanikutsu1.png\"},{\"@type\":\"BreadcrumbList\",\"@id\":\"https:\/\/luvatjavalvonta.fi\/sv\/information-om-tjansten\/egenskaper\/inbjudan-till-partner\/#breadcrumb\",\"itemListElement\":[{\"@type\":\"ListItem\",\"position\":1,\"name\":\"Home\",\"item\":\"http:\/\/www.luvatjavalvonta.fi\/sv\/\"},{\"@type\":\"ListItem\",\"position\":2,\"name\":\"Information om tj\u00e4nsten\",\"item\":\"https:\/\/luvatjavalvonta.fi\/sv\/information-om-tjansten\/\"},{\"@type\":\"ListItem\",\"position\":3,\"name\":\"Egenskaper\",\"item\":\"http:\/\/www.luvatjavalvonta.fi\/sv\/information-om-tjansten\/egenskaper\/\"},{\"@type\":\"ListItem\",\"position\":4,\"name\":\"Inbjudan till partner\"}]},{\"@type\":\"WebSite\",\"@id\":\"http:\/\/ec2-54-75-134-196.eu-west-1.compute.amazonaws.com\/#website\",\"url\":\"http:\/\/ec2-54-75-134-196.eu-west-1.compute.amazonaws.com\/\",\"name\":\"Luvat ja valvonta\",\"description\":\"\",\"potentialAction\":[{\"@type\":\"SearchAction\",\"target\":{\"@type\":\"EntryPoint\",\"urlTemplate\":\"http:\/\/ec2-54-75-134-196.eu-west-1.compute.amazonaws.com\/?s={search_term_string}\"},\"query-input\":{\"@type\":\"PropertyValueSpecification\",\"valueRequired\":true,\"valueName\":\"search_term_string\"}}],\"inLanguage\":\"sv-SE\"}]}<\/script>\n<!-- \/ Yoast SEO plugin. -->","yoast_head_json":{"title":"Inbjudan till partner - Luvat ja valvonta","robots":{"index":"index","follow":"follow","max-snippet":"max-snippet:-1","max-image-preview":"max-image-preview:large","max-video-preview":"max-video-preview:-1"},"canonical":"https:\/\/luvatjavalvonta.fi\/sv\/information-om-tjansten\/egenskaper\/inbjudan-till-partner\/","og_locale":"sv_SE","og_type":"article","og_title":"Inbjudan till partner - Luvat ja valvonta","og_description":"Inbjudan till partner \u00e4r en funktion i tj\u00e4nsten Tillst\u00e5nd och tillsyn via vilken akt\u00f6rer som genomf\u00f6r projekt som kr\u00e4ver flera tillst\u00e5nd kan bjuda in partner i ans\u00f6kan om tillst\u00e5nd f\u00f6r akt\u00f6rens projekt. Funktionen g\u00f6r det mycket l\u00e4ttare att sk\u00f6ta kundernas och myndigheternas tillst\u00e5ndsprocesser i projekt som kr\u00e4ver flera tillst\u00e5nd och d\u00e4r den huvudansvariga akt\u00f6rens partner [&hellip;]","og_url":"https:\/\/luvatjavalvonta.fi\/sv\/information-om-tjansten\/egenskaper\/inbjudan-till-partner\/","og_site_name":"Luvat ja valvonta","article_modified_time":"2023-12-12T12:19:56+00:00","og_image":[{"url":"https:\/\/luvatjavalvonta.fi\/content\/uploads\/2023\/10\/Kumppanikutsu1.png","type":"","width":"","height":""}],"twitter_card":"summary_large_image","schema":{"@context":"https:\/\/schema.org","@graph":[{"@type":"WebPage","@id":"https:\/\/luvatjavalvonta.fi\/sv\/information-om-tjansten\/egenskaper\/inbjudan-till-partner\/","url":"https:\/\/luvatjavalvonta.fi\/sv\/information-om-tjansten\/egenskaper\/inbjudan-till-partner\/","name":"Inbjudan till partner - Luvat ja valvonta","isPartOf":{"@id":"http:\/\/ec2-54-75-134-196.eu-west-1.compute.amazonaws.com\/#website"},"primaryImageOfPage":{"@id":"https:\/\/luvatjavalvonta.fi\/sv\/information-om-tjansten\/egenskaper\/inbjudan-till-partner\/#primaryimage"},"image":{"@id":"https:\/\/luvatjavalvonta.fi\/sv\/information-om-tjansten\/egenskaper\/inbjudan-till-partner\/#primaryimage"},"thumbnailUrl":"https:\/\/luvatjavalvonta.fi\/content\/uploads\/2023\/10\/Kumppanikutsu1.png","datePublished":"2022-06-15T08:20:33+00:00","dateModified":"2023-12-12T12:19:56+00:00","breadcrumb":{"@id":"https:\/\/luvatjavalvonta.fi\/sv\/information-om-tjansten\/egenskaper\/inbjudan-till-partner\/#breadcrumb"},"inLanguage":"sv-SE","potentialAction":[{"@type":"ReadAction","target":["https:\/\/luvatjavalvonta.fi\/sv\/information-om-tjansten\/egenskaper\/inbjudan-till-partner\/"]}]},{"@type":"ImageObject","inLanguage":"sv-SE","@id":"https:\/\/luvatjavalvonta.fi\/sv\/information-om-tjansten\/egenskaper\/inbjudan-till-partner\/#primaryimage","url":"https:\/\/luvatjavalvonta.fi\/content\/uploads\/2023\/10\/Kumppanikutsu1.png","contentUrl":"https:\/\/luvatjavalvonta.fi\/content\/uploads\/2023\/10\/Kumppanikutsu1.png"},{"@type":"BreadcrumbList","@id":"https:\/\/luvatjavalvonta.fi\/sv\/information-om-tjansten\/egenskaper\/inbjudan-till-partner\/#breadcrumb","itemListElement":[{"@type":"ListItem","position":1,"name":"Home","item":"http:\/\/www.luvatjavalvonta.fi\/sv\/"},{"@type":"ListItem","position":2,"name":"Information om tj\u00e4nsten","item":"https:\/\/luvatjavalvonta.fi\/sv\/information-om-tjansten\/"},{"@type":"ListItem","position":3,"name":"Egenskaper","item":"http:\/\/www.luvatjavalvonta.fi\/sv\/information-om-tjansten\/egenskaper\/"},{"@type":"ListItem","position":4,"name":"Inbjudan till partner"}]},{"@type":"WebSite","@id":"http:\/\/ec2-54-75-134-196.eu-west-1.compute.amazonaws.com\/#website","url":"http:\/\/ec2-54-75-134-196.eu-west-1.compute.amazonaws.com\/","name":"Luvat ja valvonta","description":"","potentialAction":[{"@type":"SearchAction","target":{"@type":"EntryPoint","urlTemplate":"http:\/\/ec2-54-75-134-196.eu-west-1.compute.amazonaws.com\/?s={search_term_string}"},"query-input":{"@type":"PropertyValueSpecification","valueRequired":true,"valueName":"search_term_string"}}],"inLanguage":"sv-SE"}]}},"_links":{"self":[{"href":"https:\/\/luvatjavalvonta.fi\/sv\/wp-json\/wp\/v2\/pages\/6604","targetHints":{"allow":["GET"]}}],"collection":[{"href":"https:\/\/luvatjavalvonta.fi\/sv\/wp-json\/wp\/v2\/pages"}],"about":[{"href":"https:\/\/luvatjavalvonta.fi\/sv\/wp-json\/wp\/v2\/types\/page"}],"author":[{"embeddable":true,"href":"https:\/\/luvatjavalvonta.fi\/sv\/wp-json\/wp\/v2\/users\/14"}],"replies":[{"embeddable":true,"href":"https:\/\/luvatjavalvonta.fi\/sv\/wp-json\/wp\/v2\/comments?post=6604"}],"version-history":[{"count":1,"href":"https:\/\/luvatjavalvonta.fi\/sv\/wp-json\/wp\/v2\/pages\/6604\/revisions"}],"predecessor-version":[{"id":6605,"href":"https:\/\/luvatjavalvonta.fi\/sv\/wp-json\/wp\/v2\/pages\/6604\/revisions\/6605"}],"up":[{"embeddable":true,"href":"https:\/\/luvatjavalvonta.fi\/sv\/wp-json\/wp\/v2\/pages\/4905"}],"wp:attachment":[{"href":"https:\/\/luvatjavalvonta.fi\/sv\/wp-json\/wp\/v2\/media?parent=6604"}],"curies":[{"name":"wp","href":"https:\/\/api.w.org\/{rel}","templated":true}]}}