{"id":6716,"date":"2024-01-19T14:57:28","date_gmt":"2024-01-19T12:57:28","guid":{"rendered":"https:\/\/luvatjavalvonta.fi\/?page_id=6716"},"modified":"2024-02-01T14:32:09","modified_gmt":"2024-02-01T12:32:09","slug":"videoklipp-om-tjansten","status":"publish","type":"page","link":"https:\/\/luvatjavalvonta.fi\/sv\/information-om-tjansten\/videoklipp-om-tjansten\/","title":{"rendered":"Videoklipp om tj\u00e4nsten"},"content":{"rendered":"\n<hr class=\"wp-block-separator has-alpha-channel-opacity\"\/>\n\n\n\n<p>H\u00e4r hittar du videoklipp om tj\u00e4nsten Tillst\u00e5nd och tillsyn, som hj\u00e4lper dig att bli bekant med tj\u00e4nsten och dess omgivning. Dessutom har vi sammanst\u00e4llt inspelningarna av tj\u00e4nstens online-tillf\u00e4llen, som g\u00f6r det m\u00f6jligt f\u00f6r dig att bekanta dig med inneh\u00e5llet i de olika tillf\u00e4llen.<\/p>\n<h2>Videokipp om tj\u00e4nsten Tillst\u00e5nd och tillsyn<\/h2>\n<p>&nbsp;<\/p>\n\n\n\n<div class=\"wp-block-columns is-layout-flex wp-container-core-columns-is-layout-9d6595d7 wp-block-columns-is-layout-flex\">\n<div class=\"wp-block-column is-layout-flow wp-block-column-is-layout-flow\">\n<figure class=\"wp-block-embed is-type-video is-provider-youtube wp-block-embed-youtube wp-embed-aspect-16-9 wp-has-aspect-ratio\"><div class=\"wp-block-embed__wrapper\">\n<iframe loading=\"lazy\" title=\"Tillst\u00e5nd och tillsyn ur tillst\u00e5ndss\u00f6kandens synvinkel\" width=\"500\" height=\"281\" src=\"https:\/\/www.youtube-nocookie.com\/embed\/SVMpBzt0AA0?feature=oembed\" frameborder=\"0\" allow=\"accelerometer; autoplay; clipboard-write; encrypted-media; gyroscope; picture-in-picture; web-share\" referrerpolicy=\"strict-origin-when-cross-origin\" allowfullscreen><\/iframe>\n<\/div><figcaption class=\"wp-element-caption\"><em>Tj\u00e4nsten ur&nbsp;<strong>kunders&nbsp;<\/strong>perspektiv<\/em><\/figcaption><\/figure>\n<\/div>\n\n\n\n<div class=\"wp-block-column is-layout-flow wp-block-column-is-layout-flow\">\n<figure class=\"wp-block-embed is-type-video is-provider-youtube wp-block-embed-youtube wp-embed-aspect-16-9 wp-has-aspect-ratio\"><div class=\"wp-block-embed__wrapper\">\n<iframe loading=\"lazy\" title=\"Tj\u00e4nsten Tillst\u00e5nd och tillsyn ur myndighetens synvinkel\" width=\"500\" height=\"281\" src=\"https:\/\/www.youtube-nocookie.com\/embed\/3vs0Y8AyC5g?feature=oembed\" frameborder=\"0\" allow=\"accelerometer; autoplay; clipboard-write; encrypted-media; gyroscope; picture-in-picture; web-share\" referrerpolicy=\"strict-origin-when-cross-origin\" allowfullscreen><\/iframe>\n<\/div><figcaption class=\"wp-element-caption\"><em>Tj\u00e4nsten ur&nbsp;<strong>myndigheters&nbsp;<\/strong>perspektiv<\/em><\/figcaption><\/figure>\n<\/div>\n<\/div>\n\n\n\n<div class=\"wp-block-columns is-layout-flex wp-container-core-columns-is-layout-9d6595d7 wp-block-columns-is-layout-flex\">\n<div class=\"wp-block-column is-layout-flow wp-block-column-is-layout-flow\" style=\"flex-basis:25%\"><\/div>\n\n\n\n<div class=\"wp-block-column is-layout-flow wp-block-column-is-layout-flow\" style=\"flex-basis:50%\">\n<figure class=\"wp-block-embed is-type-video is-provider-youtube wp-block-embed-youtube wp-embed-aspect-16-9 wp-has-aspect-ratio\"><div class=\"wp-block-embed__wrapper\">\n<iframe loading=\"lazy\" title=\"Inf\u00f6rande av tj\u00e4nsten Tillst\u00e5nd och tillsyn\" width=\"500\" height=\"281\" src=\"https:\/\/www.youtube-nocookie.com\/embed\/AuO1a0xTX8k?feature=oembed\" frameborder=\"0\" allow=\"accelerometer; autoplay; clipboard-write; encrypted-media; gyroscope; picture-in-picture; web-share\" referrerpolicy=\"strict-origin-when-cross-origin\" allowfullscreen><\/iframe>\n<\/div><figcaption class=\"wp-element-caption\"><em>Inf\u00f6rande av tj\u00e4nsten Tillst\u00e5nd och tillsyn<\/em><\/figcaption><\/figure>\n<\/div>\n\n\n\n<div class=\"wp-block-column is-layout-flow wp-block-column-is-layout-flow\" style=\"flex-basis:25%\"><\/div>\n<\/div>\n\n\n\n<h2>Inspelningar av tj\u00e4nstens online-tillf\u00e4llen<\/h2>\n<p>F\u00f6r tillf\u00e4llet finns det inte n\u00e5gra inspelningarna av online-tillf\u00e4llen p\u00e5 svenska. <br \/>Inspelningar av finskspr\u00e5kiga online-tillf\u00e4llen hittar du p\u00e5 den finskspr\u00e5kiga webbplatsen:\u00a0<a href=\"_wp_link_placeholder\" data-wplink-edit=\"true\">https:\/\/luvatjavalvonta.fi\/tietoa-palvelusta\/videot\/<\/a><\/p>\n","protected":false},"excerpt":{"rendered":"<p>H\u00e4r hittar du videoklipp om tj\u00e4nsten Tillst\u00e5nd och tillsyn, som hj\u00e4lper dig att bli bekant med tj\u00e4nsten och dess omgivning. Dessutom har vi sammanst\u00e4llt inspelningarna av tj\u00e4nstens online-tillf\u00e4llen, som g\u00f6r det m\u00f6jligt f\u00f6r dig att bekanta dig med inneh\u00e5llet i de olika tillf\u00e4llen. Videokipp om tj\u00e4nsten Tillst\u00e5nd och tillsyn &nbsp; Inspelningar av tj\u00e4nstens online-tillf\u00e4llen F\u00f6r [&hellip;]<\/p>\n","protected":false},"author":14,"featured_media":0,"parent":4889,"menu_order":233,"comment_status":"closed","ping_status":"closed","template":"","meta":{"_acf_changed":false,"inline_featured_image":false,"footnotes":""},"class_list":["post-6716","page","type-page","status-publish","hentry"],"acf":{"ai_extra_content":"","ai_instructions":"","ai_hidden_page":false},"yoast_head":"<!-- This site is optimized with the Yoast SEO plugin v25.9 - https:\/\/yoast.com\/wordpress\/plugins\/seo\/ -->\n<title>Videoklipp om tj\u00e4nsten - Luvat ja valvonta<\/title>\n<meta name=\"robots\" content=\"index, follow, max-snippet:-1, max-image-preview:large, max-video-preview:-1\" \/>\n<link rel=\"canonical\" href=\"http:\/\/www.luvatjavalvonta.fi\/sv\/information-om-tjansten\/videoklipp-om-tjansten\/\" \/>\n<meta property=\"og:locale\" content=\"sv_SE\" \/>\n<meta property=\"og:type\" content=\"article\" \/>\n<meta property=\"og:title\" content=\"Videoklipp om tj\u00e4nsten - Luvat ja valvonta\" \/>\n<meta property=\"og:description\" content=\"H\u00e4r hittar du videoklipp om tj\u00e4nsten Tillst\u00e5nd och tillsyn, som hj\u00e4lper dig att bli bekant med tj\u00e4nsten och dess omgivning. Dessutom har vi sammanst\u00e4llt inspelningarna av tj\u00e4nstens online-tillf\u00e4llen, som g\u00f6r det m\u00f6jligt f\u00f6r dig att bekanta dig med inneh\u00e5llet i de olika tillf\u00e4llen. Videokipp om tj\u00e4nsten Tillst\u00e5nd och tillsyn &nbsp; Inspelningar av tj\u00e4nstens online-tillf\u00e4llen F\u00f6r [&hellip;]\" \/>\n<meta property=\"og:url\" content=\"http:\/\/www.luvatjavalvonta.fi\/sv\/information-om-tjansten\/videoklipp-om-tjansten\/\" \/>\n<meta property=\"og:site_name\" content=\"Luvat ja valvonta\" \/>\n<meta property=\"article:modified_time\" content=\"2024-02-01T12:32:09+00:00\" \/>\n<meta name=\"twitter:card\" content=\"summary_large_image\" \/>\n<meta name=\"twitter:label1\" content=\"Est. reading time\" \/>\n\t<meta name=\"twitter:data1\" content=\"1 minute\" \/>\n<script type=\"application\/ld+json\" class=\"yoast-schema-graph\">{\"@context\":\"https:\/\/schema.org\",\"@graph\":[{\"@type\":\"WebPage\",\"@id\":\"http:\/\/www.luvatjavalvonta.fi\/sv\/information-om-tjansten\/videoklipp-om-tjansten\/\",\"url\":\"http:\/\/www.luvatjavalvonta.fi\/sv\/information-om-tjansten\/videoklipp-om-tjansten\/\",\"name\":\"Videoklipp om tj\u00e4nsten - Luvat ja valvonta\",\"isPartOf\":{\"@id\":\"http:\/\/54.75.134.196\/sv\/#website\"},\"datePublished\":\"2024-01-19T12:57:28+00:00\",\"dateModified\":\"2024-02-01T12:32:09+00:00\",\"breadcrumb\":{\"@id\":\"http:\/\/www.luvatjavalvonta.fi\/sv\/information-om-tjansten\/videoklipp-om-tjansten\/#breadcrumb\"},\"inLanguage\":\"sv-SE\",\"potentialAction\":[{\"@type\":\"ReadAction\",\"target\":[\"http:\/\/www.luvatjavalvonta.fi\/sv\/information-om-tjansten\/videoklipp-om-tjansten\/\"]}]},{\"@type\":\"BreadcrumbList\",\"@id\":\"http:\/\/www.luvatjavalvonta.fi\/sv\/information-om-tjansten\/videoklipp-om-tjansten\/#breadcrumb\",\"itemListElement\":[{\"@type\":\"ListItem\",\"position\":1,\"name\":\"Home\",\"item\":\"http:\/\/54.75.134.196\/sv\/\"},{\"@type\":\"ListItem\",\"position\":2,\"name\":\"Information om tj\u00e4nsten\",\"item\":\"https:\/\/luvatjavalvonta.fi\/sv\/information-om-tjansten\/\"},{\"@type\":\"ListItem\",\"position\":3,\"name\":\"Videoklipp om tj\u00e4nsten\"}]},{\"@type\":\"WebSite\",\"@id\":\"http:\/\/54.75.134.196\/sv\/#website\",\"url\":\"http:\/\/54.75.134.196\/sv\/\",\"name\":\"Luvat ja valvonta\",\"description\":\"\",\"potentialAction\":[{\"@type\":\"SearchAction\",\"target\":{\"@type\":\"EntryPoint\",\"urlTemplate\":\"http:\/\/54.75.134.196\/sv\/?s={search_term_string}\"},\"query-input\":{\"@type\":\"PropertyValueSpecification\",\"valueRequired\":true,\"valueName\":\"search_term_string\"}}],\"inLanguage\":\"sv-SE\"}]}<\/script>\n<!-- \/ Yoast SEO plugin. -->","yoast_head_json":{"title":"Videoklipp om tj\u00e4nsten - Luvat ja valvonta","robots":{"index":"index","follow":"follow","max-snippet":"max-snippet:-1","max-image-preview":"max-image-preview:large","max-video-preview":"max-video-preview:-1"},"canonical":"http:\/\/www.luvatjavalvonta.fi\/sv\/information-om-tjansten\/videoklipp-om-tjansten\/","og_locale":"sv_SE","og_type":"article","og_title":"Videoklipp om tj\u00e4nsten - Luvat ja valvonta","og_description":"H\u00e4r hittar du videoklipp om tj\u00e4nsten Tillst\u00e5nd och tillsyn, som hj\u00e4lper dig att bli bekant med tj\u00e4nsten och dess omgivning. Dessutom har vi sammanst\u00e4llt inspelningarna av tj\u00e4nstens online-tillf\u00e4llen, som g\u00f6r det m\u00f6jligt f\u00f6r dig att bekanta dig med inneh\u00e5llet i de olika tillf\u00e4llen. Videokipp om tj\u00e4nsten Tillst\u00e5nd och tillsyn &nbsp; Inspelningar av tj\u00e4nstens online-tillf\u00e4llen F\u00f6r [&hellip;]","og_url":"http:\/\/www.luvatjavalvonta.fi\/sv\/information-om-tjansten\/videoklipp-om-tjansten\/","og_site_name":"Luvat ja valvonta","article_modified_time":"2024-02-01T12:32:09+00:00","twitter_card":"summary_large_image","twitter_misc":{"Est. reading time":"1 minute"},"schema":{"@context":"https:\/\/schema.org","@graph":[{"@type":"WebPage","@id":"http:\/\/www.luvatjavalvonta.fi\/sv\/information-om-tjansten\/videoklipp-om-tjansten\/","url":"http:\/\/www.luvatjavalvonta.fi\/sv\/information-om-tjansten\/videoklipp-om-tjansten\/","name":"Videoklipp om tj\u00e4nsten - Luvat ja valvonta","isPartOf":{"@id":"http:\/\/54.75.134.196\/sv\/#website"},"datePublished":"2024-01-19T12:57:28+00:00","dateModified":"2024-02-01T12:32:09+00:00","breadcrumb":{"@id":"http:\/\/www.luvatjavalvonta.fi\/sv\/information-om-tjansten\/videoklipp-om-tjansten\/#breadcrumb"},"inLanguage":"sv-SE","potentialAction":[{"@type":"ReadAction","target":["http:\/\/www.luvatjavalvonta.fi\/sv\/information-om-tjansten\/videoklipp-om-tjansten\/"]}]},{"@type":"BreadcrumbList","@id":"http:\/\/www.luvatjavalvonta.fi\/sv\/information-om-tjansten\/videoklipp-om-tjansten\/#breadcrumb","itemListElement":[{"@type":"ListItem","position":1,"name":"Home","item":"http:\/\/54.75.134.196\/sv\/"},{"@type":"ListItem","position":2,"name":"Information om tj\u00e4nsten","item":"https:\/\/luvatjavalvonta.fi\/sv\/information-om-tjansten\/"},{"@type":"ListItem","position":3,"name":"Videoklipp om tj\u00e4nsten"}]},{"@type":"WebSite","@id":"http:\/\/54.75.134.196\/sv\/#website","url":"http:\/\/54.75.134.196\/sv\/","name":"Luvat ja valvonta","description":"","potentialAction":[{"@type":"SearchAction","target":{"@type":"EntryPoint","urlTemplate":"http:\/\/54.75.134.196\/sv\/?s={search_term_string}"},"query-input":{"@type":"PropertyValueSpecification","valueRequired":true,"valueName":"search_term_string"}}],"inLanguage":"sv-SE"}]}},"_links":{"self":[{"href":"https:\/\/luvatjavalvonta.fi\/sv\/wp-json\/wp\/v2\/pages\/6716","targetHints":{"allow":["GET"]}}],"collection":[{"href":"https:\/\/luvatjavalvonta.fi\/sv\/wp-json\/wp\/v2\/pages"}],"about":[{"href":"https:\/\/luvatjavalvonta.fi\/sv\/wp-json\/wp\/v2\/types\/page"}],"author":[{"embeddable":true,"href":"https:\/\/luvatjavalvonta.fi\/sv\/wp-json\/wp\/v2\/users\/14"}],"replies":[{"embeddable":true,"href":"https:\/\/luvatjavalvonta.fi\/sv\/wp-json\/wp\/v2\/comments?post=6716"}],"version-history":[{"count":6,"href":"https:\/\/luvatjavalvonta.fi\/sv\/wp-json\/wp\/v2\/pages\/6716\/revisions"}],"predecessor-version":[{"id":6736,"href":"https:\/\/luvatjavalvonta.fi\/sv\/wp-json\/wp\/v2\/pages\/6716\/revisions\/6736"}],"up":[{"embeddable":true,"href":"https:\/\/luvatjavalvonta.fi\/sv\/wp-json\/wp\/v2\/pages\/4889"}],"wp:attachment":[{"href":"https:\/\/luvatjavalvonta.fi\/sv\/wp-json\/wp\/v2\/media?parent=6716"}],"curies":[{"name":"wp","href":"https:\/\/api.w.org\/{rel}","templated":true}]}}