{"id":6865,"date":"2025-04-25T13:19:24","date_gmt":"2025-04-25T10:19:24","guid":{"rendered":"https:\/\/luvatjavalvonta.fi\/?page_id=6865"},"modified":"2025-12-30T13:10:26","modified_gmt":"2025-12-30T11:10:26","slug":"statens-ambetsverk-och-inrattningar","status":"publish","type":"page","link":"https:\/\/luvatjavalvonta.fi\/sv\/inforande\/statens-ambetsverk-och-inrattningar\/","title":{"rendered":"Statens \u00e4mbetsverk och inr\u00e4ttningar"},"content":{"rendered":"\n<hr class=\"wp-block-separator has-alpha-channel-opacity\"\/>\n\n\n\n<h2>Anslutning i samband med definitionerna<\/h2>\n<p>N\u00e4r det g\u00e4ller statens \u00e4mbetsverk och inr\u00e4ttningar avtalar man om anslutning till tj\u00e4nsten Tillst\u00e5nd- och tillsyn med myndigheten i samband med definitionen av de tj\u00e4nster som ansluts. Vid definitionen v\u00e4ljs ett l\u00e4mpligt anslutningss\u00e4tt f\u00f6r varje tj\u00e4nst och ett tidsschema uppr\u00e4ttas f\u00f6r f\u00f6rberedelserna och sj\u00e4lva inf\u00f6randet.<\/p>\n<p><img loading=\"lazy\" decoding=\"async\" class=\"aligncenter size-full wp-image-149\" src=\"https:\/\/luvatjavalvonta.fi\/content\/uploads\/2020\/06\/2020-07_LV_www_yla\u0308kuva_3.jpg\" alt=\"\" width=\"1289\" height=\"466\" srcset=\"https:\/\/luvatjavalvonta.fi\/content\/uploads\/2020\/06\/2020-07_LV_www_yla\u0308kuva_3.jpg 1289w, https:\/\/luvatjavalvonta.fi\/content\/uploads\/2020\/06\/2020-07_LV_www_yla\u0308kuva_3-300x108.jpg 300w, https:\/\/luvatjavalvonta.fi\/content\/uploads\/2020\/06\/2020-07_LV_www_yla\u0308kuva_3-1024x370.jpg 1024w, https:\/\/luvatjavalvonta.fi\/content\/uploads\/2020\/06\/2020-07_LV_www_yla\u0308kuva_3-768x278.jpg 768w\" sizes=\"auto, (max-width: 1289px) 100vw, 1289px\" \/><\/p>\n<h2>Anv\u00e4ndning av tj\u00e4nsten<\/h2>\n<p>Alla myndigheter som handl\u00e4gger tillst\u00e5nds- och tillsyns\u00e4renden kan anv\u00e4nda tj\u00e4nsten. N\u00e4r det g\u00e4ller statens \u00e4mbetsverk och inr\u00e4ttningar finns det inga f\u00e4rdiga myndighetsspecifika tj\u00e4nster utan de ska definieras och utvecklas f\u00f6r tj\u00e4nsten. N\u00e4r myndigheten har fattat beslut om att inf\u00f6ra tj\u00e4nsten bildas ett projekt f\u00f6r att inf\u00f6ra myndighetens \u00e4renden i tj\u00e4nsten. I detta arbete deltar f\u00f6rutom sakkunniga fr\u00e5n myndigheterna \u00e4ven tj\u00e4nstens \u00e4gare och utvecklingsteamet som utifr\u00e5n specifikationerna sk\u00f6ter genomf\u00f6randet.\u00a0 Under projektet leds utvecklingen av tj\u00e4nsten av projektets styrgrupp.<\/p>\n<p>F\u00f6rfr\u00e5gningar och fr\u00e5gor relaterade till inf\u00f6rande och anv\u00e4ndning av tj\u00e4nsten \u2013 <a href=\"https:\/\/luvatjavalvonta.fi\/sv\/ta-kontakt\/kontakt\/\">kontakta tj\u00e4nsten Tillst\u00e5nd- och tillsyn<\/a><\/p>\n","protected":false},"excerpt":{"rendered":"<p>Anslutning i samband med definitionerna N\u00e4r det g\u00e4ller statens \u00e4mbetsverk och inr\u00e4ttningar avtalar man om anslutning till tj\u00e4nsten Tillst\u00e5nd- och tillsyn med myndigheten i samband med definitionen av de tj\u00e4nster som ansluts. Vid definitionen v\u00e4ljs ett l\u00e4mpligt anslutningss\u00e4tt f\u00f6r varje tj\u00e4nst och ett tidsschema uppr\u00e4ttas f\u00f6r f\u00f6rberedelserna och sj\u00e4lva inf\u00f6randet. Anv\u00e4ndning av tj\u00e4nsten Alla myndigheter [&hellip;]<\/p>\n","protected":false},"author":14,"featured_media":0,"parent":4891,"menu_order":143,"comment_status":"closed","ping_status":"closed","template":"","meta":{"_acf_changed":false,"inline_featured_image":false,"footnotes":""},"class_list":["post-6865","page","type-page","status-publish","hentry"],"acf":{"ai_extra_content":"","ai_instructions":"","ai_hidden_page":false},"yoast_head":"<!-- This site is optimized with the Yoast SEO plugin v25.9 - https:\/\/yoast.com\/wordpress\/plugins\/seo\/ -->\n<title>Statens \u00e4mbetsverk och inr\u00e4ttningar - Luvat ja valvonta<\/title>\n<meta name=\"robots\" content=\"index, follow, max-snippet:-1, max-image-preview:large, max-video-preview:-1\" \/>\n<link rel=\"canonical\" href=\"https:\/\/luvatjavalvonta.fi\/sv\/inforande\/statens-ambetsverk-och-inrattningar\/\" \/>\n<meta property=\"og:locale\" content=\"sv_SE\" \/>\n<meta property=\"og:type\" content=\"article\" \/>\n<meta property=\"og:title\" content=\"Statens \u00e4mbetsverk och inr\u00e4ttningar - Luvat ja valvonta\" \/>\n<meta property=\"og:description\" content=\"Anslutning i samband med definitionerna N\u00e4r det g\u00e4ller statens \u00e4mbetsverk och inr\u00e4ttningar avtalar man om anslutning till tj\u00e4nsten Tillst\u00e5nd- och tillsyn med myndigheten i samband med definitionen av de tj\u00e4nster som ansluts. Vid definitionen v\u00e4ljs ett l\u00e4mpligt anslutningss\u00e4tt f\u00f6r varje tj\u00e4nst och ett tidsschema uppr\u00e4ttas f\u00f6r f\u00f6rberedelserna och sj\u00e4lva inf\u00f6randet. Anv\u00e4ndning av tj\u00e4nsten Alla myndigheter [&hellip;]\" \/>\n<meta property=\"og:url\" content=\"https:\/\/luvatjavalvonta.fi\/sv\/inforande\/statens-ambetsverk-och-inrattningar\/\" \/>\n<meta property=\"og:site_name\" content=\"Luvat ja valvonta\" \/>\n<meta property=\"article:modified_time\" content=\"2025-12-30T11:10:26+00:00\" \/>\n<meta name=\"twitter:card\" content=\"summary_large_image\" \/>\n<meta name=\"twitter:label1\" content=\"Est. reading time\" \/>\n\t<meta name=\"twitter:data1\" content=\"2 minutes\" \/>\n<script type=\"application\/ld+json\" class=\"yoast-schema-graph\">{\"@context\":\"https:\/\/schema.org\",\"@graph\":[{\"@type\":\"WebPage\",\"@id\":\"https:\/\/luvatjavalvonta.fi\/sv\/inforande\/statens-ambetsverk-och-inrattningar\/\",\"url\":\"https:\/\/luvatjavalvonta.fi\/sv\/inforande\/statens-ambetsverk-och-inrattningar\/\",\"name\":\"Statens \u00e4mbetsverk och inr\u00e4ttningar - Luvat ja valvonta\",\"isPartOf\":{\"@id\":\"http:\/\/ec2-54-75-134-196.eu-west-1.compute.amazonaws.com\/sv\/#website\"},\"datePublished\":\"2025-04-25T10:19:24+00:00\",\"dateModified\":\"2025-12-30T11:10:26+00:00\",\"breadcrumb\":{\"@id\":\"https:\/\/luvatjavalvonta.fi\/sv\/inforande\/statens-ambetsverk-och-inrattningar\/#breadcrumb\"},\"inLanguage\":\"sv-SE\",\"potentialAction\":[{\"@type\":\"ReadAction\",\"target\":[\"https:\/\/luvatjavalvonta.fi\/sv\/inforande\/statens-ambetsverk-och-inrattningar\/\"]}]},{\"@type\":\"BreadcrumbList\",\"@id\":\"https:\/\/luvatjavalvonta.fi\/sv\/inforande\/statens-ambetsverk-och-inrattningar\/#breadcrumb\",\"itemListElement\":[{\"@type\":\"ListItem\",\"position\":1,\"name\":\"Home\",\"item\":\"http:\/\/ec2-54-75-134-196.eu-west-1.compute.amazonaws.com\/sv\/\"},{\"@type\":\"ListItem\",\"position\":2,\"name\":\"Inf\u00f6rande och underh\u00e5ll av tj\u00e4nsten\",\"item\":\"https:\/\/www.luvatjavalvonta.fi\/sv\/inforande\/\"},{\"@type\":\"ListItem\",\"position\":3,\"name\":\"Statens \u00e4mbetsverk och inr\u00e4ttningar\"}]},{\"@type\":\"WebSite\",\"@id\":\"http:\/\/ec2-54-75-134-196.eu-west-1.compute.amazonaws.com\/sv\/#website\",\"url\":\"http:\/\/ec2-54-75-134-196.eu-west-1.compute.amazonaws.com\/sv\/\",\"name\":\"Luvat ja valvonta\",\"description\":\"\",\"potentialAction\":[{\"@type\":\"SearchAction\",\"target\":{\"@type\":\"EntryPoint\",\"urlTemplate\":\"http:\/\/ec2-54-75-134-196.eu-west-1.compute.amazonaws.com\/sv\/?s={search_term_string}\"},\"query-input\":{\"@type\":\"PropertyValueSpecification\",\"valueRequired\":true,\"valueName\":\"search_term_string\"}}],\"inLanguage\":\"sv-SE\"}]}<\/script>\n<!-- \/ Yoast SEO plugin. -->","yoast_head_json":{"title":"Statens \u00e4mbetsverk och inr\u00e4ttningar - Luvat ja valvonta","robots":{"index":"index","follow":"follow","max-snippet":"max-snippet:-1","max-image-preview":"max-image-preview:large","max-video-preview":"max-video-preview:-1"},"canonical":"https:\/\/luvatjavalvonta.fi\/sv\/inforande\/statens-ambetsverk-och-inrattningar\/","og_locale":"sv_SE","og_type":"article","og_title":"Statens \u00e4mbetsverk och inr\u00e4ttningar - Luvat ja valvonta","og_description":"Anslutning i samband med definitionerna N\u00e4r det g\u00e4ller statens \u00e4mbetsverk och inr\u00e4ttningar avtalar man om anslutning till tj\u00e4nsten Tillst\u00e5nd- och tillsyn med myndigheten i samband med definitionen av de tj\u00e4nster som ansluts. Vid definitionen v\u00e4ljs ett l\u00e4mpligt anslutningss\u00e4tt f\u00f6r varje tj\u00e4nst och ett tidsschema uppr\u00e4ttas f\u00f6r f\u00f6rberedelserna och sj\u00e4lva inf\u00f6randet. Anv\u00e4ndning av tj\u00e4nsten Alla myndigheter [&hellip;]","og_url":"https:\/\/luvatjavalvonta.fi\/sv\/inforande\/statens-ambetsverk-och-inrattningar\/","og_site_name":"Luvat ja valvonta","article_modified_time":"2025-12-30T11:10:26+00:00","twitter_card":"summary_large_image","twitter_misc":{"Est. reading time":"2 minutes"},"schema":{"@context":"https:\/\/schema.org","@graph":[{"@type":"WebPage","@id":"https:\/\/luvatjavalvonta.fi\/sv\/inforande\/statens-ambetsverk-och-inrattningar\/","url":"https:\/\/luvatjavalvonta.fi\/sv\/inforande\/statens-ambetsverk-och-inrattningar\/","name":"Statens \u00e4mbetsverk och inr\u00e4ttningar - Luvat ja valvonta","isPartOf":{"@id":"http:\/\/ec2-54-75-134-196.eu-west-1.compute.amazonaws.com\/sv\/#website"},"datePublished":"2025-04-25T10:19:24+00:00","dateModified":"2025-12-30T11:10:26+00:00","breadcrumb":{"@id":"https:\/\/luvatjavalvonta.fi\/sv\/inforande\/statens-ambetsverk-och-inrattningar\/#breadcrumb"},"inLanguage":"sv-SE","potentialAction":[{"@type":"ReadAction","target":["https:\/\/luvatjavalvonta.fi\/sv\/inforande\/statens-ambetsverk-och-inrattningar\/"]}]},{"@type":"BreadcrumbList","@id":"https:\/\/luvatjavalvonta.fi\/sv\/inforande\/statens-ambetsverk-och-inrattningar\/#breadcrumb","itemListElement":[{"@type":"ListItem","position":1,"name":"Home","item":"http:\/\/ec2-54-75-134-196.eu-west-1.compute.amazonaws.com\/sv\/"},{"@type":"ListItem","position":2,"name":"Inf\u00f6rande och underh\u00e5ll av tj\u00e4nsten","item":"https:\/\/www.luvatjavalvonta.fi\/sv\/inforande\/"},{"@type":"ListItem","position":3,"name":"Statens \u00e4mbetsverk och inr\u00e4ttningar"}]},{"@type":"WebSite","@id":"http:\/\/ec2-54-75-134-196.eu-west-1.compute.amazonaws.com\/sv\/#website","url":"http:\/\/ec2-54-75-134-196.eu-west-1.compute.amazonaws.com\/sv\/","name":"Luvat ja valvonta","description":"","potentialAction":[{"@type":"SearchAction","target":{"@type":"EntryPoint","urlTemplate":"http:\/\/ec2-54-75-134-196.eu-west-1.compute.amazonaws.com\/sv\/?s={search_term_string}"},"query-input":{"@type":"PropertyValueSpecification","valueRequired":true,"valueName":"search_term_string"}}],"inLanguage":"sv-SE"}]}},"_links":{"self":[{"href":"https:\/\/luvatjavalvonta.fi\/sv\/wp-json\/wp\/v2\/pages\/6865","targetHints":{"allow":["GET"]}}],"collection":[{"href":"https:\/\/luvatjavalvonta.fi\/sv\/wp-json\/wp\/v2\/pages"}],"about":[{"href":"https:\/\/luvatjavalvonta.fi\/sv\/wp-json\/wp\/v2\/types\/page"}],"author":[{"embeddable":true,"href":"https:\/\/luvatjavalvonta.fi\/sv\/wp-json\/wp\/v2\/users\/14"}],"replies":[{"embeddable":true,"href":"https:\/\/luvatjavalvonta.fi\/sv\/wp-json\/wp\/v2\/comments?post=6865"}],"version-history":[{"count":3,"href":"https:\/\/luvatjavalvonta.fi\/sv\/wp-json\/wp\/v2\/pages\/6865\/revisions"}],"predecessor-version":[{"id":8314,"href":"https:\/\/luvatjavalvonta.fi\/sv\/wp-json\/wp\/v2\/pages\/6865\/revisions\/8314"}],"up":[{"embeddable":true,"href":"https:\/\/luvatjavalvonta.fi\/sv\/wp-json\/wp\/v2\/pages\/4891"}],"wp:attachment":[{"href":"https:\/\/luvatjavalvonta.fi\/sv\/wp-json\/wp\/v2\/media?parent=6865"}],"curies":[{"name":"wp","href":"https:\/\/api.w.org\/{rel}","templated":true}]}}