{"id":6918,"date":"2025-04-25T13:39:10","date_gmt":"2025-04-25T10:39:10","guid":{"rendered":"https:\/\/luvatjavalvonta.fi\/?page_id=6918"},"modified":"2025-10-20T12:46:51","modified_gmt":"2025-10-20T09:46:51","slug":"suomi-fi-identifikation","status":"publish","type":"page","link":"https:\/\/luvatjavalvonta.fi\/sv\/inforande\/kommunen\/genomfor\/suomi-fi-identifikation\/","title":{"rendered":"Suomi.fi-identifikation"},"content":{"rendered":"\n<hr class=\"wp-block-separator has-alpha-channel-opacity\"\/>\n\n\n\n<p>Myndighetsanv\u00e4ndningen av tj\u00e4nsten Tillst\u00e5nd och tillsyn f\u00f6ruts\u00e4tter alltid att tj\u00e4nstem\u00e4nnen identifierar sig i tj\u00e4nsten. Som identifieringstj\u00e4nst anv\u00e4nds den gemensamma tj\u00e4nsten\u00a0<a href=\"https:\/\/www.suomi.fi\/anvisningar-och-stod\/identifikation\" target=\"_blank\" rel=\"noopener\">Suomi.fi-identifikation<\/a>. F\u00f6r att identifiera sig i tj\u00e4nsten ska personen ha n\u00e5got av f\u00f6ljande verktyg som st\u00f6ds av Suomi.fi-identifikation:<\/p>\n<ul>\n<li>Aktivkort som beviljats av Myndigheten f\u00f6r digitalisering och befolkningsdata (<a href=\"https:\/\/www.suomi.fi\/anvisningar-och-stod\/identifikation\/sa-har-identifierar-du-dig-i-e-tjansten\/finlandska-identifieringsverktyg\/organisations-eller-certifikatkort-pa-arbetsplatsen\" target=\"_blank\" rel=\"noopener\">anskaffat av organisationen<\/a>)<\/li>\n<li>bankkoder (personliga)<\/li>\n<li>mobilcertifikat (personligt)<\/li>\n<li>identitetskort som utf\u00e4rdats av polisen (personligt)<\/li>\n<\/ul>\n<p>S\u00e4kerst\u00e4ll innan tj\u00e4nsten Tillst\u00e5nd och tillsyn anv\u00e4nds f\u00f6r produktion av tj\u00e4nster att de personer som anv\u00e4nder tj\u00e4nsten<\/p>\n<ul>\n<li>har n\u00e5got av ovan n\u00e4mnda verktyg f\u00f6r identifiering och<\/li>\n<li>man i organisationen har avtalat om anv\u00e4ndningen av personliga identifieringsverktyg (om s\u00e5dana anv\u00e4nds).<\/li>\n<\/ul>\n","protected":false},"excerpt":{"rendered":"<p>Myndighetsanv\u00e4ndningen av tj\u00e4nsten Tillst\u00e5nd och tillsyn f\u00f6ruts\u00e4tter alltid att tj\u00e4nstem\u00e4nnen identifierar sig i tj\u00e4nsten. Som identifieringstj\u00e4nst anv\u00e4nds den gemensamma tj\u00e4nsten\u00a0Suomi.fi-identifikation. F\u00f6r att identifiera sig i tj\u00e4nsten ska personen ha n\u00e5got av f\u00f6ljande verktyg som st\u00f6ds av Suomi.fi-identifikation: Aktivkort som beviljats av Myndigheten f\u00f6r digitalisering och befolkningsdata (anskaffat av organisationen) bankkoder (personliga) mobilcertifikat (personligt) identitetskort som [&hellip;]<\/p>\n","protected":false},"author":14,"featured_media":0,"parent":7867,"menu_order":24,"comment_status":"closed","ping_status":"closed","template":"","meta":{"_acf_changed":false,"inline_featured_image":false,"footnotes":""},"class_list":["post-6918","page","type-page","status-publish","hentry"],"acf":{"ai_extra_content":"","ai_instructions":"","ai_hidden_page":false},"yoast_head":"<!-- This site is optimized with the Yoast SEO plugin v25.9 - https:\/\/yoast.com\/wordpress\/plugins\/seo\/ -->\n<title>Suomi.fi-identifikation - Luvat ja valvonta<\/title>\n<meta name=\"robots\" content=\"index, follow, max-snippet:-1, max-image-preview:large, max-video-preview:-1\" \/>\n<link rel=\"canonical\" href=\"https:\/\/luvatjavalvonta.fi\/sv\/inforande\/kommunen\/genomfor\/suomi-fi-identifikation\/\" \/>\n<meta property=\"og:locale\" content=\"sv_SE\" \/>\n<meta property=\"og:type\" content=\"article\" \/>\n<meta property=\"og:title\" content=\"Suomi.fi-identifikation - Luvat ja valvonta\" \/>\n<meta property=\"og:description\" content=\"Myndighetsanv\u00e4ndningen av tj\u00e4nsten Tillst\u00e5nd och tillsyn f\u00f6ruts\u00e4tter alltid att tj\u00e4nstem\u00e4nnen identifierar sig i tj\u00e4nsten. Som identifieringstj\u00e4nst anv\u00e4nds den gemensamma tj\u00e4nsten\u00a0Suomi.fi-identifikation. F\u00f6r att identifiera sig i tj\u00e4nsten ska personen ha n\u00e5got av f\u00f6ljande verktyg som st\u00f6ds av Suomi.fi-identifikation: Aktivkort som beviljats av Myndigheten f\u00f6r digitalisering och befolkningsdata (anskaffat av organisationen) bankkoder (personliga) mobilcertifikat (personligt) identitetskort som [&hellip;]\" \/>\n<meta property=\"og:url\" content=\"https:\/\/luvatjavalvonta.fi\/sv\/inforande\/kommunen\/genomfor\/suomi-fi-identifikation\/\" \/>\n<meta property=\"og:site_name\" content=\"Luvat ja valvonta\" \/>\n<meta property=\"article:modified_time\" content=\"2025-10-20T09:46:51+00:00\" \/>\n<meta name=\"twitter:card\" content=\"summary_large_image\" \/>\n<meta name=\"twitter:label1\" content=\"Est. reading time\" \/>\n\t<meta name=\"twitter:data1\" content=\"1 minute\" \/>\n<script type=\"application\/ld+json\" class=\"yoast-schema-graph\">{\"@context\":\"https:\/\/schema.org\",\"@graph\":[{\"@type\":\"WebPage\",\"@id\":\"https:\/\/luvatjavalvonta.fi\/sv\/inforande\/kommunen\/genomfor\/suomi-fi-identifikation\/\",\"url\":\"https:\/\/luvatjavalvonta.fi\/sv\/inforande\/kommunen\/genomfor\/suomi-fi-identifikation\/\",\"name\":\"Suomi.fi-identifikation - Luvat ja valvonta\",\"isPartOf\":{\"@id\":\"http:\/\/ec2-54-75-134-196.eu-west-1.compute.amazonaws.com\/sv\/#website\"},\"datePublished\":\"2025-04-25T10:39:10+00:00\",\"dateModified\":\"2025-10-20T09:46:51+00:00\",\"breadcrumb\":{\"@id\":\"https:\/\/luvatjavalvonta.fi\/sv\/inforande\/kommunen\/genomfor\/suomi-fi-identifikation\/#breadcrumb\"},\"inLanguage\":\"sv-SE\",\"potentialAction\":[{\"@type\":\"ReadAction\",\"target\":[\"https:\/\/luvatjavalvonta.fi\/sv\/inforande\/kommunen\/genomfor\/suomi-fi-identifikation\/\"]}]},{\"@type\":\"BreadcrumbList\",\"@id\":\"https:\/\/luvatjavalvonta.fi\/sv\/inforande\/kommunen\/genomfor\/suomi-fi-identifikation\/#breadcrumb\",\"itemListElement\":[{\"@type\":\"ListItem\",\"position\":1,\"name\":\"Home\",\"item\":\"http:\/\/ec2-54-75-134-196.eu-west-1.compute.amazonaws.com\/sv\/\"},{\"@type\":\"ListItem\",\"position\":2,\"name\":\"Inf\u00f6rande och underh\u00e5ll av tj\u00e4nsten\",\"item\":\"https:\/\/www.luvatjavalvonta.fi\/sv\/inforande\/\"},{\"@type\":\"ListItem\",\"position\":3,\"name\":\"Kommunen\",\"item\":\"https:\/\/luvatjavalvonta.fi\/sv\/inforande\/kommunen\/\"},{\"@type\":\"ListItem\",\"position\":4,\"name\":\"Genomf\u00f6r\",\"item\":\"https:\/\/luvatjavalvonta.fi\/sv\/inforande\/kommunen\/genomfor\/\"},{\"@type\":\"ListItem\",\"position\":5,\"name\":\"Suomi.fi-identifikation\"}]},{\"@type\":\"WebSite\",\"@id\":\"http:\/\/ec2-54-75-134-196.eu-west-1.compute.amazonaws.com\/sv\/#website\",\"url\":\"http:\/\/ec2-54-75-134-196.eu-west-1.compute.amazonaws.com\/sv\/\",\"name\":\"Luvat ja valvonta\",\"description\":\"\",\"potentialAction\":[{\"@type\":\"SearchAction\",\"target\":{\"@type\":\"EntryPoint\",\"urlTemplate\":\"http:\/\/ec2-54-75-134-196.eu-west-1.compute.amazonaws.com\/sv\/?s={search_term_string}\"},\"query-input\":{\"@type\":\"PropertyValueSpecification\",\"valueRequired\":true,\"valueName\":\"search_term_string\"}}],\"inLanguage\":\"sv-SE\"}]}<\/script>\n<!-- \/ Yoast SEO plugin. -->","yoast_head_json":{"title":"Suomi.fi-identifikation - Luvat ja valvonta","robots":{"index":"index","follow":"follow","max-snippet":"max-snippet:-1","max-image-preview":"max-image-preview:large","max-video-preview":"max-video-preview:-1"},"canonical":"https:\/\/luvatjavalvonta.fi\/sv\/inforande\/kommunen\/genomfor\/suomi-fi-identifikation\/","og_locale":"sv_SE","og_type":"article","og_title":"Suomi.fi-identifikation - Luvat ja valvonta","og_description":"Myndighetsanv\u00e4ndningen av tj\u00e4nsten Tillst\u00e5nd och tillsyn f\u00f6ruts\u00e4tter alltid att tj\u00e4nstem\u00e4nnen identifierar sig i tj\u00e4nsten. Som identifieringstj\u00e4nst anv\u00e4nds den gemensamma tj\u00e4nsten\u00a0Suomi.fi-identifikation. F\u00f6r att identifiera sig i tj\u00e4nsten ska personen ha n\u00e5got av f\u00f6ljande verktyg som st\u00f6ds av Suomi.fi-identifikation: Aktivkort som beviljats av Myndigheten f\u00f6r digitalisering och befolkningsdata (anskaffat av organisationen) bankkoder (personliga) mobilcertifikat (personligt) identitetskort som [&hellip;]","og_url":"https:\/\/luvatjavalvonta.fi\/sv\/inforande\/kommunen\/genomfor\/suomi-fi-identifikation\/","og_site_name":"Luvat ja valvonta","article_modified_time":"2025-10-20T09:46:51+00:00","twitter_card":"summary_large_image","twitter_misc":{"Est. reading time":"1 minute"},"schema":{"@context":"https:\/\/schema.org","@graph":[{"@type":"WebPage","@id":"https:\/\/luvatjavalvonta.fi\/sv\/inforande\/kommunen\/genomfor\/suomi-fi-identifikation\/","url":"https:\/\/luvatjavalvonta.fi\/sv\/inforande\/kommunen\/genomfor\/suomi-fi-identifikation\/","name":"Suomi.fi-identifikation - Luvat ja valvonta","isPartOf":{"@id":"http:\/\/ec2-54-75-134-196.eu-west-1.compute.amazonaws.com\/sv\/#website"},"datePublished":"2025-04-25T10:39:10+00:00","dateModified":"2025-10-20T09:46:51+00:00","breadcrumb":{"@id":"https:\/\/luvatjavalvonta.fi\/sv\/inforande\/kommunen\/genomfor\/suomi-fi-identifikation\/#breadcrumb"},"inLanguage":"sv-SE","potentialAction":[{"@type":"ReadAction","target":["https:\/\/luvatjavalvonta.fi\/sv\/inforande\/kommunen\/genomfor\/suomi-fi-identifikation\/"]}]},{"@type":"BreadcrumbList","@id":"https:\/\/luvatjavalvonta.fi\/sv\/inforande\/kommunen\/genomfor\/suomi-fi-identifikation\/#breadcrumb","itemListElement":[{"@type":"ListItem","position":1,"name":"Home","item":"http:\/\/ec2-54-75-134-196.eu-west-1.compute.amazonaws.com\/sv\/"},{"@type":"ListItem","position":2,"name":"Inf\u00f6rande och underh\u00e5ll av tj\u00e4nsten","item":"https:\/\/www.luvatjavalvonta.fi\/sv\/inforande\/"},{"@type":"ListItem","position":3,"name":"Kommunen","item":"https:\/\/luvatjavalvonta.fi\/sv\/inforande\/kommunen\/"},{"@type":"ListItem","position":4,"name":"Genomf\u00f6r","item":"https:\/\/luvatjavalvonta.fi\/sv\/inforande\/kommunen\/genomfor\/"},{"@type":"ListItem","position":5,"name":"Suomi.fi-identifikation"}]},{"@type":"WebSite","@id":"http:\/\/ec2-54-75-134-196.eu-west-1.compute.amazonaws.com\/sv\/#website","url":"http:\/\/ec2-54-75-134-196.eu-west-1.compute.amazonaws.com\/sv\/","name":"Luvat ja valvonta","description":"","potentialAction":[{"@type":"SearchAction","target":{"@type":"EntryPoint","urlTemplate":"http:\/\/ec2-54-75-134-196.eu-west-1.compute.amazonaws.com\/sv\/?s={search_term_string}"},"query-input":{"@type":"PropertyValueSpecification","valueRequired":true,"valueName":"search_term_string"}}],"inLanguage":"sv-SE"}]}},"_links":{"self":[{"href":"https:\/\/luvatjavalvonta.fi\/sv\/wp-json\/wp\/v2\/pages\/6918","targetHints":{"allow":["GET"]}}],"collection":[{"href":"https:\/\/luvatjavalvonta.fi\/sv\/wp-json\/wp\/v2\/pages"}],"about":[{"href":"https:\/\/luvatjavalvonta.fi\/sv\/wp-json\/wp\/v2\/types\/page"}],"author":[{"embeddable":true,"href":"https:\/\/luvatjavalvonta.fi\/sv\/wp-json\/wp\/v2\/users\/14"}],"replies":[{"embeddable":true,"href":"https:\/\/luvatjavalvonta.fi\/sv\/wp-json\/wp\/v2\/comments?post=6918"}],"version-history":[{"count":3,"href":"https:\/\/luvatjavalvonta.fi\/sv\/wp-json\/wp\/v2\/pages\/6918\/revisions"}],"predecessor-version":[{"id":8195,"href":"https:\/\/luvatjavalvonta.fi\/sv\/wp-json\/wp\/v2\/pages\/6918\/revisions\/8195"}],"up":[{"embeddable":true,"href":"https:\/\/luvatjavalvonta.fi\/sv\/wp-json\/wp\/v2\/pages\/7867"}],"wp:attachment":[{"href":"https:\/\/luvatjavalvonta.fi\/sv\/wp-json\/wp\/v2\/media?parent=6918"}],"curies":[{"name":"wp","href":"https:\/\/api.w.org\/{rel}","templated":true}]}}