{"id":6935,"date":"2025-04-25T13:41:23","date_gmt":"2025-04-25T10:41:23","guid":{"rendered":"https:\/\/luvatjavalvonta.fi\/?page_id=6935"},"modified":"2025-10-21T12:58:08","modified_gmt":"2025-10-21T09:58:08","slug":"begar-en-fullmakt-av-uf-centret","status":"publish","type":"page","link":"https:\/\/luvatjavalvonta.fi\/sv\/inforande\/kommunen\/genomfor\/suomi-fi-fullmakter\/begar-en-fullmakt-av-uf-centret\/","title":{"rendered":"Beg\u00e4r en fullmakt av UF-centret"},"content":{"rendered":"\n<hr class=\"wp-block-separator has-alpha-channel-opacity\"\/>\n\n\n\n<p>Fullmaktsstrukturen som anv\u00e4nds i tj\u00e4nsten Tillst\u00e5nd och tillsyn f\u00f6ruts\u00e4tter att myndigheten beg\u00e4r fullmakt av UF-centret att agera som myndighet i tj\u00e4nsten Tillst\u00e5nd och tillsyn. Beg\u00e4ran om fullmakt g\u00f6rs <strong>en g\u00e5ng<\/strong> via tj\u00e4nsten Suomi.fi-fullmakter och tr\u00e4der i kraft p\u00e5 organisationsniv\u00e5 omedelbart n\u00e4r UF-centret har godk\u00e4nt beg\u00e4ran.<\/p>\n<p>UF-centrets hela namn \u00e4r \u201dN\u00e4rings-, trafik- och milj\u00f6centralernas utvecklings- och f\u00f6rvaltningscenter\u201d (namnet \u00e4r p\u00e5 finska i Suomi.fi-fullmakter tj\u00e4nsten, \u201dElinkeino-, liikenne- ja ymp\u00e4rist\u00f6keskusten kehitt\u00e4mis- ja hallintokeskus\u201d).<\/p>\n<h2>Beg\u00e4ran om UF-fullmakt<\/h2>\n<p><img loading=\"lazy\" decoding=\"async\" class=\"aligncenter size-large wp-image-7877\" src=\"https:\/\/luvatjavalvonta.fi\/content\/uploads\/2025\/10\/Prosessi2_SV-1024x805.png\" alt=\"\" width=\"1024\" height=\"805\" srcset=\"https:\/\/luvatjavalvonta.fi\/content\/uploads\/2025\/10\/Prosessi2_SV-1024x805.png 1024w, https:\/\/luvatjavalvonta.fi\/content\/uploads\/2025\/10\/Prosessi2_SV-300x236.png 300w, https:\/\/luvatjavalvonta.fi\/content\/uploads\/2025\/10\/Prosessi2_SV-768x604.png 768w, https:\/\/luvatjavalvonta.fi\/content\/uploads\/2025\/10\/Prosessi2_SV-1536x1208.png 1536w, https:\/\/luvatjavalvonta.fi\/content\/uploads\/2025\/10\/Prosessi2_SV-254x200.png 254w, https:\/\/luvatjavalvonta.fi\/content\/uploads\/2025\/10\/Prosessi2_SV.png 1935w\" sizes=\"auto, (max-width: 1024px) 100vw, 1024px\" \/><\/p>\n<h3>1. Beg\u00e4r UF-fullmakt<\/h3>\n<ul>\n<li>Personen i fullmaktshanteringen g\u00f6r en beg\u00e4ran om fullmakt till UF-centret via tj\u00e4nsten Suomi.fi-fullmakter<\/li>\n<li>F\u00f6ruts\u00e4ttningen \u00e4r att personen ska ha beviljats fullmakter enligt fullmaktshanteringen (<a href=\"https:\/\/luvatjavalvonta.fi\/sv\/kayttoonotto\/kunta\/toteuta\/suomi-fi-fullmakter\/mahdollista\/\">se anvisning om elektroniskt befullm\u00e4ktigande<\/a>)<\/li>\n<\/ul>\n<h3>2. och 3. UF-centret behandlar beg\u00e4ran<\/h3>\n<ul>\n<li>Beg\u00e4ran om fullmakt via tj\u00e4nsten Suomi.fi-fullmakter till UF-centret<\/li>\n<li>UF-centret behandlar beg\u00e4ran eller g\u00f6r vid behov en beg\u00e4ran om komplettering till s\u00f6kanden<\/li>\n<\/ul>\n<h3>Fullmakt beviljad<\/h3>\n<ul>\n<li>N\u00e4r UF-centret har beviljat en organisation fullmakt att anv\u00e4nda tj\u00e4nsten Tillst\u00e5nd och tillsyn som myndighet, f\u00e5r s\u00f6kanden ett meddelande om detta och fullmakten g\u00e4ller omedelbart p\u00e5 organisationsniv\u00e5<\/li>\n<\/ul>\n<p>G\u00e5 till den stegvisa <a href=\"https:\/\/luvatjavalvonta.fi\/sv\/inforande\/instruktioner\/uf-fullmakt\/\" target=\"_blank\" rel=\"noopener\"><strong>anvisningen f\u00f6r att beg\u00e4ra \u00e4rendefullmakt av UF-centret<\/strong><\/a>. Alla n\u00f6dv\u00e4ndiga uppgifter presenteras i b\u00f6rjan av anvisningen.<\/p>\n<h2>UF-fullmaktens giltighet<\/h2>\n<p>Liksom f\u00f6r alla Suomi.fi-fullmakter fastst\u00e4lls UF-fullmaktens giltighetstid i samband med beg\u00e4ran om fullmakt. Giltighetstiden kan v\u00e4ljas i samband med ans\u00f6kan och det l\u00f6nar sig att v\u00e4lja den enligt s\u00f6kandens praxis, i allm\u00e4nhet f\u00f6r minst fem \u00e5r. N\u00e4r det blir aktuellt att f\u00f6rnya UF-fullmakten ska en ny beg\u00e4ran om fullmakt g\u00f6ras minst 5 arbetsdagar innan den g\u00e5r ut. P\u00e5 s\u00e5 s\u00e4tt s\u00e4kerst\u00e4ller man att anv\u00e4ndningen av tj\u00e4nsten Tillst\u00e5nd och tillsyn forts\u00e4tter utan avbrott. Observera att n\u00e4r UF-fullmakten upph\u00f6r att g\u00e4lla f\u00f6rhindras myndighetens anv\u00e4ndning av tj\u00e4nsten Tillst\u00e5nd och tillsyn.<\/p>\n","protected":false},"excerpt":{"rendered":"<p>Fullmaktsstrukturen som anv\u00e4nds i tj\u00e4nsten Tillst\u00e5nd och tillsyn f\u00f6ruts\u00e4tter att myndigheten beg\u00e4r fullmakt av UF-centret att agera som myndighet i tj\u00e4nsten Tillst\u00e5nd och tillsyn. Beg\u00e4ran om fullmakt g\u00f6rs en g\u00e5ng via tj\u00e4nsten Suomi.fi-fullmakter och tr\u00e4der i kraft p\u00e5 organisationsniv\u00e5 omedelbart n\u00e4r UF-centret har godk\u00e4nt beg\u00e4ran. UF-centrets hela namn \u00e4r \u201dN\u00e4rings-, trafik- och milj\u00f6centralernas utvecklings- och [&hellip;]<\/p>\n","protected":false},"author":14,"featured_media":0,"parent":6920,"menu_order":24,"comment_status":"closed","ping_status":"closed","template":"","meta":{"_acf_changed":false,"inline_featured_image":false,"footnotes":""},"class_list":["post-6935","page","type-page","status-publish","hentry"],"acf":{"ai_extra_content":"","ai_instructions":"","ai_hidden_page":false},"yoast_head":"<!-- This site is optimized with the Yoast SEO plugin v25.9 - https:\/\/yoast.com\/wordpress\/plugins\/seo\/ -->\n<title>Beg\u00e4r en fullmakt av UF-centret - Luvat ja valvonta<\/title>\n<meta name=\"robots\" content=\"index, follow, max-snippet:-1, max-image-preview:large, max-video-preview:-1\" \/>\n<link rel=\"canonical\" href=\"https:\/\/luvatjavalvonta.fi\/sv\/inforande\/kommunen\/genomfor\/suomi-fi-fullmakter\/begar-en-fullmakt-av-uf-centret\/\" \/>\n<meta property=\"og:locale\" content=\"sv_SE\" \/>\n<meta property=\"og:type\" content=\"article\" \/>\n<meta property=\"og:title\" content=\"Beg\u00e4r en fullmakt av UF-centret - Luvat ja valvonta\" \/>\n<meta property=\"og:description\" content=\"Fullmaktsstrukturen som anv\u00e4nds i tj\u00e4nsten Tillst\u00e5nd och tillsyn f\u00f6ruts\u00e4tter att myndigheten beg\u00e4r fullmakt av UF-centret att agera som myndighet i tj\u00e4nsten Tillst\u00e5nd och tillsyn. Beg\u00e4ran om fullmakt g\u00f6rs en g\u00e5ng via tj\u00e4nsten Suomi.fi-fullmakter och tr\u00e4der i kraft p\u00e5 organisationsniv\u00e5 omedelbart n\u00e4r UF-centret har godk\u00e4nt beg\u00e4ran. UF-centrets hela namn \u00e4r \u201dN\u00e4rings-, trafik- och milj\u00f6centralernas utvecklings- och [&hellip;]\" \/>\n<meta property=\"og:url\" content=\"https:\/\/luvatjavalvonta.fi\/sv\/inforande\/kommunen\/genomfor\/suomi-fi-fullmakter\/begar-en-fullmakt-av-uf-centret\/\" \/>\n<meta property=\"og:site_name\" content=\"Luvat ja valvonta\" \/>\n<meta property=\"article:modified_time\" content=\"2025-10-21T09:58:08+00:00\" \/>\n<meta property=\"og:image\" content=\"https:\/\/luvatjavalvonta.fi\/content\/uploads\/2025\/10\/Prosessi2_SV-1024x805.png\" \/>\n<meta name=\"twitter:card\" content=\"summary_large_image\" \/>\n<meta name=\"twitter:label1\" content=\"Est. reading time\" \/>\n\t<meta name=\"twitter:data1\" content=\"2 minutes\" \/>\n<script type=\"application\/ld+json\" class=\"yoast-schema-graph\">{\"@context\":\"https:\/\/schema.org\",\"@graph\":[{\"@type\":\"WebPage\",\"@id\":\"https:\/\/luvatjavalvonta.fi\/sv\/inforande\/kommunen\/genomfor\/suomi-fi-fullmakter\/begar-en-fullmakt-av-uf-centret\/\",\"url\":\"https:\/\/luvatjavalvonta.fi\/sv\/inforande\/kommunen\/genomfor\/suomi-fi-fullmakter\/begar-en-fullmakt-av-uf-centret\/\",\"name\":\"Beg\u00e4r en fullmakt av UF-centret - Luvat ja valvonta\",\"isPartOf\":{\"@id\":\"http:\/\/ec2-54-75-134-196.eu-west-1.compute.amazonaws.com\/sv\/#website\"},\"primaryImageOfPage\":{\"@id\":\"https:\/\/luvatjavalvonta.fi\/sv\/inforande\/kommunen\/genomfor\/suomi-fi-fullmakter\/begar-en-fullmakt-av-uf-centret\/#primaryimage\"},\"image\":{\"@id\":\"https:\/\/luvatjavalvonta.fi\/sv\/inforande\/kommunen\/genomfor\/suomi-fi-fullmakter\/begar-en-fullmakt-av-uf-centret\/#primaryimage\"},\"thumbnailUrl\":\"https:\/\/luvatjavalvonta.fi\/content\/uploads\/2025\/10\/Prosessi2_SV-1024x805.png\",\"datePublished\":\"2025-04-25T10:41:23+00:00\",\"dateModified\":\"2025-10-21T09:58:08+00:00\",\"breadcrumb\":{\"@id\":\"https:\/\/luvatjavalvonta.fi\/sv\/inforande\/kommunen\/genomfor\/suomi-fi-fullmakter\/begar-en-fullmakt-av-uf-centret\/#breadcrumb\"},\"inLanguage\":\"sv-SE\",\"potentialAction\":[{\"@type\":\"ReadAction\",\"target\":[\"https:\/\/luvatjavalvonta.fi\/sv\/inforande\/kommunen\/genomfor\/suomi-fi-fullmakter\/begar-en-fullmakt-av-uf-centret\/\"]}]},{\"@type\":\"ImageObject\",\"inLanguage\":\"sv-SE\",\"@id\":\"https:\/\/luvatjavalvonta.fi\/sv\/inforande\/kommunen\/genomfor\/suomi-fi-fullmakter\/begar-en-fullmakt-av-uf-centret\/#primaryimage\",\"url\":\"https:\/\/luvatjavalvonta.fi\/content\/uploads\/2025\/10\/Prosessi2_SV-1024x805.png\",\"contentUrl\":\"https:\/\/luvatjavalvonta.fi\/content\/uploads\/2025\/10\/Prosessi2_SV-1024x805.png\"},{\"@type\":\"BreadcrumbList\",\"@id\":\"https:\/\/luvatjavalvonta.fi\/sv\/inforande\/kommunen\/genomfor\/suomi-fi-fullmakter\/begar-en-fullmakt-av-uf-centret\/#breadcrumb\",\"itemListElement\":[{\"@type\":\"ListItem\",\"position\":1,\"name\":\"Home\",\"item\":\"http:\/\/ec2-54-75-134-196.eu-west-1.compute.amazonaws.com\/sv\/\"},{\"@type\":\"ListItem\",\"position\":2,\"name\":\"Inf\u00f6rande och underh\u00e5ll av tj\u00e4nsten\",\"item\":\"https:\/\/www.luvatjavalvonta.fi\/sv\/inforande\/\"},{\"@type\":\"ListItem\",\"position\":3,\"name\":\"Kommunen\",\"item\":\"https:\/\/luvatjavalvonta.fi\/sv\/inforande\/kommunen\/\"},{\"@type\":\"ListItem\",\"position\":4,\"name\":\"Genomf\u00f6r\",\"item\":\"https:\/\/luvatjavalvonta.fi\/sv\/inforande\/kommunen\/genomfor\/\"},{\"@type\":\"ListItem\",\"position\":5,\"name\":\"Suomi.fi -fullmakter\",\"item\":\"https:\/\/luvatjavalvonta.fi\/sv\/inforande\/kommunen\/genomfor\/suomi-fi-fullmakter\/\"},{\"@type\":\"ListItem\",\"position\":6,\"name\":\"Beg\u00e4r en fullmakt av UF-centret\"}]},{\"@type\":\"WebSite\",\"@id\":\"http:\/\/ec2-54-75-134-196.eu-west-1.compute.amazonaws.com\/sv\/#website\",\"url\":\"http:\/\/ec2-54-75-134-196.eu-west-1.compute.amazonaws.com\/sv\/\",\"name\":\"Luvat ja valvonta\",\"description\":\"\",\"potentialAction\":[{\"@type\":\"SearchAction\",\"target\":{\"@type\":\"EntryPoint\",\"urlTemplate\":\"http:\/\/ec2-54-75-134-196.eu-west-1.compute.amazonaws.com\/sv\/?s={search_term_string}\"},\"query-input\":{\"@type\":\"PropertyValueSpecification\",\"valueRequired\":true,\"valueName\":\"search_term_string\"}}],\"inLanguage\":\"sv-SE\"}]}<\/script>\n<!-- \/ Yoast SEO plugin. -->","yoast_head_json":{"title":"Beg\u00e4r en fullmakt av UF-centret - Luvat ja valvonta","robots":{"index":"index","follow":"follow","max-snippet":"max-snippet:-1","max-image-preview":"max-image-preview:large","max-video-preview":"max-video-preview:-1"},"canonical":"https:\/\/luvatjavalvonta.fi\/sv\/inforande\/kommunen\/genomfor\/suomi-fi-fullmakter\/begar-en-fullmakt-av-uf-centret\/","og_locale":"sv_SE","og_type":"article","og_title":"Beg\u00e4r en fullmakt av UF-centret - Luvat ja valvonta","og_description":"Fullmaktsstrukturen som anv\u00e4nds i tj\u00e4nsten Tillst\u00e5nd och tillsyn f\u00f6ruts\u00e4tter att myndigheten beg\u00e4r fullmakt av UF-centret att agera som myndighet i tj\u00e4nsten Tillst\u00e5nd och tillsyn. Beg\u00e4ran om fullmakt g\u00f6rs en g\u00e5ng via tj\u00e4nsten Suomi.fi-fullmakter och tr\u00e4der i kraft p\u00e5 organisationsniv\u00e5 omedelbart n\u00e4r UF-centret har godk\u00e4nt beg\u00e4ran. UF-centrets hela namn \u00e4r \u201dN\u00e4rings-, trafik- och milj\u00f6centralernas utvecklings- och [&hellip;]","og_url":"https:\/\/luvatjavalvonta.fi\/sv\/inforande\/kommunen\/genomfor\/suomi-fi-fullmakter\/begar-en-fullmakt-av-uf-centret\/","og_site_name":"Luvat ja valvonta","article_modified_time":"2025-10-21T09:58:08+00:00","og_image":[{"url":"https:\/\/luvatjavalvonta.fi\/content\/uploads\/2025\/10\/Prosessi2_SV-1024x805.png","type":"","width":"","height":""}],"twitter_card":"summary_large_image","twitter_misc":{"Est. reading time":"2 minutes"},"schema":{"@context":"https:\/\/schema.org","@graph":[{"@type":"WebPage","@id":"https:\/\/luvatjavalvonta.fi\/sv\/inforande\/kommunen\/genomfor\/suomi-fi-fullmakter\/begar-en-fullmakt-av-uf-centret\/","url":"https:\/\/luvatjavalvonta.fi\/sv\/inforande\/kommunen\/genomfor\/suomi-fi-fullmakter\/begar-en-fullmakt-av-uf-centret\/","name":"Beg\u00e4r en fullmakt av UF-centret - Luvat ja valvonta","isPartOf":{"@id":"http:\/\/ec2-54-75-134-196.eu-west-1.compute.amazonaws.com\/sv\/#website"},"primaryImageOfPage":{"@id":"https:\/\/luvatjavalvonta.fi\/sv\/inforande\/kommunen\/genomfor\/suomi-fi-fullmakter\/begar-en-fullmakt-av-uf-centret\/#primaryimage"},"image":{"@id":"https:\/\/luvatjavalvonta.fi\/sv\/inforande\/kommunen\/genomfor\/suomi-fi-fullmakter\/begar-en-fullmakt-av-uf-centret\/#primaryimage"},"thumbnailUrl":"https:\/\/luvatjavalvonta.fi\/content\/uploads\/2025\/10\/Prosessi2_SV-1024x805.png","datePublished":"2025-04-25T10:41:23+00:00","dateModified":"2025-10-21T09:58:08+00:00","breadcrumb":{"@id":"https:\/\/luvatjavalvonta.fi\/sv\/inforande\/kommunen\/genomfor\/suomi-fi-fullmakter\/begar-en-fullmakt-av-uf-centret\/#breadcrumb"},"inLanguage":"sv-SE","potentialAction":[{"@type":"ReadAction","target":["https:\/\/luvatjavalvonta.fi\/sv\/inforande\/kommunen\/genomfor\/suomi-fi-fullmakter\/begar-en-fullmakt-av-uf-centret\/"]}]},{"@type":"ImageObject","inLanguage":"sv-SE","@id":"https:\/\/luvatjavalvonta.fi\/sv\/inforande\/kommunen\/genomfor\/suomi-fi-fullmakter\/begar-en-fullmakt-av-uf-centret\/#primaryimage","url":"https:\/\/luvatjavalvonta.fi\/content\/uploads\/2025\/10\/Prosessi2_SV-1024x805.png","contentUrl":"https:\/\/luvatjavalvonta.fi\/content\/uploads\/2025\/10\/Prosessi2_SV-1024x805.png"},{"@type":"BreadcrumbList","@id":"https:\/\/luvatjavalvonta.fi\/sv\/inforande\/kommunen\/genomfor\/suomi-fi-fullmakter\/begar-en-fullmakt-av-uf-centret\/#breadcrumb","itemListElement":[{"@type":"ListItem","position":1,"name":"Home","item":"http:\/\/ec2-54-75-134-196.eu-west-1.compute.amazonaws.com\/sv\/"},{"@type":"ListItem","position":2,"name":"Inf\u00f6rande och underh\u00e5ll av tj\u00e4nsten","item":"https:\/\/www.luvatjavalvonta.fi\/sv\/inforande\/"},{"@type":"ListItem","position":3,"name":"Kommunen","item":"https:\/\/luvatjavalvonta.fi\/sv\/inforande\/kommunen\/"},{"@type":"ListItem","position":4,"name":"Genomf\u00f6r","item":"https:\/\/luvatjavalvonta.fi\/sv\/inforande\/kommunen\/genomfor\/"},{"@type":"ListItem","position":5,"name":"Suomi.fi -fullmakter","item":"https:\/\/luvatjavalvonta.fi\/sv\/inforande\/kommunen\/genomfor\/suomi-fi-fullmakter\/"},{"@type":"ListItem","position":6,"name":"Beg\u00e4r en fullmakt av UF-centret"}]},{"@type":"WebSite","@id":"http:\/\/ec2-54-75-134-196.eu-west-1.compute.amazonaws.com\/sv\/#website","url":"http:\/\/ec2-54-75-134-196.eu-west-1.compute.amazonaws.com\/sv\/","name":"Luvat ja valvonta","description":"","potentialAction":[{"@type":"SearchAction","target":{"@type":"EntryPoint","urlTemplate":"http:\/\/ec2-54-75-134-196.eu-west-1.compute.amazonaws.com\/sv\/?s={search_term_string}"},"query-input":{"@type":"PropertyValueSpecification","valueRequired":true,"valueName":"search_term_string"}}],"inLanguage":"sv-SE"}]}},"_links":{"self":[{"href":"https:\/\/luvatjavalvonta.fi\/sv\/wp-json\/wp\/v2\/pages\/6935","targetHints":{"allow":["GET"]}}],"collection":[{"href":"https:\/\/luvatjavalvonta.fi\/sv\/wp-json\/wp\/v2\/pages"}],"about":[{"href":"https:\/\/luvatjavalvonta.fi\/sv\/wp-json\/wp\/v2\/types\/page"}],"author":[{"embeddable":true,"href":"https:\/\/luvatjavalvonta.fi\/sv\/wp-json\/wp\/v2\/users\/14"}],"replies":[{"embeddable":true,"href":"https:\/\/luvatjavalvonta.fi\/sv\/wp-json\/wp\/v2\/comments?post=6935"}],"version-history":[{"count":7,"href":"https:\/\/luvatjavalvonta.fi\/sv\/wp-json\/wp\/v2\/pages\/6935\/revisions"}],"predecessor-version":[{"id":8251,"href":"https:\/\/luvatjavalvonta.fi\/sv\/wp-json\/wp\/v2\/pages\/6935\/revisions\/8251"}],"up":[{"embeddable":true,"href":"https:\/\/luvatjavalvonta.fi\/sv\/wp-json\/wp\/v2\/pages\/6920"}],"wp:attachment":[{"href":"https:\/\/luvatjavalvonta.fi\/sv\/wp-json\/wp\/v2\/media?parent=6935"}],"curies":[{"name":"wp","href":"https:\/\/api.w.org\/{rel}","templated":true}]}}