{"id":7690,"date":"2025-05-26T13:25:21","date_gmt":"2025-05-26T10:25:21","guid":{"rendered":"https:\/\/luvatjavalvonta.fi\/?page_id=7690"},"modified":"2025-12-30T12:40:50","modified_gmt":"2025-12-30T10:40:50","slug":"raddningsverken","status":"publish","type":"page","link":"https:\/\/luvatjavalvonta.fi\/sv\/inforande\/raddningsverken\/","title":{"rendered":"R\u00e4ddningsverken (v\u00e4lf\u00e4rdsomr\u00e5dena)"},"content":{"rendered":"\n<hr class=\"wp-block-separator has-alpha-channel-opacity\"\/>\n\n\n\n<figure class=\"wp-block-image size-large\"><img loading=\"lazy\" decoding=\"async\" width=\"1024\" height=\"412\" src=\"https:\/\/luvatjavalvonta.fi\/content\/uploads\/2025\/10\/Vaiheet_sv1-2-1024x412.png\" alt=\"\" class=\"wp-image-7857\" srcset=\"https:\/\/luvatjavalvonta.fi\/content\/uploads\/2025\/10\/Vaiheet_sv1-2-1024x412.png 1024w, https:\/\/luvatjavalvonta.fi\/content\/uploads\/2025\/10\/Vaiheet_sv1-2-300x121.png 300w, https:\/\/luvatjavalvonta.fi\/content\/uploads\/2025\/10\/Vaiheet_sv1-2-768x309.png 768w, https:\/\/luvatjavalvonta.fi\/content\/uploads\/2025\/10\/Vaiheet_sv1-2-1536x619.png 1536w, https:\/\/luvatjavalvonta.fi\/content\/uploads\/2025\/10\/Vaiheet_sv1-2-2048x825.png 2048w\" sizes=\"auto, (max-width: 1024px) 100vw, 1024px\" \/><\/figure>\n\n\n\n<p>R\u00e4ddningsverkens tj\u00e4nst Tillst\u00e5nd och tillsyn tas smidigt i bruk i tre skeden. Anvisningarna f\u00f6r skedena kan till\u00e4mpas i olika organisationer och servicesituationer. F\u00f6r att anvisningarna ska fungera f\u00f6ruts\u00e4tts att skedena genomf\u00f6rs i ordningsf\u00f6ljd.<\/p>\n<h2>Utred och planera<\/h2>\n<p>I utrednings- och planeringsskedet kartl\u00e4ggs vilka \u00e4renden och funktioner organisationen tar i bruk i tj\u00e4nsten Tillst\u00e5nd och tillsyn och vad inf\u00f6randet och det kommande uppr\u00e4tth\u00e5llandet av tj\u00e4nsten kr\u00e4ver av organisationen. Anvisningar f\u00f6r utrednings- och planeringsskedet finns i navigeringsbalken till v\u00e4nster p\u00e5 sidan.\u00a0<\/p>\n<h2>Genomf\u00f6r<\/h2>\n<p>Anvisningarna f\u00f6r genomf\u00f6randeskedet behandlar de olika genomf\u00f6randearbetena f\u00f6r ibruktagandet, till vilka de kommande underh\u00e5llsuppgifterna h\u00f6r. Anvisningar f\u00f6r genomf\u00f6randeskedet finns i navigeringsbalken till v\u00e4nster p\u00e5 sidan.\u00a0\u00a0<\/p>\n<h2>Inf\u00f6r!<\/h2>\n<p>I Inf\u00f6randeskedet publiceras organisationens och tj\u00e4nsten Tillst\u00e5nd och tillsyns gemensamma serviceprocess f\u00f6r kunden och produktionsanv\u00e4ndningen inleds. Anvisningar f\u00f6r inf\u00f6randeskedet finns i navigeringsbalken till v\u00e4nster p\u00e5 sidan.<\/p>\n","protected":false},"excerpt":{"rendered":"<p>R\u00e4ddningsverkens tj\u00e4nst Tillst\u00e5nd och tillsyn tas smidigt i bruk i tre skeden. Anvisningarna f\u00f6r skedena kan till\u00e4mpas i olika organisationer och servicesituationer. F\u00f6r att anvisningarna ska fungera f\u00f6ruts\u00e4tts att skedena genomf\u00f6rs i ordningsf\u00f6ljd. Utred och planera I utrednings- och planeringsskedet kartl\u00e4ggs vilka \u00e4renden och funktioner organisationen tar i bruk i tj\u00e4nsten Tillst\u00e5nd och tillsyn och [&hellip;]<\/p>\n","protected":false},"author":14,"featured_media":0,"parent":4891,"menu_order":24,"comment_status":"closed","ping_status":"closed","template":"","meta":{"_acf_changed":false,"inline_featured_image":false,"footnotes":""},"class_list":["post-7690","page","type-page","status-publish","hentry"],"acf":{"ai_extra_content":"","ai_instructions":"","ai_hidden_page":false},"yoast_head":"<!-- This site is optimized with the Yoast SEO plugin v25.9 - https:\/\/yoast.com\/wordpress\/plugins\/seo\/ -->\n<title>R\u00e4ddningsverken (v\u00e4lf\u00e4rdsomr\u00e5dena) - Luvat ja valvonta<\/title>\n<meta name=\"robots\" content=\"index, follow, max-snippet:-1, max-image-preview:large, max-video-preview:-1\" \/>\n<link rel=\"canonical\" href=\"https:\/\/www.luvatjavalvonta.fi\/sv\/inforande\/raddningsverken\/\" \/>\n<meta property=\"og:locale\" content=\"sv_SE\" \/>\n<meta property=\"og:type\" content=\"article\" \/>\n<meta property=\"og:title\" content=\"R\u00e4ddningsverken (v\u00e4lf\u00e4rdsomr\u00e5dena) - Luvat ja valvonta\" \/>\n<meta property=\"og:description\" content=\"R\u00e4ddningsverkens tj\u00e4nst Tillst\u00e5nd och tillsyn tas smidigt i bruk i tre skeden. Anvisningarna f\u00f6r skedena kan till\u00e4mpas i olika organisationer och servicesituationer. F\u00f6r att anvisningarna ska fungera f\u00f6ruts\u00e4tts att skedena genomf\u00f6rs i ordningsf\u00f6ljd. Utred och planera I utrednings- och planeringsskedet kartl\u00e4ggs vilka \u00e4renden och funktioner organisationen tar i bruk i tj\u00e4nsten Tillst\u00e5nd och tillsyn och [&hellip;]\" \/>\n<meta property=\"og:url\" content=\"https:\/\/www.luvatjavalvonta.fi\/sv\/inforande\/raddningsverken\/\" \/>\n<meta property=\"og:site_name\" content=\"Luvat ja valvonta\" \/>\n<meta property=\"article:modified_time\" content=\"2025-12-30T10:40:50+00:00\" \/>\n<meta property=\"og:image\" content=\"https:\/\/luvatjavalvonta.fi\/content\/uploads\/2025\/10\/Vaiheet_sv1-2-1024x412.png\" \/>\n<meta name=\"twitter:card\" content=\"summary_large_image\" \/>\n<meta name=\"twitter:label1\" content=\"Est. reading time\" \/>\n\t<meta name=\"twitter:data1\" content=\"2 minutes\" \/>\n<script type=\"application\/ld+json\" class=\"yoast-schema-graph\">{\"@context\":\"https:\/\/schema.org\",\"@graph\":[{\"@type\":\"WebPage\",\"@id\":\"https:\/\/www.luvatjavalvonta.fi\/sv\/inforande\/raddningsverken\/\",\"url\":\"https:\/\/www.luvatjavalvonta.fi\/sv\/inforande\/raddningsverken\/\",\"name\":\"R\u00e4ddningsverken (v\u00e4lf\u00e4rdsomr\u00e5dena) - Luvat ja valvonta\",\"isPartOf\":{\"@id\":\"http:\/\/ec2-54-75-134-196.eu-west-1.compute.amazonaws.com\/sv\/#website\"},\"primaryImageOfPage\":{\"@id\":\"https:\/\/www.luvatjavalvonta.fi\/sv\/inforande\/raddningsverken\/#primaryimage\"},\"image\":{\"@id\":\"https:\/\/www.luvatjavalvonta.fi\/sv\/inforande\/raddningsverken\/#primaryimage\"},\"thumbnailUrl\":\"https:\/\/luvatjavalvonta.fi\/content\/uploads\/2025\/10\/Vaiheet_sv1-2-1024x412.png\",\"datePublished\":\"2025-05-26T10:25:21+00:00\",\"dateModified\":\"2025-12-30T10:40:50+00:00\",\"breadcrumb\":{\"@id\":\"https:\/\/www.luvatjavalvonta.fi\/sv\/inforande\/raddningsverken\/#breadcrumb\"},\"inLanguage\":\"sv-SE\",\"potentialAction\":[{\"@type\":\"ReadAction\",\"target\":[\"https:\/\/www.luvatjavalvonta.fi\/sv\/inforande\/raddningsverken\/\"]}]},{\"@type\":\"ImageObject\",\"inLanguage\":\"sv-SE\",\"@id\":\"https:\/\/www.luvatjavalvonta.fi\/sv\/inforande\/raddningsverken\/#primaryimage\",\"url\":\"https:\/\/luvatjavalvonta.fi\/content\/uploads\/2025\/10\/Vaiheet_sv1-2-1024x412.png\",\"contentUrl\":\"https:\/\/luvatjavalvonta.fi\/content\/uploads\/2025\/10\/Vaiheet_sv1-2-1024x412.png\"},{\"@type\":\"BreadcrumbList\",\"@id\":\"https:\/\/www.luvatjavalvonta.fi\/sv\/inforande\/raddningsverken\/#breadcrumb\",\"itemListElement\":[{\"@type\":\"ListItem\",\"position\":1,\"name\":\"Home\",\"item\":\"http:\/\/ec2-54-75-134-196.eu-west-1.compute.amazonaws.com\/sv\/\"},{\"@type\":\"ListItem\",\"position\":2,\"name\":\"Inf\u00f6rande och underh\u00e5ll av tj\u00e4nsten\",\"item\":\"https:\/\/www.luvatjavalvonta.fi\/sv\/inforande\/\"},{\"@type\":\"ListItem\",\"position\":3,\"name\":\"R\u00e4ddningsverken (v\u00e4lf\u00e4rdsomr\u00e5dena)\"}]},{\"@type\":\"WebSite\",\"@id\":\"http:\/\/ec2-54-75-134-196.eu-west-1.compute.amazonaws.com\/sv\/#website\",\"url\":\"http:\/\/ec2-54-75-134-196.eu-west-1.compute.amazonaws.com\/sv\/\",\"name\":\"Luvat ja valvonta\",\"description\":\"\",\"potentialAction\":[{\"@type\":\"SearchAction\",\"target\":{\"@type\":\"EntryPoint\",\"urlTemplate\":\"http:\/\/ec2-54-75-134-196.eu-west-1.compute.amazonaws.com\/sv\/?s={search_term_string}\"},\"query-input\":{\"@type\":\"PropertyValueSpecification\",\"valueRequired\":true,\"valueName\":\"search_term_string\"}}],\"inLanguage\":\"sv-SE\"}]}<\/script>\n<!-- \/ Yoast SEO plugin. -->","yoast_head_json":{"title":"R\u00e4ddningsverken (v\u00e4lf\u00e4rdsomr\u00e5dena) - Luvat ja valvonta","robots":{"index":"index","follow":"follow","max-snippet":"max-snippet:-1","max-image-preview":"max-image-preview:large","max-video-preview":"max-video-preview:-1"},"canonical":"https:\/\/www.luvatjavalvonta.fi\/sv\/inforande\/raddningsverken\/","og_locale":"sv_SE","og_type":"article","og_title":"R\u00e4ddningsverken (v\u00e4lf\u00e4rdsomr\u00e5dena) - Luvat ja valvonta","og_description":"R\u00e4ddningsverkens tj\u00e4nst Tillst\u00e5nd och tillsyn tas smidigt i bruk i tre skeden. Anvisningarna f\u00f6r skedena kan till\u00e4mpas i olika organisationer och servicesituationer. F\u00f6r att anvisningarna ska fungera f\u00f6ruts\u00e4tts att skedena genomf\u00f6rs i ordningsf\u00f6ljd. Utred och planera I utrednings- och planeringsskedet kartl\u00e4ggs vilka \u00e4renden och funktioner organisationen tar i bruk i tj\u00e4nsten Tillst\u00e5nd och tillsyn och [&hellip;]","og_url":"https:\/\/www.luvatjavalvonta.fi\/sv\/inforande\/raddningsverken\/","og_site_name":"Luvat ja valvonta","article_modified_time":"2025-12-30T10:40:50+00:00","og_image":[{"url":"https:\/\/luvatjavalvonta.fi\/content\/uploads\/2025\/10\/Vaiheet_sv1-2-1024x412.png","type":"","width":"","height":""}],"twitter_card":"summary_large_image","twitter_misc":{"Est. reading time":"2 minutes"},"schema":{"@context":"https:\/\/schema.org","@graph":[{"@type":"WebPage","@id":"https:\/\/www.luvatjavalvonta.fi\/sv\/inforande\/raddningsverken\/","url":"https:\/\/www.luvatjavalvonta.fi\/sv\/inforande\/raddningsverken\/","name":"R\u00e4ddningsverken (v\u00e4lf\u00e4rdsomr\u00e5dena) - Luvat ja valvonta","isPartOf":{"@id":"http:\/\/ec2-54-75-134-196.eu-west-1.compute.amazonaws.com\/sv\/#website"},"primaryImageOfPage":{"@id":"https:\/\/www.luvatjavalvonta.fi\/sv\/inforande\/raddningsverken\/#primaryimage"},"image":{"@id":"https:\/\/www.luvatjavalvonta.fi\/sv\/inforande\/raddningsverken\/#primaryimage"},"thumbnailUrl":"https:\/\/luvatjavalvonta.fi\/content\/uploads\/2025\/10\/Vaiheet_sv1-2-1024x412.png","datePublished":"2025-05-26T10:25:21+00:00","dateModified":"2025-12-30T10:40:50+00:00","breadcrumb":{"@id":"https:\/\/www.luvatjavalvonta.fi\/sv\/inforande\/raddningsverken\/#breadcrumb"},"inLanguage":"sv-SE","potentialAction":[{"@type":"ReadAction","target":["https:\/\/www.luvatjavalvonta.fi\/sv\/inforande\/raddningsverken\/"]}]},{"@type":"ImageObject","inLanguage":"sv-SE","@id":"https:\/\/www.luvatjavalvonta.fi\/sv\/inforande\/raddningsverken\/#primaryimage","url":"https:\/\/luvatjavalvonta.fi\/content\/uploads\/2025\/10\/Vaiheet_sv1-2-1024x412.png","contentUrl":"https:\/\/luvatjavalvonta.fi\/content\/uploads\/2025\/10\/Vaiheet_sv1-2-1024x412.png"},{"@type":"BreadcrumbList","@id":"https:\/\/www.luvatjavalvonta.fi\/sv\/inforande\/raddningsverken\/#breadcrumb","itemListElement":[{"@type":"ListItem","position":1,"name":"Home","item":"http:\/\/ec2-54-75-134-196.eu-west-1.compute.amazonaws.com\/sv\/"},{"@type":"ListItem","position":2,"name":"Inf\u00f6rande och underh\u00e5ll av tj\u00e4nsten","item":"https:\/\/www.luvatjavalvonta.fi\/sv\/inforande\/"},{"@type":"ListItem","position":3,"name":"R\u00e4ddningsverken (v\u00e4lf\u00e4rdsomr\u00e5dena)"}]},{"@type":"WebSite","@id":"http:\/\/ec2-54-75-134-196.eu-west-1.compute.amazonaws.com\/sv\/#website","url":"http:\/\/ec2-54-75-134-196.eu-west-1.compute.amazonaws.com\/sv\/","name":"Luvat ja valvonta","description":"","potentialAction":[{"@type":"SearchAction","target":{"@type":"EntryPoint","urlTemplate":"http:\/\/ec2-54-75-134-196.eu-west-1.compute.amazonaws.com\/sv\/?s={search_term_string}"},"query-input":{"@type":"PropertyValueSpecification","valueRequired":true,"valueName":"search_term_string"}}],"inLanguage":"sv-SE"}]}},"_links":{"self":[{"href":"https:\/\/luvatjavalvonta.fi\/sv\/wp-json\/wp\/v2\/pages\/7690","targetHints":{"allow":["GET"]}}],"collection":[{"href":"https:\/\/luvatjavalvonta.fi\/sv\/wp-json\/wp\/v2\/pages"}],"about":[{"href":"https:\/\/luvatjavalvonta.fi\/sv\/wp-json\/wp\/v2\/types\/page"}],"author":[{"embeddable":true,"href":"https:\/\/luvatjavalvonta.fi\/sv\/wp-json\/wp\/v2\/users\/14"}],"replies":[{"embeddable":true,"href":"https:\/\/luvatjavalvonta.fi\/sv\/wp-json\/wp\/v2\/comments?post=7690"}],"version-history":[{"count":5,"href":"https:\/\/luvatjavalvonta.fi\/sv\/wp-json\/wp\/v2\/pages\/7690\/revisions"}],"predecessor-version":[{"id":8309,"href":"https:\/\/luvatjavalvonta.fi\/sv\/wp-json\/wp\/v2\/pages\/7690\/revisions\/8309"}],"up":[{"embeddable":true,"href":"https:\/\/luvatjavalvonta.fi\/sv\/wp-json\/wp\/v2\/pages\/4891"}],"wp:attachment":[{"href":"https:\/\/luvatjavalvonta.fi\/sv\/wp-json\/wp\/v2\/media?parent=7690"}],"curies":[{"name":"wp","href":"https:\/\/api.w.org\/{rel}","templated":true}]}}