{"id":7865,"date":"2025-04-25T13:35:16","date_gmt":"2025-04-25T10:35:16","guid":{"rendered":"https:\/\/luvatjavalvonta.fi\/kayttoonotto\/kunta\/selvita\/viestinta\/"},"modified":"2026-01-05T12:46:38","modified_gmt":"2026-01-05T10:46:38","slug":"kommunikation","status":"publish","type":"page","link":"https:\/\/luvatjavalvonta.fi\/sv\/inforande\/kommunen\/utred\/kommunikation\/","title":{"rendered":"Kommunikation"},"content":{"rendered":"\n<hr class=\"wp-block-separator has-alpha-channel-opacity\"\/>\n\n\n\n<p>Den implementerande myndighetens interna och externa kommunikation beh\u00f6vs f\u00f6r att alla intressentgrupper ska f\u00f6rst\u00e5 m\u00e5len f\u00f6r inf\u00f6randet av tj\u00e4nsten: vad handlar f\u00f6r\u00e4ndringen om, vad efterstr\u00e4vas med den och varf\u00f6r. S\u00e4rskilt vid omfattande inf\u00f6rande rekommenderas att en kommunikationsplan utarbetas som st\u00f6d f\u00f6r kommunikationen. N\u00e4r kommunikationen planeras och i sj\u00e4lva kommunikationen ska organisationens kommunikationsanvisningar beaktas.<\/p>\n<p>I kommunikationsplanen ske skedena f\u00f6r inf\u00f6randet och de intressentgrupper som beh\u00f6ver f\u00e5 information beaktas. Intressentgrupper \u00e4r bl.a. personalen vid den implementerande myndigheten, kunderna (tillst\u00e5ndss\u00f6kande) och andra myndigheter som verkar inom samma omr\u00e5de och som bereder sina egna inf\u00f6randen.<\/p>\n<p>Vid behov kan gemensamma k\u00e4rnmeddelanden utarbetas f\u00f6r de centrala intressentgrupperna. Vid behov ska kommunikationen riktas: vilken information beh\u00f6ver olika intressentgrupper och n\u00e4r. Kommunikationen f\u00f6ruts\u00e4tter upprepning. En lyckad kommunikation borde inte bara vara informativ, utan ocks\u00e5 inkluderande och interaktiv.\u200b<\/p>\n<h2>N\u00e4r utarbetas kommunikationsplanen?<\/h2>\n<p>Kommunikationsplanen utarbetas n\u00e4r genomf\u00f6randeplanen \u00e4r klar och hela f\u00f6r\u00e4ndringens omfattning och konsekvenser f\u00f6r intressentgrupperna \u00e4r klara.\u200b Kommunikationen enligt kommunikationsplanen ska genomf\u00f6ras under hela inf\u00f6randet, \u00e4ven under den intensifierade uppf\u00f6ljningen efter inf\u00f6randet.<\/p>\n<p>Om inf\u00f6randet av tj\u00e4nsten Tillst\u00e5nd och tillsyn inte f\u00f6ruts\u00e4tter en omfattande f\u00f6r\u00e4ndring kan kommunikationen vara mer begr\u00e4nsad och en kommunikationsplan beh\u00f6vs inte n\u00f6dv\u00e4ndigtvis. Kommunikationen om ibruktagandet ska anpassas till organisationens egna anvisningar.<\/p>\n<h2>Vem utarbetar kommunikationsplanen?<\/h2>\n<p>Ansvaret f\u00f6r utarbetandet av en kommunikationsplan och f\u00f6r kommunikationen enligt planen kan ligga hos den instans som vanligtvis ansvarar f\u00f6r uppgiften i myndighetens organisation. I en st\u00f6rre organisation kan kommunikationsavdelningen hj\u00e4lpa till med uppgifterna, men \u00e4ven till exempel projektchefen f\u00f6r inf\u00f6randet eller de personer som resurserats f\u00f6r att st\u00f6da projektet kan ansvara f\u00f6r \u00e5tminstone organisationens interna kommunikation. Det \u00e4r bra att granska och godk\u00e4nna kommunikationsplanen i enlighet med myndighetens normala godk\u00e4nnandef\u00f6rfarande.<\/p>\n<h2>Kommunikation, inneh\u00e5ll och m\u00e5lgrupper<\/h2>\n<p>Kommunikationen st\u00e5r i fokus i synnerhet i inf\u00f6randeskedet. F\u00f6r att verksamheten ska l\u00f6pa smidigt \u00e4r det av st\u00f6rsta vikt att de akt\u00f6rer inom organisationen som deltar i inf\u00f6randet \u00e4r medvetna om hur inf\u00f6randet framskrider. Kommunikationens betydelse framh\u00e4vs om man blir tvungen att avvika fr\u00e5n den avsedda planen.<\/p>\n<h3>M\u00e5lgrupper enligt roll<\/h3>\n<p>F\u00f6rst l\u00f6nar det sig att gruppera intressentgrupperna och den implementerande personalen enligt roller: tj\u00e4nsteinnehavare som behandlar \u00e4renden, fullmaktshantering, st\u00f6d f\u00f6r inf\u00f6randet, systemansvariga (e-tj\u00e4nster, Suomi.fi-tj\u00e4nster), ledning, osv. Rollerna varierar enligt inf\u00f6randets omfattning och strukturerna i den organisation som inf\u00f6r tj\u00e4nsterna. Beakta ocks\u00e5 eventuella kommunikationsbehov utanf\u00f6r organisationen i rollf\u00f6rdelningen.<\/p>\n<h3>Fr\u00e5gor som ska kommuniceras<\/h3>\n<p>F\u00f6r rollerna planeras p\u00e5 f\u00f6rhand vad de ska informeras om och vilka situationer som orsakar kommunikationsbehov. Det l\u00f6nar sig att bygga upp en matris \u00f6ver rollerna och kommunikationsobjekten (objekt, situationer) d\u00e4r man snabbt kan se behovet av kommunikation i olika situationer.<\/p>\n<h3>Uppbyggnad av meddelandemallar<\/h3>\n<p>Ut\u00f6ver matriserna l\u00f6nar det sig att utarbeta effektiva meddelandemallar f\u00f6r de mest centrala situationerna (mallar f\u00f6r inneh\u00e5ll), varvid man f\u00e5r effektivitet i kritisk kommunikation: ut\u00f6ver snabbheten \u00e4r inneh\u00e5llet i meddelandena utarbetat p\u00e5 f\u00f6rhand. I kommunikationen l\u00f6nar det sig i f\u00f6rsta hand att st\u00f6da sig p\u00e5 organisationens kommunikation samt dess anvisningar och verktyg.<\/p>\n<h3>Kommunikation i synnerhet till kunderna<\/h3>\n<p>Slutresultatet av inf\u00f6randet syns f\u00f6r kunderna (de tillst\u00e5ndss\u00f6kande) som en ny servicekanal: de myndighetstillst\u00e5nd som inf\u00f6rts kan s\u00f6kas via tj\u00e4nsten Tillst\u00e5nd och tillsyn. N\u00e4r ibruktagandet har slutf\u00f6rts framg\u00e5ngsrikt och den nya servicekanalen \u00e4r i bruk informeras kunderna (den som ans\u00f6ker om tillst\u00e5nd) om detta via myndighetens kundkommunikationskanaler, s\u00e5som myndighetens infosidor. Samtidigt publiceras den planerade kundhandledningen, med vars hj\u00e4lp kunderna h\u00e4nvisas till en servicekanal som motsvarar deras behov.<\/p>\n","protected":false},"excerpt":{"rendered":"<p>Den implementerande myndighetens interna och externa kommunikation beh\u00f6vs f\u00f6r att alla intressentgrupper ska f\u00f6rst\u00e5 m\u00e5len f\u00f6r inf\u00f6randet av tj\u00e4nsten: vad handlar f\u00f6r\u00e4ndringen om, vad efterstr\u00e4vas med den och varf\u00f6r. S\u00e4rskilt vid omfattande inf\u00f6rande rekommenderas att en kommunikationsplan utarbetas som st\u00f6d f\u00f6r kommunikationen. N\u00e4r kommunikationen planeras och i sj\u00e4lva kommunikationen ska organisationens kommunikationsanvisningar beaktas. I kommunikationsplanen [&hellip;]<\/p>\n","protected":false},"author":14,"featured_media":0,"parent":7862,"menu_order":0,"comment_status":"closed","ping_status":"closed","template":"","meta":{"_acf_changed":false,"inline_featured_image":false,"footnotes":""},"class_list":["post-7865","page","type-page","status-publish","hentry"],"acf":{"ai_extra_content":"","ai_instructions":"","ai_hidden_page":false},"yoast_head":"<!-- This site is optimized with the Yoast SEO plugin v25.9 - https:\/\/yoast.com\/wordpress\/plugins\/seo\/ -->\n<title>Kommunikation - Luvat ja valvonta<\/title>\n<meta name=\"robots\" content=\"index, follow, max-snippet:-1, max-image-preview:large, max-video-preview:-1\" \/>\n<link rel=\"canonical\" href=\"https:\/\/luvatjavalvonta.fi\/sv\/inforande\/kommunen\/utred\/kommunikation\/\" \/>\n<meta property=\"og:locale\" content=\"sv_SE\" \/>\n<meta property=\"og:type\" content=\"article\" \/>\n<meta property=\"og:title\" content=\"Kommunikation - Luvat ja valvonta\" \/>\n<meta property=\"og:description\" content=\"Den implementerande myndighetens interna och externa kommunikation beh\u00f6vs f\u00f6r att alla intressentgrupper ska f\u00f6rst\u00e5 m\u00e5len f\u00f6r inf\u00f6randet av tj\u00e4nsten: vad handlar f\u00f6r\u00e4ndringen om, vad efterstr\u00e4vas med den och varf\u00f6r. S\u00e4rskilt vid omfattande inf\u00f6rande rekommenderas att en kommunikationsplan utarbetas som st\u00f6d f\u00f6r kommunikationen. N\u00e4r kommunikationen planeras och i sj\u00e4lva kommunikationen ska organisationens kommunikationsanvisningar beaktas. I kommunikationsplanen [&hellip;]\" \/>\n<meta property=\"og:url\" content=\"https:\/\/luvatjavalvonta.fi\/sv\/inforande\/kommunen\/utred\/kommunikation\/\" \/>\n<meta property=\"og:site_name\" content=\"Luvat ja valvonta\" \/>\n<meta property=\"article:modified_time\" content=\"2026-01-05T10:46:38+00:00\" \/>\n<meta name=\"twitter:card\" content=\"summary_large_image\" \/>\n<meta name=\"twitter:label1\" content=\"Est. reading time\" \/>\n\t<meta name=\"twitter:data1\" content=\"4 minutes\" \/>\n<script type=\"application\/ld+json\" class=\"yoast-schema-graph\">{\"@context\":\"https:\/\/schema.org\",\"@graph\":[{\"@type\":\"WebPage\",\"@id\":\"https:\/\/luvatjavalvonta.fi\/sv\/inforande\/kommunen\/utred\/kommunikation\/\",\"url\":\"https:\/\/luvatjavalvonta.fi\/sv\/inforande\/kommunen\/utred\/kommunikation\/\",\"name\":\"Kommunikation - Luvat ja valvonta\",\"isPartOf\":{\"@id\":\"http:\/\/ec2-54-75-134-196.eu-west-1.compute.amazonaws.com\/sv\/#website\"},\"datePublished\":\"2025-04-25T10:35:16+00:00\",\"dateModified\":\"2026-01-05T10:46:38+00:00\",\"breadcrumb\":{\"@id\":\"https:\/\/luvatjavalvonta.fi\/sv\/inforande\/kommunen\/utred\/kommunikation\/#breadcrumb\"},\"inLanguage\":\"sv-SE\",\"potentialAction\":[{\"@type\":\"ReadAction\",\"target\":[\"https:\/\/luvatjavalvonta.fi\/sv\/inforande\/kommunen\/utred\/kommunikation\/\"]}]},{\"@type\":\"BreadcrumbList\",\"@id\":\"https:\/\/luvatjavalvonta.fi\/sv\/inforande\/kommunen\/utred\/kommunikation\/#breadcrumb\",\"itemListElement\":[{\"@type\":\"ListItem\",\"position\":1,\"name\":\"Home\",\"item\":\"http:\/\/ec2-54-75-134-196.eu-west-1.compute.amazonaws.com\/sv\/\"},{\"@type\":\"ListItem\",\"position\":2,\"name\":\"Inf\u00f6rande och underh\u00e5ll av tj\u00e4nsten\",\"item\":\"https:\/\/www.luvatjavalvonta.fi\/sv\/inforande\/\"},{\"@type\":\"ListItem\",\"position\":3,\"name\":\"Kommunen\",\"item\":\"https:\/\/luvatjavalvonta.fi\/sv\/inforande\/kommunen\/\"},{\"@type\":\"ListItem\",\"position\":4,\"name\":\"Utred och planera\",\"item\":\"https:\/\/luvatjavalvonta.fi\/sv\/inforande\/kommunen\/utred\/\"},{\"@type\":\"ListItem\",\"position\":5,\"name\":\"Kommunikation\"}]},{\"@type\":\"WebSite\",\"@id\":\"http:\/\/ec2-54-75-134-196.eu-west-1.compute.amazonaws.com\/sv\/#website\",\"url\":\"http:\/\/ec2-54-75-134-196.eu-west-1.compute.amazonaws.com\/sv\/\",\"name\":\"Luvat ja valvonta\",\"description\":\"\",\"potentialAction\":[{\"@type\":\"SearchAction\",\"target\":{\"@type\":\"EntryPoint\",\"urlTemplate\":\"http:\/\/ec2-54-75-134-196.eu-west-1.compute.amazonaws.com\/sv\/?s={search_term_string}\"},\"query-input\":{\"@type\":\"PropertyValueSpecification\",\"valueRequired\":true,\"valueName\":\"search_term_string\"}}],\"inLanguage\":\"sv-SE\"}]}<\/script>\n<!-- \/ Yoast SEO plugin. -->","yoast_head_json":{"title":"Kommunikation - Luvat ja valvonta","robots":{"index":"index","follow":"follow","max-snippet":"max-snippet:-1","max-image-preview":"max-image-preview:large","max-video-preview":"max-video-preview:-1"},"canonical":"https:\/\/luvatjavalvonta.fi\/sv\/inforande\/kommunen\/utred\/kommunikation\/","og_locale":"sv_SE","og_type":"article","og_title":"Kommunikation - Luvat ja valvonta","og_description":"Den implementerande myndighetens interna och externa kommunikation beh\u00f6vs f\u00f6r att alla intressentgrupper ska f\u00f6rst\u00e5 m\u00e5len f\u00f6r inf\u00f6randet av tj\u00e4nsten: vad handlar f\u00f6r\u00e4ndringen om, vad efterstr\u00e4vas med den och varf\u00f6r. S\u00e4rskilt vid omfattande inf\u00f6rande rekommenderas att en kommunikationsplan utarbetas som st\u00f6d f\u00f6r kommunikationen. N\u00e4r kommunikationen planeras och i sj\u00e4lva kommunikationen ska organisationens kommunikationsanvisningar beaktas. I kommunikationsplanen [&hellip;]","og_url":"https:\/\/luvatjavalvonta.fi\/sv\/inforande\/kommunen\/utred\/kommunikation\/","og_site_name":"Luvat ja valvonta","article_modified_time":"2026-01-05T10:46:38+00:00","twitter_card":"summary_large_image","twitter_misc":{"Est. reading time":"4 minutes"},"schema":{"@context":"https:\/\/schema.org","@graph":[{"@type":"WebPage","@id":"https:\/\/luvatjavalvonta.fi\/sv\/inforande\/kommunen\/utred\/kommunikation\/","url":"https:\/\/luvatjavalvonta.fi\/sv\/inforande\/kommunen\/utred\/kommunikation\/","name":"Kommunikation - Luvat ja valvonta","isPartOf":{"@id":"http:\/\/ec2-54-75-134-196.eu-west-1.compute.amazonaws.com\/sv\/#website"},"datePublished":"2025-04-25T10:35:16+00:00","dateModified":"2026-01-05T10:46:38+00:00","breadcrumb":{"@id":"https:\/\/luvatjavalvonta.fi\/sv\/inforande\/kommunen\/utred\/kommunikation\/#breadcrumb"},"inLanguage":"sv-SE","potentialAction":[{"@type":"ReadAction","target":["https:\/\/luvatjavalvonta.fi\/sv\/inforande\/kommunen\/utred\/kommunikation\/"]}]},{"@type":"BreadcrumbList","@id":"https:\/\/luvatjavalvonta.fi\/sv\/inforande\/kommunen\/utred\/kommunikation\/#breadcrumb","itemListElement":[{"@type":"ListItem","position":1,"name":"Home","item":"http:\/\/ec2-54-75-134-196.eu-west-1.compute.amazonaws.com\/sv\/"},{"@type":"ListItem","position":2,"name":"Inf\u00f6rande och underh\u00e5ll av tj\u00e4nsten","item":"https:\/\/www.luvatjavalvonta.fi\/sv\/inforande\/"},{"@type":"ListItem","position":3,"name":"Kommunen","item":"https:\/\/luvatjavalvonta.fi\/sv\/inforande\/kommunen\/"},{"@type":"ListItem","position":4,"name":"Utred och planera","item":"https:\/\/luvatjavalvonta.fi\/sv\/inforande\/kommunen\/utred\/"},{"@type":"ListItem","position":5,"name":"Kommunikation"}]},{"@type":"WebSite","@id":"http:\/\/ec2-54-75-134-196.eu-west-1.compute.amazonaws.com\/sv\/#website","url":"http:\/\/ec2-54-75-134-196.eu-west-1.compute.amazonaws.com\/sv\/","name":"Luvat ja valvonta","description":"","potentialAction":[{"@type":"SearchAction","target":{"@type":"EntryPoint","urlTemplate":"http:\/\/ec2-54-75-134-196.eu-west-1.compute.amazonaws.com\/sv\/?s={search_term_string}"},"query-input":{"@type":"PropertyValueSpecification","valueRequired":true,"valueName":"search_term_string"}}],"inLanguage":"sv-SE"}]}},"_links":{"self":[{"href":"https:\/\/luvatjavalvonta.fi\/sv\/wp-json\/wp\/v2\/pages\/7865","targetHints":{"allow":["GET"]}}],"collection":[{"href":"https:\/\/luvatjavalvonta.fi\/sv\/wp-json\/wp\/v2\/pages"}],"about":[{"href":"https:\/\/luvatjavalvonta.fi\/sv\/wp-json\/wp\/v2\/types\/page"}],"author":[{"embeddable":true,"href":"https:\/\/luvatjavalvonta.fi\/sv\/wp-json\/wp\/v2\/users\/14"}],"replies":[{"embeddable":true,"href":"https:\/\/luvatjavalvonta.fi\/sv\/wp-json\/wp\/v2\/comments?post=7865"}],"version-history":[{"count":2,"href":"https:\/\/luvatjavalvonta.fi\/sv\/wp-json\/wp\/v2\/pages\/7865\/revisions"}],"predecessor-version":[{"id":8334,"href":"https:\/\/luvatjavalvonta.fi\/sv\/wp-json\/wp\/v2\/pages\/7865\/revisions\/8334"}],"up":[{"embeddable":true,"href":"https:\/\/luvatjavalvonta.fi\/sv\/wp-json\/wp\/v2\/pages\/7862"}],"wp:attachment":[{"href":"https:\/\/luvatjavalvonta.fi\/sv\/wp-json\/wp\/v2\/media?parent=7865"}],"curies":[{"name":"wp","href":"https:\/\/api.w.org\/{rel}","templated":true}]}}