{"id":7867,"date":"2025-04-25T13:32:40","date_gmt":"2025-04-25T10:32:40","guid":{"rendered":"https:\/\/luvatjavalvonta.fi\/kayttoonotto\/kunta\/toteuta\/"},"modified":"2025-12-30T10:40:22","modified_gmt":"2025-12-30T08:40:22","slug":"genomfor","status":"publish","type":"page","link":"https:\/\/luvatjavalvonta.fi\/sv\/inforande\/kommunen\/genomfor\/","title":{"rendered":"Genomf\u00f6r"},"content":{"rendered":"\n<hr class=\"wp-block-separator has-alpha-channel-opacity\"\/>\n\n\n\n<p>I inf\u00f6randets genomf\u00f6randeskede ing\u00e5r f\u00f6ljande uppgifter med vilka tj\u00e4nsten Tillst\u00e5nd och tillsyn blir en del av myndighetsservicen:<\/p>\n<ul>\n<li>Uppgift 1: M\u00f6jligg\u00f6r anv\u00e4ndning av tj\u00e4nsten Tillst\u00e5nd och tillsyn i din organisation<\/li>\n<li>Uppgift 2: G\u00f6r \u00e4ndringarna i serviceprocessen<\/li>\n<li>Uppgift 3: Utbilda<\/li>\n<li>Uppgift 4: G\u00f6r en anslutningsanm\u00e4lan till tj\u00e4nsten Tillst\u00e5nd och tillsyn<\/li>\n<\/ul>\n<h2>Uppgift 1: M\u00f6jligg\u00f6r anv\u00e4ndning av tj\u00e4nsten Tillst\u00e5nd och tillsyn i din organisation<\/h2>\n<p>F\u00f6r kommunala myndigheter har anv\u00e4ndarr\u00e4ttigheterna till tj\u00e4nsten Tillst\u00e5nd och tillsyn genomf\u00f6rts med hj\u00e4lp av de gemensamma tj\u00e4nsterna <strong>Suomi.fi-identifikation<\/strong> och <strong>-fullmakter<\/strong>. I tj\u00e4nsten Suomi.fi-identifikation identifieras personen och i tj\u00e4nsten Suomi.fi-fullmakter kontrolleras om personen har fullmakt att fungera som myndighet i tj\u00e4nsten Tillst\u00e5nd och tillsyn. Anvisningar och krav finns bakom l\u00e4nkarna nedan:<\/p>\n<ul>\n<li><a href=\"\/sv\/?page_id=6918\">Suomi.fi-identifikation<\/a><\/li>\n<li><a href=\"\/sv\/?page_id=6920\">Suomi.fi-fullmakter<\/a><\/li>\n<\/ul>\n<h2>Uppgift 2: G\u00f6r \u00e4ndringarna i serviceprocessen<\/h2>\n<p>N\u00e4r den gemensamma serviceprocessen mellan tj\u00e4nsten Tillst\u00e5nd och tillsyn och myndigheten tas i bruk beh\u00f6vs \u00e5tminstone \u00e4ndringar i styrningen av kunder till tj\u00e4nsten och i viss m\u00e5n \u00e4ven i tj\u00e4nsteinnehavarens verksamhet.<\/p>\n<p>Bekanta dig med <a href=\"https:\/\/luvatjavalvonta.fi\/sv\/inforande\/kommunen\/genomfor\/serviceprocessen\/\">anvisningarna om \u00e4ndringar i serviceprocessen<\/a>.<\/p>\n<h3>Tekniska \u00e4ndringar<\/h3>\n<p>Om man vid inf\u00f6randet ansluter myndighetens elektroniska tj\u00e4nster eller system (e-tj\u00e4nster) till tj\u00e4nsten Tillst\u00e5nd och tillsyn, ska systemens\/tj\u00e4nsternas tekniska gr\u00e4nssnittsl\u00f6sningar genomf\u00f6ras och testas i detta skede. I fr\u00e5ga om gemensamma e-tj\u00e4nster som ska anslutas (bl.a. Lupapiste) ska gr\u00e4nssnittets status och funktion utredas hos tj\u00e4nsteleverant\u00f6ren i fr\u00e5ga.<\/p>\n<p>Bekanta dig med f\u00f6ruts\u00e4ttningarna och anvisningarna f\u00f6r <a href=\"https:\/\/luvatjavalvonta.fi\/sv\/information-om-tjansten\/anslutningssatt\/elektroniskt-kommunikationsgranssnitt\/\">anslutning av e-tj\u00e4nster<\/a><\/p>\n<h2>Uppgift 3: Utbilda<\/h2>\n<h3>Utbildningar<\/h3>\n<p>\u00c4ven om tj\u00e4nsten Tillst\u00e5nd och tillsyn har genomf\u00f6rts s\u00e5 att den \u00e4r enkel och intuitiv att anv\u00e4nda, ska den personal som anv\u00e4nder tj\u00e4nsten utbildas med beaktande av myndighetens egna serviceprocesser och anv\u00e4ndningspolicyer.<\/p>\n<p>Bekanta dig med utbildningens st\u00f6dmaterial och utbildningsmodell i avsnittet <a href=\"https:\/\/luvatjavalvonta.fi\/sv\/inforande\/kommunen\/genomfor\/utbildning\/\">Utbildning<\/a><\/p>\n<h2>4. G\u00f6r en anslutningsanm\u00e4lan till tj\u00e4nsten Tillst\u00e5nd och tillsyn<\/h2>\n<p>Den sista uppgiften i genomf\u00f6randeskedet \u00e4r att sammanst\u00e4lla de n\u00f6dv\u00e4ndiga anslutningsuppgifterna och skicka dem till tj\u00e4nsten Tillst\u00e5nd och tillsyn.<\/p>\n<p><strong>H\u00e4r finns <a href=\"https:\/\/luvatjavalvonta.fi\/sv\/inforande\/kommunen\/genomfor\/anslutningsanmalan\/\">anvisningar f\u00f6r sammanst\u00e4llning av anslutningsuppgifter<\/a><\/strong>.<\/p>\n<p>N\u00e4r tj\u00e4nsten Tillst\u00e5nd och tillsyn bekr\u00e4ftar att anslutningsanm\u00e4lan har genomf\u00f6rts (e-post till anm\u00e4laren) kan man g\u00e5 vidare till f\u00f6ljande steg i inf\u00f6randet, dvs. <a href=\"https:\/\/luvatjavalvonta.fi\/sv\/inforande\/kommunen\/infor\/\">Inf\u00f6r! -skedet<\/a>.<\/p>\n","protected":false},"excerpt":{"rendered":"<p>I inf\u00f6randets genomf\u00f6randeskede ing\u00e5r f\u00f6ljande uppgifter med vilka tj\u00e4nsten Tillst\u00e5nd och tillsyn blir en del av myndighetsservicen: Uppgift 1: M\u00f6jligg\u00f6r anv\u00e4ndning av tj\u00e4nsten Tillst\u00e5nd och tillsyn i din organisation Uppgift 2: G\u00f6r \u00e4ndringarna i serviceprocessen Uppgift 3: Utbilda Uppgift 4: G\u00f6r en anslutningsanm\u00e4lan till tj\u00e4nsten Tillst\u00e5nd och tillsyn Uppgift 1: M\u00f6jligg\u00f6r anv\u00e4ndning av tj\u00e4nsten Tillst\u00e5nd [&hellip;]<\/p>\n","protected":false},"author":14,"featured_media":0,"parent":6852,"menu_order":30,"comment_status":"closed","ping_status":"closed","template":"","meta":{"_acf_changed":false,"inline_featured_image":false,"footnotes":""},"class_list":["post-7867","page","type-page","status-publish","hentry"],"acf":{"ai_extra_content":"","ai_instructions":"","ai_hidden_page":false},"yoast_head":"<!-- This site is optimized with the Yoast SEO plugin v25.9 - https:\/\/yoast.com\/wordpress\/plugins\/seo\/ -->\n<title>Genomf\u00f6r - Luvat ja valvonta<\/title>\n<meta name=\"robots\" content=\"index, follow, max-snippet:-1, max-image-preview:large, max-video-preview:-1\" \/>\n<link rel=\"canonical\" href=\"https:\/\/luvatjavalvonta.fi\/sv\/inforande\/kommunen\/genomfor\/\" \/>\n<meta property=\"og:locale\" content=\"sv_SE\" \/>\n<meta property=\"og:type\" content=\"article\" \/>\n<meta property=\"og:title\" content=\"Genomf\u00f6r - Luvat ja valvonta\" \/>\n<meta property=\"og:description\" content=\"I inf\u00f6randets genomf\u00f6randeskede ing\u00e5r f\u00f6ljande uppgifter med vilka tj\u00e4nsten Tillst\u00e5nd och tillsyn blir en del av myndighetsservicen: Uppgift 1: M\u00f6jligg\u00f6r anv\u00e4ndning av tj\u00e4nsten Tillst\u00e5nd och tillsyn i din organisation Uppgift 2: G\u00f6r \u00e4ndringarna i serviceprocessen Uppgift 3: Utbilda Uppgift 4: G\u00f6r en anslutningsanm\u00e4lan till tj\u00e4nsten Tillst\u00e5nd och tillsyn Uppgift 1: M\u00f6jligg\u00f6r anv\u00e4ndning av tj\u00e4nsten Tillst\u00e5nd [&hellip;]\" \/>\n<meta property=\"og:url\" content=\"https:\/\/luvatjavalvonta.fi\/sv\/inforande\/kommunen\/genomfor\/\" \/>\n<meta property=\"og:site_name\" content=\"Luvat ja valvonta\" \/>\n<meta property=\"article:modified_time\" content=\"2025-12-30T08:40:22+00:00\" \/>\n<meta name=\"twitter:card\" content=\"summary_large_image\" \/>\n<meta name=\"twitter:label1\" content=\"Est. reading time\" \/>\n\t<meta name=\"twitter:data1\" content=\"2 minutes\" \/>\n<script type=\"application\/ld+json\" class=\"yoast-schema-graph\">{\"@context\":\"https:\/\/schema.org\",\"@graph\":[{\"@type\":\"WebPage\",\"@id\":\"https:\/\/luvatjavalvonta.fi\/sv\/inforande\/kommunen\/genomfor\/\",\"url\":\"https:\/\/luvatjavalvonta.fi\/sv\/inforande\/kommunen\/genomfor\/\",\"name\":\"Genomf\u00f6r - Luvat ja valvonta\",\"isPartOf\":{\"@id\":\"http:\/\/ec2-54-75-134-196.eu-west-1.compute.amazonaws.com\/sv\/#website\"},\"datePublished\":\"2025-04-25T10:32:40+00:00\",\"dateModified\":\"2025-12-30T08:40:22+00:00\",\"breadcrumb\":{\"@id\":\"https:\/\/luvatjavalvonta.fi\/sv\/inforande\/kommunen\/genomfor\/#breadcrumb\"},\"inLanguage\":\"sv-SE\",\"potentialAction\":[{\"@type\":\"ReadAction\",\"target\":[\"https:\/\/luvatjavalvonta.fi\/sv\/inforande\/kommunen\/genomfor\/\"]}]},{\"@type\":\"BreadcrumbList\",\"@id\":\"https:\/\/luvatjavalvonta.fi\/sv\/inforande\/kommunen\/genomfor\/#breadcrumb\",\"itemListElement\":[{\"@type\":\"ListItem\",\"position\":1,\"name\":\"Home\",\"item\":\"http:\/\/ec2-54-75-134-196.eu-west-1.compute.amazonaws.com\/sv\/\"},{\"@type\":\"ListItem\",\"position\":2,\"name\":\"Inf\u00f6rande och underh\u00e5ll av tj\u00e4nsten\",\"item\":\"https:\/\/www.luvatjavalvonta.fi\/sv\/inforande\/\"},{\"@type\":\"ListItem\",\"position\":3,\"name\":\"Kommunen\",\"item\":\"https:\/\/luvatjavalvonta.fi\/sv\/inforande\/kommunen\/\"},{\"@type\":\"ListItem\",\"position\":4,\"name\":\"Genomf\u00f6r\"}]},{\"@type\":\"WebSite\",\"@id\":\"http:\/\/ec2-54-75-134-196.eu-west-1.compute.amazonaws.com\/sv\/#website\",\"url\":\"http:\/\/ec2-54-75-134-196.eu-west-1.compute.amazonaws.com\/sv\/\",\"name\":\"Luvat ja valvonta\",\"description\":\"\",\"potentialAction\":[{\"@type\":\"SearchAction\",\"target\":{\"@type\":\"EntryPoint\",\"urlTemplate\":\"http:\/\/ec2-54-75-134-196.eu-west-1.compute.amazonaws.com\/sv\/?s={search_term_string}\"},\"query-input\":{\"@type\":\"PropertyValueSpecification\",\"valueRequired\":true,\"valueName\":\"search_term_string\"}}],\"inLanguage\":\"sv-SE\"}]}<\/script>\n<!-- \/ Yoast SEO plugin. -->","yoast_head_json":{"title":"Genomf\u00f6r - Luvat ja valvonta","robots":{"index":"index","follow":"follow","max-snippet":"max-snippet:-1","max-image-preview":"max-image-preview:large","max-video-preview":"max-video-preview:-1"},"canonical":"https:\/\/luvatjavalvonta.fi\/sv\/inforande\/kommunen\/genomfor\/","og_locale":"sv_SE","og_type":"article","og_title":"Genomf\u00f6r - Luvat ja valvonta","og_description":"I inf\u00f6randets genomf\u00f6randeskede ing\u00e5r f\u00f6ljande uppgifter med vilka tj\u00e4nsten Tillst\u00e5nd och tillsyn blir en del av myndighetsservicen: Uppgift 1: M\u00f6jligg\u00f6r anv\u00e4ndning av tj\u00e4nsten Tillst\u00e5nd och tillsyn i din organisation Uppgift 2: G\u00f6r \u00e4ndringarna i serviceprocessen Uppgift 3: Utbilda Uppgift 4: G\u00f6r en anslutningsanm\u00e4lan till tj\u00e4nsten Tillst\u00e5nd och tillsyn Uppgift 1: M\u00f6jligg\u00f6r anv\u00e4ndning av tj\u00e4nsten Tillst\u00e5nd [&hellip;]","og_url":"https:\/\/luvatjavalvonta.fi\/sv\/inforande\/kommunen\/genomfor\/","og_site_name":"Luvat ja valvonta","article_modified_time":"2025-12-30T08:40:22+00:00","twitter_card":"summary_large_image","twitter_misc":{"Est. reading time":"2 minutes"},"schema":{"@context":"https:\/\/schema.org","@graph":[{"@type":"WebPage","@id":"https:\/\/luvatjavalvonta.fi\/sv\/inforande\/kommunen\/genomfor\/","url":"https:\/\/luvatjavalvonta.fi\/sv\/inforande\/kommunen\/genomfor\/","name":"Genomf\u00f6r - Luvat ja valvonta","isPartOf":{"@id":"http:\/\/ec2-54-75-134-196.eu-west-1.compute.amazonaws.com\/sv\/#website"},"datePublished":"2025-04-25T10:32:40+00:00","dateModified":"2025-12-30T08:40:22+00:00","breadcrumb":{"@id":"https:\/\/luvatjavalvonta.fi\/sv\/inforande\/kommunen\/genomfor\/#breadcrumb"},"inLanguage":"sv-SE","potentialAction":[{"@type":"ReadAction","target":["https:\/\/luvatjavalvonta.fi\/sv\/inforande\/kommunen\/genomfor\/"]}]},{"@type":"BreadcrumbList","@id":"https:\/\/luvatjavalvonta.fi\/sv\/inforande\/kommunen\/genomfor\/#breadcrumb","itemListElement":[{"@type":"ListItem","position":1,"name":"Home","item":"http:\/\/ec2-54-75-134-196.eu-west-1.compute.amazonaws.com\/sv\/"},{"@type":"ListItem","position":2,"name":"Inf\u00f6rande och underh\u00e5ll av tj\u00e4nsten","item":"https:\/\/www.luvatjavalvonta.fi\/sv\/inforande\/"},{"@type":"ListItem","position":3,"name":"Kommunen","item":"https:\/\/luvatjavalvonta.fi\/sv\/inforande\/kommunen\/"},{"@type":"ListItem","position":4,"name":"Genomf\u00f6r"}]},{"@type":"WebSite","@id":"http:\/\/ec2-54-75-134-196.eu-west-1.compute.amazonaws.com\/sv\/#website","url":"http:\/\/ec2-54-75-134-196.eu-west-1.compute.amazonaws.com\/sv\/","name":"Luvat ja valvonta","description":"","potentialAction":[{"@type":"SearchAction","target":{"@type":"EntryPoint","urlTemplate":"http:\/\/ec2-54-75-134-196.eu-west-1.compute.amazonaws.com\/sv\/?s={search_term_string}"},"query-input":{"@type":"PropertyValueSpecification","valueRequired":true,"valueName":"search_term_string"}}],"inLanguage":"sv-SE"}]}},"_links":{"self":[{"href":"https:\/\/luvatjavalvonta.fi\/sv\/wp-json\/wp\/v2\/pages\/7867","targetHints":{"allow":["GET"]}}],"collection":[{"href":"https:\/\/luvatjavalvonta.fi\/sv\/wp-json\/wp\/v2\/pages"}],"about":[{"href":"https:\/\/luvatjavalvonta.fi\/sv\/wp-json\/wp\/v2\/types\/page"}],"author":[{"embeddable":true,"href":"https:\/\/luvatjavalvonta.fi\/sv\/wp-json\/wp\/v2\/users\/14"}],"replies":[{"embeddable":true,"href":"https:\/\/luvatjavalvonta.fi\/sv\/wp-json\/wp\/v2\/comments?post=7867"}],"version-history":[{"count":11,"href":"https:\/\/luvatjavalvonta.fi\/sv\/wp-json\/wp\/v2\/pages\/7867\/revisions"}],"predecessor-version":[{"id":8305,"href":"https:\/\/luvatjavalvonta.fi\/sv\/wp-json\/wp\/v2\/pages\/7867\/revisions\/8305"}],"up":[{"embeddable":true,"href":"https:\/\/luvatjavalvonta.fi\/sv\/wp-json\/wp\/v2\/pages\/6852"}],"wp:attachment":[{"href":"https:\/\/luvatjavalvonta.fi\/sv\/wp-json\/wp\/v2\/media?parent=7867"}],"curies":[{"name":"wp","href":"https:\/\/api.w.org\/{rel}","templated":true}]}}