{"id":7885,"date":"2025-04-25T13:43:58","date_gmt":"2025-04-25T10:43:58","guid":{"rendered":"https:\/\/luvatjavalvonta.fi\/kayttoonotto\/kunta\/toteuta\/palveluprosessi\/"},"modified":"2025-12-30T10:52:53","modified_gmt":"2025-12-30T08:52:53","slug":"serviceprocessen","status":"publish","type":"page","link":"https:\/\/luvatjavalvonta.fi\/sv\/inforande\/kommunen\/genomfor\/serviceprocessen\/","title":{"rendered":"\u00c4ndringar i serviceprocessen"},"content":{"rendered":"\n<hr class=\"wp-block-separator has-alpha-channel-opacity\"\/>\n\n\n\n<figure class=\"wp-block-image size-large\"><a href=\"https:\/\/luvatjavalvonta.fi\/content\/uploads\/2025\/10\/Ekosysteemi1_SV.png\"><img loading=\"lazy\" decoding=\"async\" width=\"1024\" height=\"865\" src=\"https:\/\/luvatjavalvonta.fi\/content\/uploads\/2025\/10\/Ekosysteemi1_SV-1024x865.png\" alt=\"\" class=\"wp-image-7886\" srcset=\"https:\/\/luvatjavalvonta.fi\/content\/uploads\/2025\/10\/Ekosysteemi1_SV-1024x865.png 1024w, https:\/\/luvatjavalvonta.fi\/content\/uploads\/2025\/10\/Ekosysteemi1_SV-300x253.png 300w, https:\/\/luvatjavalvonta.fi\/content\/uploads\/2025\/10\/Ekosysteemi1_SV-768x648.png 768w, https:\/\/luvatjavalvonta.fi\/content\/uploads\/2025\/10\/Ekosysteemi1_SV-1536x1297.png 1536w, https:\/\/luvatjavalvonta.fi\/content\/uploads\/2025\/10\/Ekosysteemi1_SV-2048x1729.png 2048w, https:\/\/luvatjavalvonta.fi\/content\/uploads\/2025\/10\/Ekosysteemi1_SV-237x200.png 237w\" sizes=\"auto, (max-width: 1024px) 100vw, 1024px\" \/><\/a><figcaption class=\"wp-element-caption\">Den gemensamma serviceprocessen i ekosystemet f\u00f6r tillst\u00e5nd och tillsyn<\/figcaption><\/figure>\n\n\n\n<h2>Ekosystem<\/h2>\n<p>N\u00e4r en myndighets tj\u00e4nst ansluts till tj\u00e4nsten Tillst\u00e5nd och tillsyn blir myndighetens tj\u00e4nst en funktionell del av hela ekosystemet Tillst\u00e5nd och tillsyn. D\u00e5 genomf\u00f6rs den service som kunden f\u00e5r i samarbete mellan flera sj\u00e4lvst\u00e4ndiga akt\u00f6rer i enlighet med bilden ovan. D\u00e5 f\u00f6r\u00e4ndras ocks\u00e5 myndighetens nuvarande serviceprocess till vissa delar. F\u00f6r\u00e4ndringen ska beaktas n\u00e4r myndigheten inf\u00f6r tj\u00e4nsten, s\u00e5 att tj\u00e4nsten fungerar f\u00f6r kunden och serviceprocessen f\u00f6r fungerar f\u00f6r myndigheten i enlighet med sitt syfte.<\/p>\n<p>L\u00e4s mer om <a href=\"https:\/\/luvatjavalvonta.fi\/sv\/information-om-tjansten\/ekosystem\/\">ekosystemet Tillst\u00e5nd och tillsyn h\u00e4r<\/a>.<\/p>\n<h2>F\u00f6r\u00e4ndringen f\u00f6r kunden<\/h2>\n<p>I ekosystemet \u00e4ndras startpunkten f\u00f6r kundens process fr\u00e5n flera e-tj\u00e4nster hos olika myndigheter till tj\u00e4nsten Tillst\u00e5nd och tillsyn enligt principen om en lucka. Detta f\u00f6ruts\u00e4tter att myndigheten h\u00e4nvisar kunden till tj\u00e4nsten Tillst\u00e5nd och tillsyn.<\/p>\n<h2>Handledning av kunden<\/h2>\n<p>N\u00e4r myndigheten inf\u00f6r tj\u00e4nsten g\u00f6rs kundhandledningen enligt kundens behov. I handledningen \u00e4r det bra att identifiera n\u00e4r det l\u00f6nar sig att h\u00e4nvisa kunden till tj\u00e4nsten Tillst\u00e5nd och tillsyn och n\u00e4r det l\u00f6nar sig att h\u00e4nvisa direkt till myndighetens egen e-tj\u00e4nst.<\/p>\n<p>Vanligtvis har en kund som h\u00e4nvisas till tj\u00e4nsten Tillst\u00e5nd och tillsyn ett projekt, vars tillst\u00e5ndsbehov g\u00e4ller flera olika myndigheter. Man talar om kundprojekt med flera tillst\u00e5nd. Ett exempel p\u00e5 ett kundprojekt med flera tillst\u00e5nd \u00e4r ett produktionsprojekt f\u00f6r f\u00f6rnybar energi eller ordnande av ett evenemang.<\/p>\n<h2>H\u00e4nvisning till tj\u00e4nsten Tillst\u00e5nd och tillsyn<\/h2>\n<p>Kundhandledningen genomf\u00f6rs i myndighetens befintliga informationskanaler: t.ex. myndighetens webbplats och Suomi.fi-servicedatalagret. Kunden hittar effektivt r\u00e4tt kanal i informationsk\u00e4llor som \u00e4r bekanta sedan tidigare.<\/p>\n<p>En v\u00e4l genomf\u00f6rd kundhandledning kr\u00e4ver planering och k\u00e4nnedom om informationskanalerna. I genomf\u00f6randet ska man f\u00e4sta uppm\u00e4rksamhet vid bl.a. hur informationen fungerar och i fr\u00e5ga om Suomi.fi-servicedatalagret vid fungerande servicekanalbeskrivningar f\u00f6r tillst\u00e5nd och andra f\u00f6rfaranden.<\/p>\n<p>Exempel<\/p>\n<ul>\n<li><a href=\"https:\/\/www.tampere.fi\/tapahtumajarjestajille\/luvat-ja-valvonta-palvelu\" target=\"_blank\" rel=\"noopener\">Kundanvisning f\u00f6r evenemangsarrang\u00f6rer p\u00e5 Tammerfors infosidor<\/a><\/li>\n<li>Arbets- och n\u00e4ringsministeriets <a href=\"https:\/\/www.suomi.fi\/service\/natservice\/tjansten-tillstand-och-tillsyn-arbets-och-naringsministeriet\/640bb270-ba74-45de-8616-13ce2754b4df\" target=\"_blank\" rel=\"noopener\">servicekanalbeskrivning i Suomi.fi-servicedatalagret<\/a><\/li>\n<\/ul>\n<h2>Kunden i tj\u00e4nsten Tillst\u00e5nd och tillsyn<\/h2>\n<p>Kunden kartl\u00e4gger sitt tillst\u00e5ndsbehov, ans\u00f6ker om n\u00f6dv\u00e4ndiga tillst\u00e5nd (eller inleder andra myndighetsf\u00f6rfaranden) samt f\u00f6ljer upp hur ans\u00f6kningarna framskrider. I tj\u00e4nsten Tillst\u00e5nd och tillsyn samlas gemensamma uppgifter (bl.a. kunduppgifter) in om alla tillst\u00e5nd och f\u00f6rfaranden som s\u00f6ks, varefter<\/p>\n<ol>\n<li>kunden och de insamlade uppgifterna f\u00f6rmedlas till myndighetens e-tj\u00e4nst. F\u00f6ruts\u00e4ttningen \u00e4r att den e-tj\u00e4nst som myndigheten anv\u00e4nder ska vara ansluten till tj\u00e4nsten Tillst\u00e5nd och tillsyn via Suomi.fi-informationsleden (gr\u00e4nssnittsgenomf\u00f6rande) ELLER<\/li>\n<li>s\u00e5 fyller kunden i blanketten F\u00f6renklad e-tj\u00e4nst i tj\u00e4nsten Tillst\u00e5nd och tillsyn, d\u00e4r myndigheten h\u00e4mtar uppgifterna. Detta \u00e4r ett alternativ om myndigheten inte anv\u00e4nder sig av e-tj\u00e4nst.<\/li>\n<\/ol>\n<h2>Behandling, komplettering och beslut i ett \u00e4rende i ekosystemet<\/h2>\n<p>Kundens ans\u00f6kningar behandlas alltid i myndighetens \u00e4rendehantering enligt denna anvisning. Om det finns behov av att komplettera kundens ans\u00f6kan g\u00f6rs kompletteringarna i den e-tj\u00e4nst som myndigheten anv\u00e4nder: myndighetens egen externa tj\u00e4nst eller tj\u00e4nsten F\u00f6renklad e-tj\u00e4nst i tj\u00e4nsten Tillst\u00e5nd och tillsyn. Besluten ges till kunden fr\u00e5n myndighetens \u00e4rendehantering, \u00e4ven om beslutet dessutom kan delges t.ex. andra myndigheter f\u00f6r k\u00e4nnedom i tj\u00e4nsten Tillst\u00e5nd och tillsyn.<\/p>\n<h3>Elektronisk \u00e4rendehantering<\/h3>\n<p>Ur myndighetsperspektiv \u00e4ndras inte \u00e4rendehandl\u00e4ggarens process om myndigheten anv\u00e4nder den nuvarande e-tj\u00e4nsten.<\/p>\n<h3>F\u00f6renklad e-tj\u00e4nst<\/h3>\n<p>Om myndighetens traditionella servicekanal (e-post, pappersblankett eller servicepunkt) \u00e4ndras till elektronisk vid inf\u00f6randet genom att utnyttja l\u00f6sningen F\u00f6renklad e-tj\u00e4nst i tj\u00e4nsten Tillst\u00e5nd och tillsyn, \u00e4ndras \u00e4rendets handl\u00e4ggares process enligt f\u00f6ljande:<\/p>\n<ul>\n<li>information om den nya ans\u00f6kan skickas per e-post till myndigheten till den adress som myndigheten har fastst\u00e4llt<\/li>\n<li>e-postmeddelandet inneh\u00e5ller en l\u00e4nk till ans\u00f6kan i tj\u00e4nsten Tillst\u00e5nd och tillsyn. F\u00f6r att f\u00e5 tillg\u00e5ng till ans\u00f6kan kr\u00e4vs inloggning i tj\u00e4nsten Tillst\u00e5nd och tillsyn som myndighet i tj\u00e4nstens myndighetsgr\u00e4nssnitt (l\u00e4nken styr till r\u00e4tt plats)<\/li>\n<li>den person som handl\u00e4gger \u00e4rendet antecknar sig som handl\u00e4ggare av ans\u00f6kan i tj\u00e4nsten Tillst\u00e5nd och tillsyn och \u00f6verf\u00f6r uppgifterna fr\u00e5n ans\u00f6kan till myndighetens \u00e4rendehantering<\/li>\n<li>i varje skede av handl\u00e4ggningen \u00e4ndrar \u00e4rendets handl\u00e4ggare handl\u00e4ggningens status i tj\u00e4nsten Tillst\u00e5nd och tillsyn\n<ul>\n<li>det finns flera alternativ f\u00f6r statusinformation f\u00f6r olika behov som beskriver hur handl\u00e4ggningen framskrider i tj\u00e4nsten<\/li>\n<li>f\u00f6re handl\u00e4ggningen har \u00e4rendet statusen &#8220;ej p\u00e5b\u00f6rjat&#8221;<\/li>\n<li>handl\u00e4ggningen omfattar i allm\u00e4nhet tre skeden: &#8220;under behandling&#8221;, &#8220;till\u00e4ggsuppgifter beh\u00f6vs&#8221;, &#8220;godk\u00e4nd&#8221;<\/li>\n<li>det finns flera alternativ f\u00f6r det sista skedet av handl\u00e4ggningen som finns i tj\u00e4nsten under punkten d\u00e4r status\u00e4ndringar g\u00f6rs<\/li>\n<\/ul>\n<\/li>\n<li>ans\u00f6kan har behandlats i tj\u00e4nsten Tillst\u00e5nd och tillsyn n\u00e4r \u00e4rendet har f\u00e5tt en anteckning i det sista skedet<\/li>\n<li>Observera att den egentliga myndighetsbehandlingen av ans\u00f6kan g\u00f6rs i myndighetens \u00e4rendehantering \u2013 inte i tj\u00e4nsten Tillst\u00e5nd och tillsyn<\/li>\n<\/ul>\n<h2>Uppf\u00f6ljning av kundens projekt<\/h2>\n<p>Alla myndigheter som beviljar kunden tillst\u00e5nd f\u00f6r projektet ser tillst\u00e5ndshelheten i den gemensamma vyn f\u00f6r tj\u00e4nsten Tillst\u00e5nd och tillsyn. I fr\u00e5ga om enskilda tillst\u00e5ndsans\u00f6kningar ser myndigheterna uppgifter enligt f\u00f6ljande:<\/p>\n<ul>\n<li>Inneh\u00e5llet i ans\u00f6kan syns n\u00e4r\n<ul>\n<li>kunden har skickat ans\u00f6kan eller<\/li>\n<li>kunden har markerat den p\u00e5g\u00e5ende ans\u00f6kan som synlig f\u00f6r myndigheterna<\/li>\n<\/ul>\n<\/li>\n<li>Utg\u00e5ngspunkten \u00e4r att alla ans\u00f6kningar och uppgifterna i dem och diskussionerna om dem ocks\u00e5 finns till p\u00e5seende f\u00f6r andra myndigheter som \u00e4r involverade i \u00e4rendet<\/li>\n<\/ul>\n","protected":false},"excerpt":{"rendered":"<p>Ekosystem N\u00e4r en myndighets tj\u00e4nst ansluts till tj\u00e4nsten Tillst\u00e5nd och tillsyn blir myndighetens tj\u00e4nst en funktionell del av hela ekosystemet Tillst\u00e5nd och tillsyn. D\u00e5 genomf\u00f6rs den service som kunden f\u00e5r i samarbete mellan flera sj\u00e4lvst\u00e4ndiga akt\u00f6rer i enlighet med bilden ovan. D\u00e5 f\u00f6r\u00e4ndras ocks\u00e5 myndighetens nuvarande serviceprocess till vissa delar. F\u00f6r\u00e4ndringen ska beaktas n\u00e4r myndigheten [&hellip;]<\/p>\n","protected":false},"author":14,"featured_media":0,"parent":7867,"menu_order":27,"comment_status":"closed","ping_status":"closed","template":"","meta":{"_acf_changed":false,"inline_featured_image":false,"footnotes":""},"class_list":["post-7885","page","type-page","status-publish","hentry"],"acf":{"ai_extra_content":"","ai_instructions":"","ai_hidden_page":false},"yoast_head":"<!-- This site is optimized with the Yoast SEO plugin v25.9 - https:\/\/yoast.com\/wordpress\/plugins\/seo\/ -->\n<title>\u00c4ndringar i serviceprocessen - Luvat ja valvonta<\/title>\n<meta name=\"robots\" content=\"index, follow, max-snippet:-1, max-image-preview:large, max-video-preview:-1\" \/>\n<link rel=\"canonical\" href=\"https:\/\/luvatjavalvonta.fi\/sv\/inforande\/kommunen\/genomfor\/serviceprocessen\/\" \/>\n<meta property=\"og:locale\" content=\"sv_SE\" \/>\n<meta property=\"og:type\" content=\"article\" \/>\n<meta property=\"og:title\" content=\"\u00c4ndringar i serviceprocessen - Luvat ja valvonta\" \/>\n<meta property=\"og:description\" content=\"Ekosystem N\u00e4r en myndighets tj\u00e4nst ansluts till tj\u00e4nsten Tillst\u00e5nd och tillsyn blir myndighetens tj\u00e4nst en funktionell del av hela ekosystemet Tillst\u00e5nd och tillsyn. D\u00e5 genomf\u00f6rs den service som kunden f\u00e5r i samarbete mellan flera sj\u00e4lvst\u00e4ndiga akt\u00f6rer i enlighet med bilden ovan. D\u00e5 f\u00f6r\u00e4ndras ocks\u00e5 myndighetens nuvarande serviceprocess till vissa delar. F\u00f6r\u00e4ndringen ska beaktas n\u00e4r myndigheten [&hellip;]\" \/>\n<meta property=\"og:url\" content=\"https:\/\/luvatjavalvonta.fi\/sv\/inforande\/kommunen\/genomfor\/serviceprocessen\/\" \/>\n<meta property=\"og:site_name\" content=\"Luvat ja valvonta\" \/>\n<meta property=\"article:modified_time\" content=\"2025-12-30T08:52:53+00:00\" \/>\n<meta property=\"og:image\" content=\"https:\/\/luvatjavalvonta.fi\/content\/uploads\/2025\/10\/Ekosysteemi1_SV-1024x865.png\" \/>\n<meta name=\"twitter:card\" content=\"summary_large_image\" \/>\n<meta name=\"twitter:label1\" content=\"Est. reading time\" \/>\n\t<meta name=\"twitter:data1\" content=\"5 minutes\" \/>\n<script type=\"application\/ld+json\" class=\"yoast-schema-graph\">{\"@context\":\"https:\/\/schema.org\",\"@graph\":[{\"@type\":\"WebPage\",\"@id\":\"https:\/\/luvatjavalvonta.fi\/sv\/inforande\/kommunen\/genomfor\/serviceprocessen\/\",\"url\":\"https:\/\/luvatjavalvonta.fi\/sv\/inforande\/kommunen\/genomfor\/serviceprocessen\/\",\"name\":\"\u00c4ndringar i serviceprocessen - Luvat ja valvonta\",\"isPartOf\":{\"@id\":\"http:\/\/ec2-54-75-134-196.eu-west-1.compute.amazonaws.com\/sv\/#website\"},\"primaryImageOfPage\":{\"@id\":\"https:\/\/luvatjavalvonta.fi\/sv\/inforande\/kommunen\/genomfor\/serviceprocessen\/#primaryimage\"},\"image\":{\"@id\":\"https:\/\/luvatjavalvonta.fi\/sv\/inforande\/kommunen\/genomfor\/serviceprocessen\/#primaryimage\"},\"thumbnailUrl\":\"https:\/\/luvatjavalvonta.fi\/content\/uploads\/2025\/10\/Ekosysteemi1_SV-1024x865.png\",\"datePublished\":\"2025-04-25T10:43:58+00:00\",\"dateModified\":\"2025-12-30T08:52:53+00:00\",\"breadcrumb\":{\"@id\":\"https:\/\/luvatjavalvonta.fi\/sv\/inforande\/kommunen\/genomfor\/serviceprocessen\/#breadcrumb\"},\"inLanguage\":\"sv-SE\",\"potentialAction\":[{\"@type\":\"ReadAction\",\"target\":[\"https:\/\/luvatjavalvonta.fi\/sv\/inforande\/kommunen\/genomfor\/serviceprocessen\/\"]}]},{\"@type\":\"ImageObject\",\"inLanguage\":\"sv-SE\",\"@id\":\"https:\/\/luvatjavalvonta.fi\/sv\/inforande\/kommunen\/genomfor\/serviceprocessen\/#primaryimage\",\"url\":\"https:\/\/luvatjavalvonta.fi\/content\/uploads\/2025\/10\/Ekosysteemi1_SV-1024x865.png\",\"contentUrl\":\"https:\/\/luvatjavalvonta.fi\/content\/uploads\/2025\/10\/Ekosysteemi1_SV-1024x865.png\"},{\"@type\":\"BreadcrumbList\",\"@id\":\"https:\/\/luvatjavalvonta.fi\/sv\/inforande\/kommunen\/genomfor\/serviceprocessen\/#breadcrumb\",\"itemListElement\":[{\"@type\":\"ListItem\",\"position\":1,\"name\":\"Home\",\"item\":\"http:\/\/ec2-54-75-134-196.eu-west-1.compute.amazonaws.com\/sv\/\"},{\"@type\":\"ListItem\",\"position\":2,\"name\":\"Inf\u00f6rande och underh\u00e5ll av tj\u00e4nsten\",\"item\":\"https:\/\/www.luvatjavalvonta.fi\/sv\/inforande\/\"},{\"@type\":\"ListItem\",\"position\":3,\"name\":\"Kommunen\",\"item\":\"https:\/\/luvatjavalvonta.fi\/sv\/inforande\/kommunen\/\"},{\"@type\":\"ListItem\",\"position\":4,\"name\":\"Genomf\u00f6r\",\"item\":\"https:\/\/luvatjavalvonta.fi\/sv\/inforande\/kommunen\/genomfor\/\"},{\"@type\":\"ListItem\",\"position\":5,\"name\":\"\u00c4ndringar i serviceprocessen\"}]},{\"@type\":\"WebSite\",\"@id\":\"http:\/\/ec2-54-75-134-196.eu-west-1.compute.amazonaws.com\/sv\/#website\",\"url\":\"http:\/\/ec2-54-75-134-196.eu-west-1.compute.amazonaws.com\/sv\/\",\"name\":\"Luvat ja valvonta\",\"description\":\"\",\"potentialAction\":[{\"@type\":\"SearchAction\",\"target\":{\"@type\":\"EntryPoint\",\"urlTemplate\":\"http:\/\/ec2-54-75-134-196.eu-west-1.compute.amazonaws.com\/sv\/?s={search_term_string}\"},\"query-input\":{\"@type\":\"PropertyValueSpecification\",\"valueRequired\":true,\"valueName\":\"search_term_string\"}}],\"inLanguage\":\"sv-SE\"}]}<\/script>\n<!-- \/ Yoast SEO plugin. -->","yoast_head_json":{"title":"\u00c4ndringar i serviceprocessen - Luvat ja valvonta","robots":{"index":"index","follow":"follow","max-snippet":"max-snippet:-1","max-image-preview":"max-image-preview:large","max-video-preview":"max-video-preview:-1"},"canonical":"https:\/\/luvatjavalvonta.fi\/sv\/inforande\/kommunen\/genomfor\/serviceprocessen\/","og_locale":"sv_SE","og_type":"article","og_title":"\u00c4ndringar i serviceprocessen - Luvat ja valvonta","og_description":"Ekosystem N\u00e4r en myndighets tj\u00e4nst ansluts till tj\u00e4nsten Tillst\u00e5nd och tillsyn blir myndighetens tj\u00e4nst en funktionell del av hela ekosystemet Tillst\u00e5nd och tillsyn. D\u00e5 genomf\u00f6rs den service som kunden f\u00e5r i samarbete mellan flera sj\u00e4lvst\u00e4ndiga akt\u00f6rer i enlighet med bilden ovan. D\u00e5 f\u00f6r\u00e4ndras ocks\u00e5 myndighetens nuvarande serviceprocess till vissa delar. F\u00f6r\u00e4ndringen ska beaktas n\u00e4r myndigheten [&hellip;]","og_url":"https:\/\/luvatjavalvonta.fi\/sv\/inforande\/kommunen\/genomfor\/serviceprocessen\/","og_site_name":"Luvat ja valvonta","article_modified_time":"2025-12-30T08:52:53+00:00","og_image":[{"url":"https:\/\/luvatjavalvonta.fi\/content\/uploads\/2025\/10\/Ekosysteemi1_SV-1024x865.png","type":"","width":"","height":""}],"twitter_card":"summary_large_image","twitter_misc":{"Est. reading time":"5 minutes"},"schema":{"@context":"https:\/\/schema.org","@graph":[{"@type":"WebPage","@id":"https:\/\/luvatjavalvonta.fi\/sv\/inforande\/kommunen\/genomfor\/serviceprocessen\/","url":"https:\/\/luvatjavalvonta.fi\/sv\/inforande\/kommunen\/genomfor\/serviceprocessen\/","name":"\u00c4ndringar i serviceprocessen - Luvat ja valvonta","isPartOf":{"@id":"http:\/\/ec2-54-75-134-196.eu-west-1.compute.amazonaws.com\/sv\/#website"},"primaryImageOfPage":{"@id":"https:\/\/luvatjavalvonta.fi\/sv\/inforande\/kommunen\/genomfor\/serviceprocessen\/#primaryimage"},"image":{"@id":"https:\/\/luvatjavalvonta.fi\/sv\/inforande\/kommunen\/genomfor\/serviceprocessen\/#primaryimage"},"thumbnailUrl":"https:\/\/luvatjavalvonta.fi\/content\/uploads\/2025\/10\/Ekosysteemi1_SV-1024x865.png","datePublished":"2025-04-25T10:43:58+00:00","dateModified":"2025-12-30T08:52:53+00:00","breadcrumb":{"@id":"https:\/\/luvatjavalvonta.fi\/sv\/inforande\/kommunen\/genomfor\/serviceprocessen\/#breadcrumb"},"inLanguage":"sv-SE","potentialAction":[{"@type":"ReadAction","target":["https:\/\/luvatjavalvonta.fi\/sv\/inforande\/kommunen\/genomfor\/serviceprocessen\/"]}]},{"@type":"ImageObject","inLanguage":"sv-SE","@id":"https:\/\/luvatjavalvonta.fi\/sv\/inforande\/kommunen\/genomfor\/serviceprocessen\/#primaryimage","url":"https:\/\/luvatjavalvonta.fi\/content\/uploads\/2025\/10\/Ekosysteemi1_SV-1024x865.png","contentUrl":"https:\/\/luvatjavalvonta.fi\/content\/uploads\/2025\/10\/Ekosysteemi1_SV-1024x865.png"},{"@type":"BreadcrumbList","@id":"https:\/\/luvatjavalvonta.fi\/sv\/inforande\/kommunen\/genomfor\/serviceprocessen\/#breadcrumb","itemListElement":[{"@type":"ListItem","position":1,"name":"Home","item":"http:\/\/ec2-54-75-134-196.eu-west-1.compute.amazonaws.com\/sv\/"},{"@type":"ListItem","position":2,"name":"Inf\u00f6rande och underh\u00e5ll av tj\u00e4nsten","item":"https:\/\/www.luvatjavalvonta.fi\/sv\/inforande\/"},{"@type":"ListItem","position":3,"name":"Kommunen","item":"https:\/\/luvatjavalvonta.fi\/sv\/inforande\/kommunen\/"},{"@type":"ListItem","position":4,"name":"Genomf\u00f6r","item":"https:\/\/luvatjavalvonta.fi\/sv\/inforande\/kommunen\/genomfor\/"},{"@type":"ListItem","position":5,"name":"\u00c4ndringar i serviceprocessen"}]},{"@type":"WebSite","@id":"http:\/\/ec2-54-75-134-196.eu-west-1.compute.amazonaws.com\/sv\/#website","url":"http:\/\/ec2-54-75-134-196.eu-west-1.compute.amazonaws.com\/sv\/","name":"Luvat ja valvonta","description":"","potentialAction":[{"@type":"SearchAction","target":{"@type":"EntryPoint","urlTemplate":"http:\/\/ec2-54-75-134-196.eu-west-1.compute.amazonaws.com\/sv\/?s={search_term_string}"},"query-input":{"@type":"PropertyValueSpecification","valueRequired":true,"valueName":"search_term_string"}}],"inLanguage":"sv-SE"}]}},"_links":{"self":[{"href":"https:\/\/luvatjavalvonta.fi\/sv\/wp-json\/wp\/v2\/pages\/7885","targetHints":{"allow":["GET"]}}],"collection":[{"href":"https:\/\/luvatjavalvonta.fi\/sv\/wp-json\/wp\/v2\/pages"}],"about":[{"href":"https:\/\/luvatjavalvonta.fi\/sv\/wp-json\/wp\/v2\/types\/page"}],"author":[{"embeddable":true,"href":"https:\/\/luvatjavalvonta.fi\/sv\/wp-json\/wp\/v2\/users\/14"}],"replies":[{"embeddable":true,"href":"https:\/\/luvatjavalvonta.fi\/sv\/wp-json\/wp\/v2\/comments?post=7885"}],"version-history":[{"count":3,"href":"https:\/\/luvatjavalvonta.fi\/sv\/wp-json\/wp\/v2\/pages\/7885\/revisions"}],"predecessor-version":[{"id":8306,"href":"https:\/\/luvatjavalvonta.fi\/sv\/wp-json\/wp\/v2\/pages\/7885\/revisions\/8306"}],"up":[{"embeddable":true,"href":"https:\/\/luvatjavalvonta.fi\/sv\/wp-json\/wp\/v2\/pages\/7867"}],"wp:attachment":[{"href":"https:\/\/luvatjavalvonta.fi\/sv\/wp-json\/wp\/v2\/media?parent=7885"}],"curies":[{"name":"wp","href":"https:\/\/api.w.org\/{rel}","templated":true}]}}