{"id":7906,"date":"2025-04-25T13:48:25","date_gmt":"2025-04-25T10:48:25","guid":{"rendered":"https:\/\/luvatjavalvonta.fi\/kayttoonotto\/kunta\/kayttoon\/kayttoonottovalmius\/"},"modified":"2025-10-20T13:01:10","modified_gmt":"2025-10-20T10:01:10","slug":"inforandeberedskapen","status":"publish","type":"page","link":"https:\/\/luvatjavalvonta.fi\/sv\/inforande\/kommunen\/infor\/inforandeberedskapen\/","title":{"rendered":"S\u00e4kerst\u00e4llande av inf\u00f6randeberedskapen"},"content":{"rendered":"\n<hr class=\"wp-block-separator has-alpha-channel-opacity\"\/>\n\n\n\n<div class=\"wp-block-columns is-layout-flex wp-container-core-columns-is-layout-9d6595d7 wp-block-columns-is-layout-flex\">\n<div class=\"wp-block-column is-layout-flow wp-block-column-is-layout-flow\" style=\"flex-basis:33.33%\"><div class=\"wp-block-image\">\n<figure class=\"aligncenter size-full is-resized\"><img loading=\"lazy\" decoding=\"async\" width=\"668\" height=\"667\" src=\"https:\/\/luvatjavalvonta.fi\/content\/uploads\/2022\/09\/Muistilista.png\" alt=\"\" class=\"wp-image-3875\" style=\"width:172px;height:auto\" srcset=\"https:\/\/luvatjavalvonta.fi\/content\/uploads\/2022\/09\/Muistilista.png 668w, https:\/\/luvatjavalvonta.fi\/content\/uploads\/2022\/09\/Muistilista-300x300.png 300w, https:\/\/luvatjavalvonta.fi\/content\/uploads\/2022\/09\/Muistilista-150x150.png 150w, https:\/\/luvatjavalvonta.fi\/content\/uploads\/2022\/09\/Muistilista-200x200.png 200w\" sizes=\"auto, (max-width: 668px) 100vw, 668px\" \/><\/figure><\/div><\/div>\n\n\n\n<div class=\"wp-block-column is-layout-flow wp-block-column-is-layout-flow\" style=\"flex-basis:66.66%\">\n<p>Kontrollera din organisations beredskap f\u00f6r inf\u00f6randet med hj\u00e4lp av checklistan nedan. Observera att listan endast inneh\u00e5ller de vanligaste uppgifterna och resultaten f\u00f6r inf\u00f6randet. Om inf\u00f6randet har utvidgats inom din organisation och \u00e4ven annat \u00e4n tj\u00e4nsten Tillst\u00e5nd och tillsyn ing\u00e5r, ska utvidgningarna beaktas separat i granskningarna.<\/p>\n<\/div>\n<\/div>\n\n\n\n<h2>Checklista<\/h2>\n<ol>\n<li style=\"list-style-type: none;\">\n<ol>\n<li>Rollerna och ansvaren i anslutning till produktionen och underh\u00e5llet av tillst\u00e5ndstj\u00e4nsterna \u00e4r klara i organisationen\n<ul>\n<li>Tillst\u00e5ndsmyndigheter som anv\u00e4nder organisationens tj\u00e4nst Tillst\u00e5nd och tillsyn och deras f\u00f6rvaltning: den n\u00f6dv\u00e4ndiga f\u00f6r\u00e4ndringen i serviceprocessen har genomf\u00f6rts (man har kommit \u00f6verens med parterna och informerat om f\u00f6r\u00e4ndringen)<\/li>\n<li>Underh\u00e5llets roller har namngetts och anm\u00e4lts i tj\u00e4nsten Tillst\u00e5nd och tillsyn: kontaktpersonens eller -gruppens e-postadress har angetts p\u00e5 anslutningsblanketten<\/li>\n<\/ul>\n<\/li>\n<li>Det finns teknisk beredskap f\u00f6r inf\u00f6randet (alternativ A eller B)\n<ul>\n<li>A) Tillst\u00e5nds\u00e4renden d\u00e4r verksamheten i myndighetens e-tj\u00e4nst ansluts till tj\u00e4nsten Tillst\u00e5nd och tillsyn med hj\u00e4lp av ett elektroniskt gr\u00e4nssnitt f\u00f6r informationsf\u00f6rmedling (integration)\n<ul>\n<li>S\u00e4kerst\u00e4ll informationsf\u00f6rmedlingen mellan e-tj\u00e4nsten och tj\u00e4nsten Tillst\u00e5nd och tillsyn. Kontrollera\n<ul>\n<li>Elektroniskt gr\u00e4nssnitt (f\u00f6r tj\u00e4nsten Tillst\u00e5nd och tillsyn): gr\u00e4nssnittet fr\u00e5n den e-tj\u00e4nst som myndigheten anv\u00e4nder till Suomi.fi-informationsleden ska vara implementerat och tekniskt testat f\u00f6r anv\u00e4ndningen. Mer information om gr\u00e4nssnittsimplementeringen finns p\u00e5 <a href=\"https:\/\/luvatjavalvonta.fi\/sv\/information-om-tjansten\/anslutningssatt\/elektroniskt-kommunikationsgranssnitt\/\">sidan gr\u00e4nssnitt f\u00f6r elektronisk kommunikation<\/a><\/li>\n<li>Organisationens anslutning: Anslutningsblanketten har skickats till tj\u00e4nsten Tillst\u00e5nd och tillsyn (tuki.lv@ely-keskus.fi) och anslutningsarbetet har anm\u00e4lts vara f\u00e4rdigt f\u00f6r tj\u00e4nsten Tillst\u00e5nd och tillsyn (meddelandet kommer fr\u00e5n samma adress).<\/li>\n<\/ul>\n<\/li>\n<\/ul>\n<\/li>\n<li>B) Tillst\u00e5nds\u00e4renden d\u00e4r myndigheten anv\u00e4nder blanketter f\u00f6r F\u00f6renklad e-tj\u00e4nst i tj\u00e4nsten Tillst\u00e5nd och tillsyn<\/li>\n<\/ul>\n<\/li>\n<li>Testningen av \u00e4renden (och serviceprocessen) har genomf\u00f6rts med godk\u00e4nt resultat\n<ul>\n<li>Testa varje anslutet \u00e4rende f\u00f6r hela processen genom att fylla i tillst\u00e5ndsans\u00f6kan f\u00f6r \u00e4rendena i tj\u00e4nsten Tillst\u00e5nd och tillsyn.<\/li>\n<li><a href=\"https:\/\/luvatjavalvonta.fi\/sv\/inforande\/instruktioner\/testning-av-arendehanteringen\/\" target=\"_blank\" rel=\"noopener\">Anvisningar f\u00f6r testning finns h\u00e4r!<\/a><\/li>\n<\/ul>\n<\/li>\n<li>De nya verksamhetsprocesserna och -anvisningarna har beskrivits och f\u00f6rankrats\n<ul>\n<li>De anvisningar som beh\u00f6vs \u00e4r f\u00e4rdiga (bl.a. f\u00f6rfarandeanvisningar, processbeskrivningar, organisationsspecifik anv\u00e4ndningspolicy\/-anvisning f\u00f6r tj\u00e4nsten Tillst\u00e5nd och tillsyn)<\/li>\n<\/ul>\n<\/li>\n<li>Personalen har f\u00e5tt utbildning (bl.a. anv\u00e4ndning av tj\u00e4nsten Tillst\u00e5nd och tillsyn, \u00e4ndringar i organisationens serviceprocess)\u00a0<\/li>\n<li>Eventuellt n\u00e4r- eller chefsst\u00f6d har utbildats och tid har reserverats f\u00f6r att st\u00f6da inf\u00f6randet och produktionen<\/li>\n<li>Uppgifterna enligt kommunikationsplanen har till beh\u00f6vliga delar genomf\u00f6rts\n<ul>\n<li><a href=\"https:\/\/luvatjavalvonta.fi\/sv\/inforande\/kommunen\/utred\/kommunikation\/\">Mer information om kommunikationen om inf\u00f6randet<\/a><\/li>\n<\/ul>\n<\/li>\n<li>Man \u00e4r f\u00f6rberedd p\u00e5 betydande risker i anslutning till produktionsskedet (riskanalys)<\/li>\n<\/ol>\n<\/li>\n<\/ol>\n","protected":false},"excerpt":{"rendered":"<p>Kontrollera din organisations beredskap f\u00f6r inf\u00f6randet med hj\u00e4lp av checklistan nedan. Observera att listan endast inneh\u00e5ller de vanligaste uppgifterna och resultaten f\u00f6r inf\u00f6randet. Om inf\u00f6randet har utvidgats inom din organisation och \u00e4ven annat \u00e4n tj\u00e4nsten Tillst\u00e5nd och tillsyn ing\u00e5r, ska utvidgningarna beaktas separat i granskningarna. Checklista Rollerna och ansvaren i anslutning till produktionen och underh\u00e5llet [&hellip;]<\/p>\n","protected":false},"author":14,"featured_media":0,"parent":7902,"menu_order":27,"comment_status":"closed","ping_status":"closed","template":"","meta":{"_acf_changed":false,"inline_featured_image":false,"footnotes":""},"class_list":["post-7906","page","type-page","status-publish","hentry"],"acf":{"ai_extra_content":"","ai_instructions":"","ai_hidden_page":false},"yoast_head":"<!-- This site is optimized with the Yoast SEO plugin v25.9 - https:\/\/yoast.com\/wordpress\/plugins\/seo\/ -->\n<title>S\u00e4kerst\u00e4llande av inf\u00f6randeberedskapen - Luvat ja valvonta<\/title>\n<meta name=\"robots\" content=\"index, follow, max-snippet:-1, max-image-preview:large, max-video-preview:-1\" \/>\n<link rel=\"canonical\" href=\"https:\/\/luvatjavalvonta.fi\/sv\/inforande\/kommunen\/infor\/inforandeberedskapen\/\" \/>\n<meta property=\"og:locale\" content=\"sv_SE\" \/>\n<meta property=\"og:type\" content=\"article\" \/>\n<meta property=\"og:title\" content=\"S\u00e4kerst\u00e4llande av inf\u00f6randeberedskapen - Luvat ja valvonta\" \/>\n<meta property=\"og:description\" content=\"Kontrollera din organisations beredskap f\u00f6r inf\u00f6randet med hj\u00e4lp av checklistan nedan. Observera att listan endast inneh\u00e5ller de vanligaste uppgifterna och resultaten f\u00f6r inf\u00f6randet. Om inf\u00f6randet har utvidgats inom din organisation och \u00e4ven annat \u00e4n tj\u00e4nsten Tillst\u00e5nd och tillsyn ing\u00e5r, ska utvidgningarna beaktas separat i granskningarna. Checklista Rollerna och ansvaren i anslutning till produktionen och underh\u00e5llet [&hellip;]\" \/>\n<meta property=\"og:url\" content=\"https:\/\/luvatjavalvonta.fi\/sv\/inforande\/kommunen\/infor\/inforandeberedskapen\/\" \/>\n<meta property=\"og:site_name\" content=\"Luvat ja valvonta\" \/>\n<meta property=\"article:modified_time\" content=\"2025-10-20T10:01:10+00:00\" \/>\n<meta property=\"og:image\" content=\"https:\/\/luvatjavalvonta.fi\/content\/uploads\/2022\/09\/Muistilista.png\" \/>\n<meta name=\"twitter:card\" content=\"summary_large_image\" \/>\n<meta name=\"twitter:label1\" content=\"Est. reading time\" \/>\n\t<meta name=\"twitter:data1\" content=\"3 minutes\" \/>\n<script type=\"application\/ld+json\" class=\"yoast-schema-graph\">{\"@context\":\"https:\/\/schema.org\",\"@graph\":[{\"@type\":\"WebPage\",\"@id\":\"https:\/\/luvatjavalvonta.fi\/sv\/inforande\/kommunen\/infor\/inforandeberedskapen\/\",\"url\":\"https:\/\/luvatjavalvonta.fi\/sv\/inforande\/kommunen\/infor\/inforandeberedskapen\/\",\"name\":\"S\u00e4kerst\u00e4llande av inf\u00f6randeberedskapen - Luvat ja valvonta\",\"isPartOf\":{\"@id\":\"http:\/\/ec2-54-75-134-196.eu-west-1.compute.amazonaws.com\/sv\/#website\"},\"primaryImageOfPage\":{\"@id\":\"https:\/\/luvatjavalvonta.fi\/sv\/inforande\/kommunen\/infor\/inforandeberedskapen\/#primaryimage\"},\"image\":{\"@id\":\"https:\/\/luvatjavalvonta.fi\/sv\/inforande\/kommunen\/infor\/inforandeberedskapen\/#primaryimage\"},\"thumbnailUrl\":\"https:\/\/luvatjavalvonta.fi\/content\/uploads\/2022\/09\/Muistilista.png\",\"datePublished\":\"2025-04-25T10:48:25+00:00\",\"dateModified\":\"2025-10-20T10:01:10+00:00\",\"breadcrumb\":{\"@id\":\"https:\/\/luvatjavalvonta.fi\/sv\/inforande\/kommunen\/infor\/inforandeberedskapen\/#breadcrumb\"},\"inLanguage\":\"sv-SE\",\"potentialAction\":[{\"@type\":\"ReadAction\",\"target\":[\"https:\/\/luvatjavalvonta.fi\/sv\/inforande\/kommunen\/infor\/inforandeberedskapen\/\"]}]},{\"@type\":\"ImageObject\",\"inLanguage\":\"sv-SE\",\"@id\":\"https:\/\/luvatjavalvonta.fi\/sv\/inforande\/kommunen\/infor\/inforandeberedskapen\/#primaryimage\",\"url\":\"https:\/\/luvatjavalvonta.fi\/content\/uploads\/2022\/09\/Muistilista.png\",\"contentUrl\":\"https:\/\/luvatjavalvonta.fi\/content\/uploads\/2022\/09\/Muistilista.png\"},{\"@type\":\"BreadcrumbList\",\"@id\":\"https:\/\/luvatjavalvonta.fi\/sv\/inforande\/kommunen\/infor\/inforandeberedskapen\/#breadcrumb\",\"itemListElement\":[{\"@type\":\"ListItem\",\"position\":1,\"name\":\"Home\",\"item\":\"http:\/\/ec2-54-75-134-196.eu-west-1.compute.amazonaws.com\/sv\/\"},{\"@type\":\"ListItem\",\"position\":2,\"name\":\"Inf\u00f6rande och underh\u00e5ll av tj\u00e4nsten\",\"item\":\"https:\/\/www.luvatjavalvonta.fi\/sv\/inforande\/\"},{\"@type\":\"ListItem\",\"position\":3,\"name\":\"Kommunen\",\"item\":\"https:\/\/luvatjavalvonta.fi\/sv\/inforande\/kommunen\/\"},{\"@type\":\"ListItem\",\"position\":4,\"name\":\"Inf\u00f6r!\",\"item\":\"https:\/\/luvatjavalvonta.fi\/sv\/inforande\/kommunen\/infor\/\"},{\"@type\":\"ListItem\",\"position\":5,\"name\":\"S\u00e4kerst\u00e4llande av inf\u00f6randeberedskapen\"}]},{\"@type\":\"WebSite\",\"@id\":\"http:\/\/ec2-54-75-134-196.eu-west-1.compute.amazonaws.com\/sv\/#website\",\"url\":\"http:\/\/ec2-54-75-134-196.eu-west-1.compute.amazonaws.com\/sv\/\",\"name\":\"Luvat ja valvonta\",\"description\":\"\",\"potentialAction\":[{\"@type\":\"SearchAction\",\"target\":{\"@type\":\"EntryPoint\",\"urlTemplate\":\"http:\/\/ec2-54-75-134-196.eu-west-1.compute.amazonaws.com\/sv\/?s={search_term_string}\"},\"query-input\":{\"@type\":\"PropertyValueSpecification\",\"valueRequired\":true,\"valueName\":\"search_term_string\"}}],\"inLanguage\":\"sv-SE\"}]}<\/script>\n<!-- \/ Yoast SEO plugin. -->","yoast_head_json":{"title":"S\u00e4kerst\u00e4llande av inf\u00f6randeberedskapen - Luvat ja valvonta","robots":{"index":"index","follow":"follow","max-snippet":"max-snippet:-1","max-image-preview":"max-image-preview:large","max-video-preview":"max-video-preview:-1"},"canonical":"https:\/\/luvatjavalvonta.fi\/sv\/inforande\/kommunen\/infor\/inforandeberedskapen\/","og_locale":"sv_SE","og_type":"article","og_title":"S\u00e4kerst\u00e4llande av inf\u00f6randeberedskapen - Luvat ja valvonta","og_description":"Kontrollera din organisations beredskap f\u00f6r inf\u00f6randet med hj\u00e4lp av checklistan nedan. Observera att listan endast inneh\u00e5ller de vanligaste uppgifterna och resultaten f\u00f6r inf\u00f6randet. Om inf\u00f6randet har utvidgats inom din organisation och \u00e4ven annat \u00e4n tj\u00e4nsten Tillst\u00e5nd och tillsyn ing\u00e5r, ska utvidgningarna beaktas separat i granskningarna. Checklista Rollerna och ansvaren i anslutning till produktionen och underh\u00e5llet [&hellip;]","og_url":"https:\/\/luvatjavalvonta.fi\/sv\/inforande\/kommunen\/infor\/inforandeberedskapen\/","og_site_name":"Luvat ja valvonta","article_modified_time":"2025-10-20T10:01:10+00:00","og_image":[{"url":"https:\/\/luvatjavalvonta.fi\/content\/uploads\/2022\/09\/Muistilista.png","type":"","width":"","height":""}],"twitter_card":"summary_large_image","twitter_misc":{"Est. reading time":"3 minutes"},"schema":{"@context":"https:\/\/schema.org","@graph":[{"@type":"WebPage","@id":"https:\/\/luvatjavalvonta.fi\/sv\/inforande\/kommunen\/infor\/inforandeberedskapen\/","url":"https:\/\/luvatjavalvonta.fi\/sv\/inforande\/kommunen\/infor\/inforandeberedskapen\/","name":"S\u00e4kerst\u00e4llande av inf\u00f6randeberedskapen - Luvat ja valvonta","isPartOf":{"@id":"http:\/\/ec2-54-75-134-196.eu-west-1.compute.amazonaws.com\/sv\/#website"},"primaryImageOfPage":{"@id":"https:\/\/luvatjavalvonta.fi\/sv\/inforande\/kommunen\/infor\/inforandeberedskapen\/#primaryimage"},"image":{"@id":"https:\/\/luvatjavalvonta.fi\/sv\/inforande\/kommunen\/infor\/inforandeberedskapen\/#primaryimage"},"thumbnailUrl":"https:\/\/luvatjavalvonta.fi\/content\/uploads\/2022\/09\/Muistilista.png","datePublished":"2025-04-25T10:48:25+00:00","dateModified":"2025-10-20T10:01:10+00:00","breadcrumb":{"@id":"https:\/\/luvatjavalvonta.fi\/sv\/inforande\/kommunen\/infor\/inforandeberedskapen\/#breadcrumb"},"inLanguage":"sv-SE","potentialAction":[{"@type":"ReadAction","target":["https:\/\/luvatjavalvonta.fi\/sv\/inforande\/kommunen\/infor\/inforandeberedskapen\/"]}]},{"@type":"ImageObject","inLanguage":"sv-SE","@id":"https:\/\/luvatjavalvonta.fi\/sv\/inforande\/kommunen\/infor\/inforandeberedskapen\/#primaryimage","url":"https:\/\/luvatjavalvonta.fi\/content\/uploads\/2022\/09\/Muistilista.png","contentUrl":"https:\/\/luvatjavalvonta.fi\/content\/uploads\/2022\/09\/Muistilista.png"},{"@type":"BreadcrumbList","@id":"https:\/\/luvatjavalvonta.fi\/sv\/inforande\/kommunen\/infor\/inforandeberedskapen\/#breadcrumb","itemListElement":[{"@type":"ListItem","position":1,"name":"Home","item":"http:\/\/ec2-54-75-134-196.eu-west-1.compute.amazonaws.com\/sv\/"},{"@type":"ListItem","position":2,"name":"Inf\u00f6rande och underh\u00e5ll av tj\u00e4nsten","item":"https:\/\/www.luvatjavalvonta.fi\/sv\/inforande\/"},{"@type":"ListItem","position":3,"name":"Kommunen","item":"https:\/\/luvatjavalvonta.fi\/sv\/inforande\/kommunen\/"},{"@type":"ListItem","position":4,"name":"Inf\u00f6r!","item":"https:\/\/luvatjavalvonta.fi\/sv\/inforande\/kommunen\/infor\/"},{"@type":"ListItem","position":5,"name":"S\u00e4kerst\u00e4llande av inf\u00f6randeberedskapen"}]},{"@type":"WebSite","@id":"http:\/\/ec2-54-75-134-196.eu-west-1.compute.amazonaws.com\/sv\/#website","url":"http:\/\/ec2-54-75-134-196.eu-west-1.compute.amazonaws.com\/sv\/","name":"Luvat ja valvonta","description":"","potentialAction":[{"@type":"SearchAction","target":{"@type":"EntryPoint","urlTemplate":"http:\/\/ec2-54-75-134-196.eu-west-1.compute.amazonaws.com\/sv\/?s={search_term_string}"},"query-input":{"@type":"PropertyValueSpecification","valueRequired":true,"valueName":"search_term_string"}}],"inLanguage":"sv-SE"}]}},"_links":{"self":[{"href":"https:\/\/luvatjavalvonta.fi\/sv\/wp-json\/wp\/v2\/pages\/7906","targetHints":{"allow":["GET"]}}],"collection":[{"href":"https:\/\/luvatjavalvonta.fi\/sv\/wp-json\/wp\/v2\/pages"}],"about":[{"href":"https:\/\/luvatjavalvonta.fi\/sv\/wp-json\/wp\/v2\/types\/page"}],"author":[{"embeddable":true,"href":"https:\/\/luvatjavalvonta.fi\/sv\/wp-json\/wp\/v2\/users\/14"}],"replies":[{"embeddable":true,"href":"https:\/\/luvatjavalvonta.fi\/sv\/wp-json\/wp\/v2\/comments?post=7906"}],"version-history":[{"count":4,"href":"https:\/\/luvatjavalvonta.fi\/sv\/wp-json\/wp\/v2\/pages\/7906\/revisions"}],"predecessor-version":[{"id":8240,"href":"https:\/\/luvatjavalvonta.fi\/sv\/wp-json\/wp\/v2\/pages\/7906\/revisions\/8240"}],"up":[{"embeddable":true,"href":"https:\/\/luvatjavalvonta.fi\/sv\/wp-json\/wp\/v2\/pages\/7902"}],"wp:attachment":[{"href":"https:\/\/luvatjavalvonta.fi\/sv\/wp-json\/wp\/v2\/media?parent=7906"}],"curies":[{"name":"wp","href":"https:\/\/api.w.org\/{rel}","templated":true}]}}