{"id":8099,"date":"2025-10-14T15:41:12","date_gmt":"2025-10-14T12:41:12","guid":{"rendered":"https:\/\/luvatjavalvonta.fi\/?page_id=8099"},"modified":"2025-12-30T13:01:19","modified_gmt":"2025-12-30T11:01:19","slug":"suomi-fi-fullmakter","status":"publish","type":"page","link":"https:\/\/luvatjavalvonta.fi\/sv\/inforande\/raddningsverken\/genomfor\/suomi-fi-fullmakter\/","title":{"rendered":"Suomi.fi -fullmakter"},"content":{"rendered":"\n<hr class=\"wp-block-separator has-alpha-channel-opacity\"\/>\n\n\n\n<p>Myndighetsanv\u00e4ndningen av tj\u00e4nsten Tillst\u00e5nd och tillsyn f\u00f6ruts\u00e4tter f\u00f6rutom identifiering av personen \u00e4ven fullmakt av organisationen i tj\u00e4nsten <a href=\"https:\/\/www.suomi.fi\/fullmakter\" target=\"_blank\" rel=\"noopener\">Suomi.fi-fullmakter<\/a>\u00a0S\u00f6k de fullmakter som beh\u00f6vs f\u00f6r tj\u00e4nsten Tillst\u00e5nd och tillsyn enligt f\u00f6ljande:<\/p>\n<ol>\n<li><a href=\"https:\/\/luvatjavalvonta.fi\/sv\/inforande\/raddningsverken\/genomfor\/suomi-fi-fullmakter\/mojliggor\/\">M\u00f6jligg\u00f6r elektroniskt befullm\u00e4ktigande i din organisation<\/a><\/li>\n<li><a href=\"https:\/\/luvatjavalvonta.fi\/sv\/inforande\/raddningsverken\/genomfor\/suomi-fi-fullmakter\/begar-en-fullmakt-av-uf-centret\/\">Be UF-centret om fullmakt \u2013 bekr\u00e4fta att du fungerar som myndighet i tj\u00e4nsten Tillst\u00e5nd och tillsyn<\/a>\u00a0<\/li>\n<li><a href=\"https:\/\/luvatjavalvonta.fi\/sv\/inforande\/raddningsverken\/genomfor\/suomi-fi-fullmakter\/befullmaktiga-tjansteinnehavare\/\">Befullm\u00e4ktiga tj\u00e4nstem\u00e4n som anv\u00e4nder tj\u00e4nsten Tillst\u00e5nd och tillsyn<\/a><\/li>\n<\/ol>\n<h2>Allm\u00e4nt om fullmakter och hanteringen av dem<\/h2>\n<p>Det finns tv\u00e5 <strong>fullmaktstyper<\/strong> som kan utnyttjas i tj\u00e4nsten Tillst\u00e5nd och tillsyn:<\/p>\n<ul>\n<li>En f\u00f6r att m\u00f6jligg\u00f6ra elektroniskt befullm\u00e4ktigande f\u00f6r kommunen (s.k. fullmakter f\u00f6r hantering av fullmakter) och<\/li>\n<li>En f\u00f6r att m\u00f6jligg\u00f6ra myndighetsanv\u00e4ndning av tj\u00e4nsten Tillst\u00e5nd och tillsyn<\/li>\n<\/ul>\n<h3>Fullmakter f\u00f6r hantering av fullmakter<\/h3>\n<p>Hanteringen av fullmakter ansvarar som namnet antyder f\u00f6r den operativa hanteringen av fullmakterna i organisationen. Funktionen kan j\u00e4mf\u00f6ras med hanteringen av anv\u00e4ndarr\u00e4ttigheter: cheferna best\u00e4ller anv\u00e4ndarr\u00e4ttigheter till sin personal och hanteringen av anv\u00e4ndarr\u00e4ttigheterna g\u00f6r en elektronisk fullmakt utifr\u00e5n best\u00e4llningen.<\/p>\n<p>Den fullmaktstyp som s\u00f6ks f\u00f6r personer i fullmaktshanteringen \u00e4r <strong>&#8220;F\u00f6retr\u00e4darens fullmaktsr\u00e4ttigheter&#8221;<\/strong>. Fullmaktstypen m\u00f6jligg\u00f6r en effektiv hantering av beh\u00f6righeter (till\u00e4gg, avf\u00f6randen, \u00e4ndringar) elektroniskt i tj\u00e4nsten Suomi.fi-fullmakter. Det \u00e4r v\u00e4rt att notera att tj\u00e4nsten Tillst\u00e5nd och tillsyn inte kan anv\u00e4ndas med denna fullmaktstyp.<\/p>\n<p>N\u00e4r det g\u00e4ller fullmakter l\u00f6nar det sig f\u00f6r myndigheten att genomf\u00f6ra befintliga f\u00f6rvaltningsstrukturer och roller f\u00f6r att befullm\u00e4ktiga sin personal.<\/p>\n<p>Att beakta i fr\u00e5ga om fullmaktshanteringens fullmakter: &#8220;F\u00f6retr\u00e4darens fullmaktsr\u00e4ttigheter&#8221; kan l\u00e4ggas till, annulleras eller \u00e4ndras endast via Suomi.fi-tj\u00e4nsten f\u00f6r tj\u00e4nstemannabefullm\u00e4ktigande. Dessa \u00e4ndringar i fullmakterna kan s\u00e5ledes inte g\u00f6ras direkt elektroniskt, utan varje \u00e4ndring behandlas av en person vid Myndigheten f\u00f6r digitalisering och befolkningsdata.<\/p>\n<h3>Fullmakter som anv\u00e4ndningen av tj\u00e4nsten Tillst\u00e5nd och tillsyn m\u00f6jligg\u00f6r<\/h3>\n<p>Fullmaktstypen som ber\u00e4ttigar till anv\u00e4ndning av tj\u00e4nsten Tillst\u00e5nd och tillsyn \u00e4r <strong>&#8220;Representationsfullmakter&#8221;<\/strong>. Endast denna fullmaktstyp m\u00f6jligg\u00f6r anv\u00e4ndningen av tj\u00e4nsten Tillst\u00e5nd och tillsyn. N\u00e4r organisationens fullmaktshantering ger tj\u00e4nstemannen en fullmakt elektroniskt \u00e4r den i kraft omedelbart.<\/p>\n<h2>Fullmakts\u00e4rendet definierar myndighetsverksamheten<\/h2>\n<p>Myndighetsorganisationen fungerar i regel som den myndighet som behandlar tillst\u00e5nds- och tillsyns\u00e4renden i tj\u00e4nsten Tillst\u00e5nd och tillsyn (behandling av kundernas tillst\u00e5nds- och tillsynsans\u00f6kningar), men i vissa fall \u00e4ven som kund i tj\u00e4nsten \u2013 tillst\u00e5ndss\u00f6kande. I tj\u00e4nsten har dessa tv\u00e5 olika roller avskilts fr\u00e5n varandra genom att anv\u00e4nda olika <a href=\"https:\/\/www.suomi.fi\/fullmakter\/fullmaktsarenden\" target=\"_blank\" rel=\"noopener\">Suomi.fi-fullmakts\u00e4renden<\/a>:<\/p>\n<ul>\n<li><strong>Fullmakts\u00e4rende i myndighetsrollen:<\/strong>\u00a0<a href=\"https:\/\/www.suomi.fi\/fullmakter\/fullmaktsarenden\/myndighetsbehandling-av-tillstands-och-tillsynshelheter\/6f63c9bda527b1c916153f6e7fc4add4\" target=\"_blank\" rel=\"noopener\"><strong>Myndighetsbehandling av tillst\u00e5nds- och tillsynshelheter<\/strong><\/a><\/li>\n<li>Fullmakts\u00e4rende i kundrollen:\u00a0<a href=\"https:\/\/www.suomi.fi\/fullmakter\/fullmaktsarenden\/arenden-i-tillstands-och-tillsynshelheter\/a2c8c897afe8908160bd9cddd3647cb7\" target=\"_blank\" rel=\"noopener\">\u00c4renden i tillst\u00e5nds- och tillsynshelheter<\/a><\/li>\n<\/ul>\n<p>N\u00e4r kommunen inf\u00f6r tj\u00e4nsten Tillst\u00e5nd och tillsyn ansluter den sig till tj\u00e4nsten som en myndighet som behandlar tillst\u00e5nds- och tillsyns\u00e4renden, s\u00e5<strong> denna anvisning fokuserar p\u00e5 de \u00e5tg\u00e4rder som kr\u00e4vs i myndighetsrollen.\u00a0<\/strong>F\u00f6retag, samfund, offentligt samfund och personer kan vara kunder, men <strong>i myndighetsrollen endast den beh\u00f6riga myndigheten<\/strong>.\u00a0<\/p>\n","protected":false},"excerpt":{"rendered":"<p>Myndighetsanv\u00e4ndningen av tj\u00e4nsten Tillst\u00e5nd och tillsyn f\u00f6ruts\u00e4tter f\u00f6rutom identifiering av personen \u00e4ven fullmakt av organisationen i tj\u00e4nsten Suomi.fi-fullmakter\u00a0S\u00f6k de fullmakter som beh\u00f6vs f\u00f6r tj\u00e4nsten Tillst\u00e5nd och tillsyn enligt f\u00f6ljande: M\u00f6jligg\u00f6r elektroniskt befullm\u00e4ktigande i din organisation Be UF-centret om fullmakt \u2013 bekr\u00e4fta att du fungerar som myndighet i tj\u00e4nsten Tillst\u00e5nd och tillsyn\u00a0 Befullm\u00e4ktiga tj\u00e4nstem\u00e4n som anv\u00e4nder [&hellip;]<\/p>\n","protected":false},"author":14,"featured_media":0,"parent":8088,"menu_order":21,"comment_status":"closed","ping_status":"closed","template":"","meta":{"_acf_changed":false,"inline_featured_image":false,"footnotes":""},"class_list":["post-8099","page","type-page","status-publish","hentry"],"acf":{"ai_extra_content":"","ai_instructions":"","ai_hidden_page":false},"yoast_head":"<!-- This site is optimized with the Yoast SEO plugin v25.9 - https:\/\/yoast.com\/wordpress\/plugins\/seo\/ -->\n<title>Suomi.fi -fullmakter - Luvat ja valvonta<\/title>\n<meta name=\"robots\" content=\"index, follow, max-snippet:-1, max-image-preview:large, max-video-preview:-1\" \/>\n<link rel=\"canonical\" href=\"https:\/\/luvatjavalvonta.fi\/sv\/inforande\/raddningsverken\/genomfor\/suomi-fi-fullmakter\/\" \/>\n<meta property=\"og:locale\" content=\"sv_SE\" \/>\n<meta property=\"og:type\" content=\"article\" \/>\n<meta property=\"og:title\" content=\"Suomi.fi -fullmakter - Luvat ja valvonta\" \/>\n<meta property=\"og:description\" content=\"Myndighetsanv\u00e4ndningen av tj\u00e4nsten Tillst\u00e5nd och tillsyn f\u00f6ruts\u00e4tter f\u00f6rutom identifiering av personen \u00e4ven fullmakt av organisationen i tj\u00e4nsten Suomi.fi-fullmakter\u00a0S\u00f6k de fullmakter som beh\u00f6vs f\u00f6r tj\u00e4nsten Tillst\u00e5nd och tillsyn enligt f\u00f6ljande: M\u00f6jligg\u00f6r elektroniskt befullm\u00e4ktigande i din organisation Be UF-centret om fullmakt \u2013 bekr\u00e4fta att du fungerar som myndighet i tj\u00e4nsten Tillst\u00e5nd och tillsyn\u00a0 Befullm\u00e4ktiga tj\u00e4nstem\u00e4n som anv\u00e4nder [&hellip;]\" \/>\n<meta property=\"og:url\" content=\"https:\/\/luvatjavalvonta.fi\/sv\/inforande\/raddningsverken\/genomfor\/suomi-fi-fullmakter\/\" \/>\n<meta property=\"og:site_name\" content=\"Luvat ja valvonta\" \/>\n<meta property=\"article:modified_time\" content=\"2025-12-30T11:01:19+00:00\" \/>\n<meta name=\"twitter:card\" content=\"summary_large_image\" \/>\n<meta name=\"twitter:label1\" content=\"Est. reading time\" \/>\n\t<meta name=\"twitter:data1\" content=\"3 minutes\" \/>\n<script type=\"application\/ld+json\" class=\"yoast-schema-graph\">{\"@context\":\"https:\/\/schema.org\",\"@graph\":[{\"@type\":\"WebPage\",\"@id\":\"https:\/\/luvatjavalvonta.fi\/sv\/inforande\/raddningsverken\/genomfor\/suomi-fi-fullmakter\/\",\"url\":\"https:\/\/luvatjavalvonta.fi\/sv\/inforande\/raddningsverken\/genomfor\/suomi-fi-fullmakter\/\",\"name\":\"Suomi.fi -fullmakter - Luvat ja valvonta\",\"isPartOf\":{\"@id\":\"http:\/\/ec2-54-75-134-196.eu-west-1.compute.amazonaws.com\/sv\/#website\"},\"datePublished\":\"2025-10-14T12:41:12+00:00\",\"dateModified\":\"2025-12-30T11:01:19+00:00\",\"breadcrumb\":{\"@id\":\"https:\/\/luvatjavalvonta.fi\/sv\/inforande\/raddningsverken\/genomfor\/suomi-fi-fullmakter\/#breadcrumb\"},\"inLanguage\":\"sv-SE\",\"potentialAction\":[{\"@type\":\"ReadAction\",\"target\":[\"https:\/\/luvatjavalvonta.fi\/sv\/inforande\/raddningsverken\/genomfor\/suomi-fi-fullmakter\/\"]}]},{\"@type\":\"BreadcrumbList\",\"@id\":\"https:\/\/luvatjavalvonta.fi\/sv\/inforande\/raddningsverken\/genomfor\/suomi-fi-fullmakter\/#breadcrumb\",\"itemListElement\":[{\"@type\":\"ListItem\",\"position\":1,\"name\":\"Home\",\"item\":\"http:\/\/ec2-54-75-134-196.eu-west-1.compute.amazonaws.com\/sv\/\"},{\"@type\":\"ListItem\",\"position\":2,\"name\":\"Inf\u00f6rande och underh\u00e5ll av tj\u00e4nsten\",\"item\":\"https:\/\/www.luvatjavalvonta.fi\/sv\/inforande\/\"},{\"@type\":\"ListItem\",\"position\":3,\"name\":\"R\u00e4ddningsverken (v\u00e4lf\u00e4rdsomr\u00e5dena)\",\"item\":\"https:\/\/www.luvatjavalvonta.fi\/sv\/inforande\/raddningsverken\/\"},{\"@type\":\"ListItem\",\"position\":4,\"name\":\"Genomf\u00f6r\",\"item\":\"https:\/\/www.luvatjavalvonta.fi\/sv\/inforande\/raddningsverken\/genomfor\/\"},{\"@type\":\"ListItem\",\"position\":5,\"name\":\"Suomi.fi -fullmakter\"}]},{\"@type\":\"WebSite\",\"@id\":\"http:\/\/ec2-54-75-134-196.eu-west-1.compute.amazonaws.com\/sv\/#website\",\"url\":\"http:\/\/ec2-54-75-134-196.eu-west-1.compute.amazonaws.com\/sv\/\",\"name\":\"Luvat ja valvonta\",\"description\":\"\",\"potentialAction\":[{\"@type\":\"SearchAction\",\"target\":{\"@type\":\"EntryPoint\",\"urlTemplate\":\"http:\/\/ec2-54-75-134-196.eu-west-1.compute.amazonaws.com\/sv\/?s={search_term_string}\"},\"query-input\":{\"@type\":\"PropertyValueSpecification\",\"valueRequired\":true,\"valueName\":\"search_term_string\"}}],\"inLanguage\":\"sv-SE\"}]}<\/script>\n<!-- \/ Yoast SEO plugin. -->","yoast_head_json":{"title":"Suomi.fi -fullmakter - Luvat ja valvonta","robots":{"index":"index","follow":"follow","max-snippet":"max-snippet:-1","max-image-preview":"max-image-preview:large","max-video-preview":"max-video-preview:-1"},"canonical":"https:\/\/luvatjavalvonta.fi\/sv\/inforande\/raddningsverken\/genomfor\/suomi-fi-fullmakter\/","og_locale":"sv_SE","og_type":"article","og_title":"Suomi.fi -fullmakter - Luvat ja valvonta","og_description":"Myndighetsanv\u00e4ndningen av tj\u00e4nsten Tillst\u00e5nd och tillsyn f\u00f6ruts\u00e4tter f\u00f6rutom identifiering av personen \u00e4ven fullmakt av organisationen i tj\u00e4nsten Suomi.fi-fullmakter\u00a0S\u00f6k de fullmakter som beh\u00f6vs f\u00f6r tj\u00e4nsten Tillst\u00e5nd och tillsyn enligt f\u00f6ljande: M\u00f6jligg\u00f6r elektroniskt befullm\u00e4ktigande i din organisation Be UF-centret om fullmakt \u2013 bekr\u00e4fta att du fungerar som myndighet i tj\u00e4nsten Tillst\u00e5nd och tillsyn\u00a0 Befullm\u00e4ktiga tj\u00e4nstem\u00e4n som anv\u00e4nder [&hellip;]","og_url":"https:\/\/luvatjavalvonta.fi\/sv\/inforande\/raddningsverken\/genomfor\/suomi-fi-fullmakter\/","og_site_name":"Luvat ja valvonta","article_modified_time":"2025-12-30T11:01:19+00:00","twitter_card":"summary_large_image","twitter_misc":{"Est. reading time":"3 minutes"},"schema":{"@context":"https:\/\/schema.org","@graph":[{"@type":"WebPage","@id":"https:\/\/luvatjavalvonta.fi\/sv\/inforande\/raddningsverken\/genomfor\/suomi-fi-fullmakter\/","url":"https:\/\/luvatjavalvonta.fi\/sv\/inforande\/raddningsverken\/genomfor\/suomi-fi-fullmakter\/","name":"Suomi.fi -fullmakter - Luvat ja valvonta","isPartOf":{"@id":"http:\/\/ec2-54-75-134-196.eu-west-1.compute.amazonaws.com\/sv\/#website"},"datePublished":"2025-10-14T12:41:12+00:00","dateModified":"2025-12-30T11:01:19+00:00","breadcrumb":{"@id":"https:\/\/luvatjavalvonta.fi\/sv\/inforande\/raddningsverken\/genomfor\/suomi-fi-fullmakter\/#breadcrumb"},"inLanguage":"sv-SE","potentialAction":[{"@type":"ReadAction","target":["https:\/\/luvatjavalvonta.fi\/sv\/inforande\/raddningsverken\/genomfor\/suomi-fi-fullmakter\/"]}]},{"@type":"BreadcrumbList","@id":"https:\/\/luvatjavalvonta.fi\/sv\/inforande\/raddningsverken\/genomfor\/suomi-fi-fullmakter\/#breadcrumb","itemListElement":[{"@type":"ListItem","position":1,"name":"Home","item":"http:\/\/ec2-54-75-134-196.eu-west-1.compute.amazonaws.com\/sv\/"},{"@type":"ListItem","position":2,"name":"Inf\u00f6rande och underh\u00e5ll av tj\u00e4nsten","item":"https:\/\/www.luvatjavalvonta.fi\/sv\/inforande\/"},{"@type":"ListItem","position":3,"name":"R\u00e4ddningsverken (v\u00e4lf\u00e4rdsomr\u00e5dena)","item":"https:\/\/www.luvatjavalvonta.fi\/sv\/inforande\/raddningsverken\/"},{"@type":"ListItem","position":4,"name":"Genomf\u00f6r","item":"https:\/\/www.luvatjavalvonta.fi\/sv\/inforande\/raddningsverken\/genomfor\/"},{"@type":"ListItem","position":5,"name":"Suomi.fi -fullmakter"}]},{"@type":"WebSite","@id":"http:\/\/ec2-54-75-134-196.eu-west-1.compute.amazonaws.com\/sv\/#website","url":"http:\/\/ec2-54-75-134-196.eu-west-1.compute.amazonaws.com\/sv\/","name":"Luvat ja valvonta","description":"","potentialAction":[{"@type":"SearchAction","target":{"@type":"EntryPoint","urlTemplate":"http:\/\/ec2-54-75-134-196.eu-west-1.compute.amazonaws.com\/sv\/?s={search_term_string}"},"query-input":{"@type":"PropertyValueSpecification","valueRequired":true,"valueName":"search_term_string"}}],"inLanguage":"sv-SE"}]}},"_links":{"self":[{"href":"https:\/\/luvatjavalvonta.fi\/sv\/wp-json\/wp\/v2\/pages\/8099","targetHints":{"allow":["GET"]}}],"collection":[{"href":"https:\/\/luvatjavalvonta.fi\/sv\/wp-json\/wp\/v2\/pages"}],"about":[{"href":"https:\/\/luvatjavalvonta.fi\/sv\/wp-json\/wp\/v2\/types\/page"}],"author":[{"embeddable":true,"href":"https:\/\/luvatjavalvonta.fi\/sv\/wp-json\/wp\/v2\/users\/14"}],"replies":[{"embeddable":true,"href":"https:\/\/luvatjavalvonta.fi\/sv\/wp-json\/wp\/v2\/comments?post=8099"}],"version-history":[{"count":5,"href":"https:\/\/luvatjavalvonta.fi\/sv\/wp-json\/wp\/v2\/pages\/8099\/revisions"}],"predecessor-version":[{"id":8313,"href":"https:\/\/luvatjavalvonta.fi\/sv\/wp-json\/wp\/v2\/pages\/8099\/revisions\/8313"}],"up":[{"embeddable":true,"href":"https:\/\/luvatjavalvonta.fi\/sv\/wp-json\/wp\/v2\/pages\/8088"}],"wp:attachment":[{"href":"https:\/\/luvatjavalvonta.fi\/sv\/wp-json\/wp\/v2\/media?parent=8099"}],"curies":[{"name":"wp","href":"https:\/\/api.w.org\/{rel}","templated":true}]}}