{"id":8101,"date":"2025-10-14T15:41:36","date_gmt":"2025-10-14T12:41:36","guid":{"rendered":"https:\/\/luvatjavalvonta.fi\/?page_id=8101"},"modified":"2025-10-21T13:29:03","modified_gmt":"2025-10-21T10:29:03","slug":"mojliggor","status":"publish","type":"page","link":"https:\/\/luvatjavalvonta.fi\/sv\/inforande\/raddningsverken\/genomfor\/suomi-fi-fullmakter\/mojliggor\/","title":{"rendered":"M\u00f6jligg\u00f6r elektroniskt befullm\u00e4ktigande"},"content":{"rendered":"\n<hr class=\"wp-block-separator has-alpha-channel-opacity\"\/>\n\n\n\n<p>F\u00f6r kommunernas del b\u00f6rjar man befullm\u00e4ktigandet (Suomi.fi-fullmakter) genom att g\u00f6ra en ans\u00f6kan i <a href=\"https:\/\/www.suomi.fi\/fullmakter\/fullmakt-med-ansokan\" target=\"_blank\" rel=\"noopener\">Tj\u00e4nsten f\u00f6r tj\u00e4nstemannabefullm\u00e4ktigande (fullmakt med ans\u00f6kan)<\/a>. Med ans\u00f6kan ans\u00f6ker man om fullmakt f\u00f6r personer i organisationens fullmaktshantering, som efter att ans\u00f6kan godk\u00e4nts elektroniskt kan ge kommunens tj\u00e4nsteinnehavare fullmakt att anv\u00e4nda tj\u00e4nsten Tillst\u00e5nd och tillsyn.<\/p>\n<h2>Roller<\/h2>\n<p>I fullmakt med ans\u00f6kan finns f\u00f6ljande roller:<\/p>\n<h3>S\u00f6kande<\/h3>\n<p>Ans\u00f6kan kan fyllas i av vem som helst \u2013 vanligtvis av en person som h\u00f6r till kommunens personal och som har erfarenhet av tj\u00e4nsten Suomi.fi-fullmakter. Den s\u00f6kande sk\u00f6ter ifyllandet av ans\u00f6kan, bilagorna, de undertecknare som beh\u00f6vs och s\u00e4ndningen.<\/p>\n<h3>Undertecknare<\/h3>\n<p>\u00c4r personer inom kommunens f\u00f6rvaltning som har representationsr\u00e4tt (namnteckningsr\u00e4tt) i organisationen (vanligen kommunens ledning). Dessa personer framg\u00e5r av kommunens f\u00f6rvaltning och f\u00f6rvaltningsdokument.<\/p>\n<h3>Fullmaktstagare<\/h3>\n<p>\u00c4r personer i kommunens fullmaktshantering f\u00f6r vilka fullmakt s\u00f6ks. Efter befullm\u00e4ktigandet kan dessa personer hantera de s\u00f6kta fullmakterna i organisationen<\/p>\n<ul>\n<li>Hantering av fullmakter i anslutning till det ans\u00f6kta fullmakts\u00e4rendet (Myndighetsbehandling av tillst\u00e5nds- och tillsynshelheterna). De befullm\u00e4ktigade personerna kan ge och annullera fullmakter f\u00f6r de kommunala myndigheter som anv\u00e4nder tj\u00e4nsten Tillst\u00e5nd och tillsyn \u2013 med andra ord ge och \u00e5terkalla anv\u00e4ndarr\u00e4ttigheter till tj\u00e4nsten med fullmakt av sin kommun<\/li>\n<li>Rekommendation: personerna i fullmaktshanteringen befullm\u00e4ktigas i enlighet med organisationens f\u00f6rvaltningsanvisningar<\/li>\n<\/ul>\n<h2>Ans\u00f6kans tj\u00e4nstespecifika uppgifter<\/h2>\n<p>Du beh\u00f6ver f\u00f6ljande uppgifter i anslutning till tj\u00e4nsten Tillst\u00e5nd och tillsyn f\u00f6r ans\u00f6kan:<\/p>\n<h3>Fullmakts\u00e4rende<\/h3>\n<p>Ett fullmakts\u00e4rende som m\u00f6jligg\u00f6r myndighetsanv\u00e4ndning av tj\u00e4nsten Tillst\u00e5nd och tillsyn \u00e4r <strong>\u201dMyndighetshantering av tillst\u00e5nds- och tillsynshelheter\u201d<\/strong><\/p>\n<h3>Fullmaktstyp<\/h3>\n<p>Den fullmaktstyp som s\u00f6ks f\u00f6r personer i kommunens fullmaktshantering \u00e4r <strong>&#8220;F\u00f6retr\u00e4darens fullmaktsr\u00e4tt&#8221;<\/strong>.<\/p>\n<h2>Ans\u00f6kningsprocessen<\/h2>\n<p><img loading=\"lazy\" decoding=\"async\" class=\"aligncenter size-large wp-image-7874\" src=\"https:\/\/luvatjavalvonta.fi\/content\/uploads\/2025\/10\/Prosessi1_SV-1024x780.png\" alt=\"\" width=\"1024\" height=\"780\" srcset=\"https:\/\/luvatjavalvonta.fi\/content\/uploads\/2025\/10\/Prosessi1_SV-1024x780.png 1024w, https:\/\/luvatjavalvonta.fi\/content\/uploads\/2025\/10\/Prosessi1_SV-300x228.png 300w, https:\/\/luvatjavalvonta.fi\/content\/uploads\/2025\/10\/Prosessi1_SV-768x585.png 768w, https:\/\/luvatjavalvonta.fi\/content\/uploads\/2025\/10\/Prosessi1_SV-1536x1170.png 1536w, https:\/\/luvatjavalvonta.fi\/content\/uploads\/2025\/10\/Prosessi1_SV-2048x1560.png 2048w, https:\/\/luvatjavalvonta.fi\/content\/uploads\/2025\/10\/Prosessi1_SV-263x200.png 263w\" sizes=\"auto, (max-width: 1024px) 100vw, 1024px\" \/><\/p>\n<h3>1. Ans\u00f6k om fullmakter i Suomi.fi-tj\u00e4nsten f\u00f6r tj\u00e4nstemannabefullm\u00e4ktigande (fullmakt med ans\u00f6kan)<\/h3>\n<ul>\n<li>Fyll i ans\u00f6kan p\u00e5 adressen <a href=\"https:\/\/www.suomi.fi\/fullmakter\/fullmakt-med-ansokan\" target=\"_blank\" rel=\"noopener\">https:\/\/www.suomi.fi\/fullmakter\/fullmakt-med-ansokan<\/a>.\n<ul>\n<li><a href=\"https:\/\/dvv.fi\/documents\/16079645\/37328995\/Julkisyhteisojen+ohjeet,+pdf.pdf\/703d31bc-10a8-fe4b-bb77-eb1bf9446d4d\/Julkisyhteisojen+ohjeet,+pdf.pdf?t=1647933410647\" target=\"_blank\" rel=\"noopener\">Anvisningar f\u00f6r att ge fullmakt med ans\u00f6kan<\/a> (Myndigheten f\u00f6r digitalisering och befolkningsdata)<\/li>\n<li><a href=\"https:\/\/luvatjavalvonta.fi\/sv\/inforande\/instruktioner\/ansokan-om-befullmaktigande-av-tjansteman\/\" target=\"_blank\" rel=\"noopener\"><strong>Tj\u00e4nstespecifik information<\/strong><\/a> f\u00f6r tj\u00e4nsten Tillst\u00e5nd och tillsyn f\u00f6r att f\u00e5 r\u00e4tt fullmakt<\/li>\n<\/ul>\n<\/li>\n<li>S\u00f6k fullmakter f\u00f6r personer som verkar i organisationens operativa fullmaktshantering<\/li>\n<li>Bifoga n\u00f6dv\u00e4ndiga bilagor till ans\u00f6kan<\/li>\n<li>Anteckna de undertecknare som har r\u00e4tt att f\u00f6retr\u00e4da kommunen i ans\u00f6kan<\/li>\n<li>Skicka ans\u00f6kan<\/li>\n<\/ul>\n<h3>2. Kontrollera att ans\u00f6kan undertecknats<\/h3>\n<ul>\n<li>De personer som har r\u00e4tt att f\u00f6retr\u00e4da kommunen \u00e4r undertecknare<\/li>\n<li>Suomi.fi-tj\u00e4nsten bjuder in de personer som angetts i ans\u00f6kan att underteckna ans\u00f6kan<\/li>\n<li>S\u00e4kerst\u00e4ll med personerna att undertecknandet \u00e4r gjort, eftersom ans\u00f6kan inte framskrider utan underskrifter<\/li>\n<\/ul>\n<h3>3. Behandling av ans\u00f6kan (MDB)<\/h3>\n<ul>\n<li>Behandlingen av ans\u00f6kan g\u00f6rs vid Myndigheten f\u00f6r digitalisering och befolkningsdata<\/li>\n<li>\u00c4ven om ans\u00f6kan i regel g\u00f6rs elektroniskt i Suomi.fi-tj\u00e4nsten, behandlas den av en person vid Myndigheten f\u00f6r digitalisering och befolkningsdata<\/li>\n<li>Ans\u00f6kan godk\u00e4nns eller s\u00e5 f\u00e5r s\u00f6kanden en beg\u00e4ran om till\u00e4ggsuppgifter<\/li>\n<\/ul>\n<h3>4. Meddelande om behandlingen till de befullm\u00e4ktigade<\/h3>\n<ul>\n<li>N\u00e4r ans\u00f6kan har godk\u00e4nts f\u00e5r de befullm\u00e4ktigade personerna ett meddelande om detta<\/li>\n<li>Personer i fullmaktshanteringen kan d\u00e4refter befullm\u00e4ktiga tj\u00e4nsteinnehavare till tj\u00e4nsten Tillst\u00e5nd och tillsyn<\/li>\n<\/ul>\n","protected":false},"excerpt":{"rendered":"<p>F\u00f6r kommunernas del b\u00f6rjar man befullm\u00e4ktigandet (Suomi.fi-fullmakter) genom att g\u00f6ra en ans\u00f6kan i Tj\u00e4nsten f\u00f6r tj\u00e4nstemannabefullm\u00e4ktigande (fullmakt med ans\u00f6kan). Med ans\u00f6kan ans\u00f6ker man om fullmakt f\u00f6r personer i organisationens fullmaktshantering, som efter att ans\u00f6kan godk\u00e4nts elektroniskt kan ge kommunens tj\u00e4nsteinnehavare fullmakt att anv\u00e4nda tj\u00e4nsten Tillst\u00e5nd och tillsyn. Roller I fullmakt med ans\u00f6kan finns f\u00f6ljande roller: [&hellip;]<\/p>\n","protected":false},"author":14,"featured_media":0,"parent":8099,"menu_order":0,"comment_status":"closed","ping_status":"closed","template":"","meta":{"_acf_changed":false,"inline_featured_image":false,"footnotes":""},"class_list":["post-8101","page","type-page","status-publish","hentry"],"acf":{"ai_extra_content":"","ai_instructions":"","ai_hidden_page":false},"yoast_head":"<!-- This site is optimized with the Yoast SEO plugin v25.9 - https:\/\/yoast.com\/wordpress\/plugins\/seo\/ -->\n<title>M\u00f6jligg\u00f6r elektroniskt befullm\u00e4ktigande - Luvat ja valvonta<\/title>\n<meta name=\"robots\" content=\"index, follow, max-snippet:-1, max-image-preview:large, max-video-preview:-1\" \/>\n<link rel=\"canonical\" href=\"https:\/\/luvatjavalvonta.fi\/sv\/inforande\/raddningsverken\/genomfor\/suomi-fi-fullmakter\/mojliggor\/\" \/>\n<meta property=\"og:locale\" content=\"sv_SE\" \/>\n<meta property=\"og:type\" content=\"article\" \/>\n<meta property=\"og:title\" content=\"M\u00f6jligg\u00f6r elektroniskt befullm\u00e4ktigande - Luvat ja valvonta\" \/>\n<meta property=\"og:description\" content=\"F\u00f6r kommunernas del b\u00f6rjar man befullm\u00e4ktigandet (Suomi.fi-fullmakter) genom att g\u00f6ra en ans\u00f6kan i Tj\u00e4nsten f\u00f6r tj\u00e4nstemannabefullm\u00e4ktigande (fullmakt med ans\u00f6kan). Med ans\u00f6kan ans\u00f6ker man om fullmakt f\u00f6r personer i organisationens fullmaktshantering, som efter att ans\u00f6kan godk\u00e4nts elektroniskt kan ge kommunens tj\u00e4nsteinnehavare fullmakt att anv\u00e4nda tj\u00e4nsten Tillst\u00e5nd och tillsyn. Roller I fullmakt med ans\u00f6kan finns f\u00f6ljande roller: [&hellip;]\" \/>\n<meta property=\"og:url\" content=\"https:\/\/luvatjavalvonta.fi\/sv\/inforande\/raddningsverken\/genomfor\/suomi-fi-fullmakter\/mojliggor\/\" \/>\n<meta property=\"og:site_name\" content=\"Luvat ja valvonta\" \/>\n<meta property=\"article:modified_time\" content=\"2025-10-21T10:29:03+00:00\" \/>\n<meta property=\"og:image\" content=\"https:\/\/luvatjavalvonta.fi\/content\/uploads\/2025\/10\/Prosessi1_SV-1024x780.png\" \/>\n<meta name=\"twitter:card\" content=\"summary_large_image\" \/>\n<meta name=\"twitter:label1\" content=\"Est. reading time\" \/>\n\t<meta name=\"twitter:data1\" content=\"3 minutes\" \/>\n<script type=\"application\/ld+json\" class=\"yoast-schema-graph\">{\"@context\":\"https:\/\/schema.org\",\"@graph\":[{\"@type\":\"WebPage\",\"@id\":\"https:\/\/luvatjavalvonta.fi\/sv\/inforande\/raddningsverken\/genomfor\/suomi-fi-fullmakter\/mojliggor\/\",\"url\":\"https:\/\/luvatjavalvonta.fi\/sv\/inforande\/raddningsverken\/genomfor\/suomi-fi-fullmakter\/mojliggor\/\",\"name\":\"M\u00f6jligg\u00f6r elektroniskt befullm\u00e4ktigande - Luvat ja valvonta\",\"isPartOf\":{\"@id\":\"http:\/\/ec2-54-75-134-196.eu-west-1.compute.amazonaws.com\/sv\/#website\"},\"primaryImageOfPage\":{\"@id\":\"https:\/\/luvatjavalvonta.fi\/sv\/inforande\/raddningsverken\/genomfor\/suomi-fi-fullmakter\/mojliggor\/#primaryimage\"},\"image\":{\"@id\":\"https:\/\/luvatjavalvonta.fi\/sv\/inforande\/raddningsverken\/genomfor\/suomi-fi-fullmakter\/mojliggor\/#primaryimage\"},\"thumbnailUrl\":\"https:\/\/luvatjavalvonta.fi\/content\/uploads\/2025\/10\/Prosessi1_SV-1024x780.png\",\"datePublished\":\"2025-10-14T12:41:36+00:00\",\"dateModified\":\"2025-10-21T10:29:03+00:00\",\"breadcrumb\":{\"@id\":\"https:\/\/luvatjavalvonta.fi\/sv\/inforande\/raddningsverken\/genomfor\/suomi-fi-fullmakter\/mojliggor\/#breadcrumb\"},\"inLanguage\":\"sv-SE\",\"potentialAction\":[{\"@type\":\"ReadAction\",\"target\":[\"https:\/\/luvatjavalvonta.fi\/sv\/inforande\/raddningsverken\/genomfor\/suomi-fi-fullmakter\/mojliggor\/\"]}]},{\"@type\":\"ImageObject\",\"inLanguage\":\"sv-SE\",\"@id\":\"https:\/\/luvatjavalvonta.fi\/sv\/inforande\/raddningsverken\/genomfor\/suomi-fi-fullmakter\/mojliggor\/#primaryimage\",\"url\":\"https:\/\/luvatjavalvonta.fi\/content\/uploads\/2025\/10\/Prosessi1_SV-1024x780.png\",\"contentUrl\":\"https:\/\/luvatjavalvonta.fi\/content\/uploads\/2025\/10\/Prosessi1_SV-1024x780.png\"},{\"@type\":\"BreadcrumbList\",\"@id\":\"https:\/\/luvatjavalvonta.fi\/sv\/inforande\/raddningsverken\/genomfor\/suomi-fi-fullmakter\/mojliggor\/#breadcrumb\",\"itemListElement\":[{\"@type\":\"ListItem\",\"position\":1,\"name\":\"Home\",\"item\":\"http:\/\/ec2-54-75-134-196.eu-west-1.compute.amazonaws.com\/sv\/\"},{\"@type\":\"ListItem\",\"position\":2,\"name\":\"Inf\u00f6rande och underh\u00e5ll av tj\u00e4nsten\",\"item\":\"https:\/\/www.luvatjavalvonta.fi\/sv\/inforande\/\"},{\"@type\":\"ListItem\",\"position\":3,\"name\":\"R\u00e4ddningsverken (v\u00e4lf\u00e4rdsomr\u00e5dena)\",\"item\":\"https:\/\/www.luvatjavalvonta.fi\/sv\/inforande\/raddningsverken\/\"},{\"@type\":\"ListItem\",\"position\":4,\"name\":\"Genomf\u00f6r\",\"item\":\"https:\/\/www.luvatjavalvonta.fi\/sv\/inforande\/raddningsverken\/genomfor\/\"},{\"@type\":\"ListItem\",\"position\":5,\"name\":\"Suomi.fi -fullmakter\",\"item\":\"https:\/\/luvatjavalvonta.fi\/sv\/inforande\/raddningsverken\/genomfor\/suomi-fi-fullmakter\/\"},{\"@type\":\"ListItem\",\"position\":6,\"name\":\"M\u00f6jligg\u00f6r elektroniskt befullm\u00e4ktigande\"}]},{\"@type\":\"WebSite\",\"@id\":\"http:\/\/ec2-54-75-134-196.eu-west-1.compute.amazonaws.com\/sv\/#website\",\"url\":\"http:\/\/ec2-54-75-134-196.eu-west-1.compute.amazonaws.com\/sv\/\",\"name\":\"Luvat ja valvonta\",\"description\":\"\",\"potentialAction\":[{\"@type\":\"SearchAction\",\"target\":{\"@type\":\"EntryPoint\",\"urlTemplate\":\"http:\/\/ec2-54-75-134-196.eu-west-1.compute.amazonaws.com\/sv\/?s={search_term_string}\"},\"query-input\":{\"@type\":\"PropertyValueSpecification\",\"valueRequired\":true,\"valueName\":\"search_term_string\"}}],\"inLanguage\":\"sv-SE\"}]}<\/script>\n<!-- \/ Yoast SEO plugin. -->","yoast_head_json":{"title":"M\u00f6jligg\u00f6r elektroniskt befullm\u00e4ktigande - Luvat ja valvonta","robots":{"index":"index","follow":"follow","max-snippet":"max-snippet:-1","max-image-preview":"max-image-preview:large","max-video-preview":"max-video-preview:-1"},"canonical":"https:\/\/luvatjavalvonta.fi\/sv\/inforande\/raddningsverken\/genomfor\/suomi-fi-fullmakter\/mojliggor\/","og_locale":"sv_SE","og_type":"article","og_title":"M\u00f6jligg\u00f6r elektroniskt befullm\u00e4ktigande - Luvat ja valvonta","og_description":"F\u00f6r kommunernas del b\u00f6rjar man befullm\u00e4ktigandet (Suomi.fi-fullmakter) genom att g\u00f6ra en ans\u00f6kan i Tj\u00e4nsten f\u00f6r tj\u00e4nstemannabefullm\u00e4ktigande (fullmakt med ans\u00f6kan). Med ans\u00f6kan ans\u00f6ker man om fullmakt f\u00f6r personer i organisationens fullmaktshantering, som efter att ans\u00f6kan godk\u00e4nts elektroniskt kan ge kommunens tj\u00e4nsteinnehavare fullmakt att anv\u00e4nda tj\u00e4nsten Tillst\u00e5nd och tillsyn. Roller I fullmakt med ans\u00f6kan finns f\u00f6ljande roller: [&hellip;]","og_url":"https:\/\/luvatjavalvonta.fi\/sv\/inforande\/raddningsverken\/genomfor\/suomi-fi-fullmakter\/mojliggor\/","og_site_name":"Luvat ja valvonta","article_modified_time":"2025-10-21T10:29:03+00:00","og_image":[{"url":"https:\/\/luvatjavalvonta.fi\/content\/uploads\/2025\/10\/Prosessi1_SV-1024x780.png","type":"","width":"","height":""}],"twitter_card":"summary_large_image","twitter_misc":{"Est. reading time":"3 minutes"},"schema":{"@context":"https:\/\/schema.org","@graph":[{"@type":"WebPage","@id":"https:\/\/luvatjavalvonta.fi\/sv\/inforande\/raddningsverken\/genomfor\/suomi-fi-fullmakter\/mojliggor\/","url":"https:\/\/luvatjavalvonta.fi\/sv\/inforande\/raddningsverken\/genomfor\/suomi-fi-fullmakter\/mojliggor\/","name":"M\u00f6jligg\u00f6r elektroniskt befullm\u00e4ktigande - Luvat ja valvonta","isPartOf":{"@id":"http:\/\/ec2-54-75-134-196.eu-west-1.compute.amazonaws.com\/sv\/#website"},"primaryImageOfPage":{"@id":"https:\/\/luvatjavalvonta.fi\/sv\/inforande\/raddningsverken\/genomfor\/suomi-fi-fullmakter\/mojliggor\/#primaryimage"},"image":{"@id":"https:\/\/luvatjavalvonta.fi\/sv\/inforande\/raddningsverken\/genomfor\/suomi-fi-fullmakter\/mojliggor\/#primaryimage"},"thumbnailUrl":"https:\/\/luvatjavalvonta.fi\/content\/uploads\/2025\/10\/Prosessi1_SV-1024x780.png","datePublished":"2025-10-14T12:41:36+00:00","dateModified":"2025-10-21T10:29:03+00:00","breadcrumb":{"@id":"https:\/\/luvatjavalvonta.fi\/sv\/inforande\/raddningsverken\/genomfor\/suomi-fi-fullmakter\/mojliggor\/#breadcrumb"},"inLanguage":"sv-SE","potentialAction":[{"@type":"ReadAction","target":["https:\/\/luvatjavalvonta.fi\/sv\/inforande\/raddningsverken\/genomfor\/suomi-fi-fullmakter\/mojliggor\/"]}]},{"@type":"ImageObject","inLanguage":"sv-SE","@id":"https:\/\/luvatjavalvonta.fi\/sv\/inforande\/raddningsverken\/genomfor\/suomi-fi-fullmakter\/mojliggor\/#primaryimage","url":"https:\/\/luvatjavalvonta.fi\/content\/uploads\/2025\/10\/Prosessi1_SV-1024x780.png","contentUrl":"https:\/\/luvatjavalvonta.fi\/content\/uploads\/2025\/10\/Prosessi1_SV-1024x780.png"},{"@type":"BreadcrumbList","@id":"https:\/\/luvatjavalvonta.fi\/sv\/inforande\/raddningsverken\/genomfor\/suomi-fi-fullmakter\/mojliggor\/#breadcrumb","itemListElement":[{"@type":"ListItem","position":1,"name":"Home","item":"http:\/\/ec2-54-75-134-196.eu-west-1.compute.amazonaws.com\/sv\/"},{"@type":"ListItem","position":2,"name":"Inf\u00f6rande och underh\u00e5ll av tj\u00e4nsten","item":"https:\/\/www.luvatjavalvonta.fi\/sv\/inforande\/"},{"@type":"ListItem","position":3,"name":"R\u00e4ddningsverken (v\u00e4lf\u00e4rdsomr\u00e5dena)","item":"https:\/\/www.luvatjavalvonta.fi\/sv\/inforande\/raddningsverken\/"},{"@type":"ListItem","position":4,"name":"Genomf\u00f6r","item":"https:\/\/www.luvatjavalvonta.fi\/sv\/inforande\/raddningsverken\/genomfor\/"},{"@type":"ListItem","position":5,"name":"Suomi.fi -fullmakter","item":"https:\/\/luvatjavalvonta.fi\/sv\/inforande\/raddningsverken\/genomfor\/suomi-fi-fullmakter\/"},{"@type":"ListItem","position":6,"name":"M\u00f6jligg\u00f6r elektroniskt befullm\u00e4ktigande"}]},{"@type":"WebSite","@id":"http:\/\/ec2-54-75-134-196.eu-west-1.compute.amazonaws.com\/sv\/#website","url":"http:\/\/ec2-54-75-134-196.eu-west-1.compute.amazonaws.com\/sv\/","name":"Luvat ja valvonta","description":"","potentialAction":[{"@type":"SearchAction","target":{"@type":"EntryPoint","urlTemplate":"http:\/\/ec2-54-75-134-196.eu-west-1.compute.amazonaws.com\/sv\/?s={search_term_string}"},"query-input":{"@type":"PropertyValueSpecification","valueRequired":true,"valueName":"search_term_string"}}],"inLanguage":"sv-SE"}]}},"_links":{"self":[{"href":"https:\/\/luvatjavalvonta.fi\/sv\/wp-json\/wp\/v2\/pages\/8101","targetHints":{"allow":["GET"]}}],"collection":[{"href":"https:\/\/luvatjavalvonta.fi\/sv\/wp-json\/wp\/v2\/pages"}],"about":[{"href":"https:\/\/luvatjavalvonta.fi\/sv\/wp-json\/wp\/v2\/types\/page"}],"author":[{"embeddable":true,"href":"https:\/\/luvatjavalvonta.fi\/sv\/wp-json\/wp\/v2\/users\/14"}],"replies":[{"embeddable":true,"href":"https:\/\/luvatjavalvonta.fi\/sv\/wp-json\/wp\/v2\/comments?post=8101"}],"version-history":[{"count":4,"href":"https:\/\/luvatjavalvonta.fi\/sv\/wp-json\/wp\/v2\/pages\/8101\/revisions"}],"predecessor-version":[{"id":8258,"href":"https:\/\/luvatjavalvonta.fi\/sv\/wp-json\/wp\/v2\/pages\/8101\/revisions\/8258"}],"up":[{"embeddable":true,"href":"https:\/\/luvatjavalvonta.fi\/sv\/wp-json\/wp\/v2\/pages\/8099"}],"wp:attachment":[{"href":"https:\/\/luvatjavalvonta.fi\/sv\/wp-json\/wp\/v2\/media?parent=8101"}],"curies":[{"name":"wp","href":"https:\/\/api.w.org\/{rel}","templated":true}]}}