{"id":8116,"date":"2025-10-14T15:47:34","date_gmt":"2025-10-14T12:47:34","guid":{"rendered":"https:\/\/luvatjavalvonta.fi\/?page_id=8116"},"modified":"2025-10-20T12:32:51","modified_gmt":"2025-10-20T09:32:51","slug":"befullmaktiga-tjansteinnehavare","status":"publish","type":"page","link":"https:\/\/luvatjavalvonta.fi\/sv\/inforande\/raddningsverken\/genomfor\/suomi-fi-fullmakter\/befullmaktiga-tjansteinnehavare\/","title":{"rendered":"Befullm\u00e4ktiga tj\u00e4nsteinnehavare"},"content":{"rendered":"\n<hr class=\"wp-block-separator has-alpha-channel-opacity\"\/>\n\n\n\n<h2>Hantering av fullmakter f\u00f6r myndighetshandl\u00e4ggare av tillst\u00e5nds- och tillsyns\u00e4renden<\/h2>\n<p>Organisationens fullmaktshantering ger och \u00e5terkallar fullmakter f\u00f6r myndighetshandl\u00e4ggare av tillst\u00e5nds- och tillsyns\u00e4renden elektroniskt i Suomi.fi-tj\u00e4nsten och de tr\u00e4der genast i kraft (ingen extern leveranstid). Fullmaktstypen f\u00f6r myndighetshandl\u00e4ggare \u00e4r \u201d<strong>Representationsfullmakt<\/strong>\u201d och den \u00e4r den enda fullmaktstyp med vilken tj\u00e4nsten Tillst\u00e5nd och tillsyn kan anv\u00e4ndas.<\/p>\n<p><img loading=\"lazy\" decoding=\"async\" class=\"aligncenter size-large wp-image-7882\" src=\"https:\/\/luvatjavalvonta.fi\/content\/uploads\/2025\/10\/Prosessi3_SV-1024x611.png\" alt=\"\" width=\"1024\" height=\"611\" srcset=\"https:\/\/luvatjavalvonta.fi\/content\/uploads\/2025\/10\/Prosessi3_SV-1024x611.png 1024w, https:\/\/luvatjavalvonta.fi\/content\/uploads\/2025\/10\/Prosessi3_SV-300x179.png 300w, https:\/\/luvatjavalvonta.fi\/content\/uploads\/2025\/10\/Prosessi3_SV-768x458.png 768w, https:\/\/luvatjavalvonta.fi\/content\/uploads\/2025\/10\/Prosessi3_SV-1536x916.png 1536w, https:\/\/luvatjavalvonta.fi\/content\/uploads\/2025\/10\/Prosessi3_SV.png 1866w\" sizes=\"auto, (max-width: 1024px) 100vw, 1024px\" \/><\/p>\n<p>Fullmakter ges och annulleras enligt organisationens behov \u2013 nya personer kommer och befintliga avg\u00e5r. Hanteringen av fullmakter \u00e4r ett kontinuerligt operativt arbete.\u00a0<\/p>\n<p>G\u00e5 till den stegvisa illustrerade anvisningen f\u00f6r <a href=\"https:\/\/luvatjavalvonta.fi\/sv\/inforande\/instruktioner\/fullmakter-for-myndighetens-handlaggare\/\" target=\"_blank\" rel=\"noopener\"><strong>beviljande av fullmakt f\u00f6r myndighetshandl\u00e4ggare<\/strong><\/a><strong>.<\/strong><\/p>\n<p>N\u00e4r organisationen har fullmaktshanteringen under kontroll kan du g\u00e5 vidare till n\u00e4sta skede.<\/p>\n","protected":false},"excerpt":{"rendered":"<p>Hantering av fullmakter f\u00f6r myndighetshandl\u00e4ggare av tillst\u00e5nds- och tillsyns\u00e4renden Organisationens fullmaktshantering ger och \u00e5terkallar fullmakter f\u00f6r myndighetshandl\u00e4ggare av tillst\u00e5nds- och tillsyns\u00e4renden elektroniskt i Suomi.fi-tj\u00e4nsten och de tr\u00e4der genast i kraft (ingen extern leveranstid). Fullmaktstypen f\u00f6r myndighetshandl\u00e4ggare \u00e4r \u201dRepresentationsfullmakt\u201d och den \u00e4r den enda fullmaktstyp med vilken tj\u00e4nsten Tillst\u00e5nd och tillsyn kan anv\u00e4ndas. Fullmakter ges och [&hellip;]<\/p>\n","protected":false},"author":14,"featured_media":0,"parent":8099,"menu_order":23,"comment_status":"closed","ping_status":"closed","template":"","meta":{"_acf_changed":false,"inline_featured_image":false,"footnotes":""},"class_list":["post-8116","page","type-page","status-publish","hentry"],"acf":{"ai_extra_content":"","ai_instructions":"","ai_hidden_page":false},"yoast_head":"<!-- This site is optimized with the Yoast SEO plugin v25.9 - https:\/\/yoast.com\/wordpress\/plugins\/seo\/ -->\n<title>Befullm\u00e4ktiga tj\u00e4nsteinnehavare - Luvat ja valvonta<\/title>\n<meta name=\"robots\" content=\"index, follow, max-snippet:-1, max-image-preview:large, max-video-preview:-1\" \/>\n<link rel=\"canonical\" href=\"https:\/\/luvatjavalvonta.fi\/sv\/inforande\/raddningsverken\/genomfor\/suomi-fi-fullmakter\/befullmaktiga-tjansteinnehavare\/\" \/>\n<meta property=\"og:locale\" content=\"sv_SE\" \/>\n<meta property=\"og:type\" content=\"article\" \/>\n<meta property=\"og:title\" content=\"Befullm\u00e4ktiga tj\u00e4nsteinnehavare - Luvat ja valvonta\" \/>\n<meta property=\"og:description\" content=\"Hantering av fullmakter f\u00f6r myndighetshandl\u00e4ggare av tillst\u00e5nds- och tillsyns\u00e4renden Organisationens fullmaktshantering ger och \u00e5terkallar fullmakter f\u00f6r myndighetshandl\u00e4ggare av tillst\u00e5nds- och tillsyns\u00e4renden elektroniskt i Suomi.fi-tj\u00e4nsten och de tr\u00e4der genast i kraft (ingen extern leveranstid). Fullmaktstypen f\u00f6r myndighetshandl\u00e4ggare \u00e4r \u201dRepresentationsfullmakt\u201d och den \u00e4r den enda fullmaktstyp med vilken tj\u00e4nsten Tillst\u00e5nd och tillsyn kan anv\u00e4ndas. Fullmakter ges och [&hellip;]\" \/>\n<meta property=\"og:url\" content=\"https:\/\/luvatjavalvonta.fi\/sv\/inforande\/raddningsverken\/genomfor\/suomi-fi-fullmakter\/befullmaktiga-tjansteinnehavare\/\" \/>\n<meta property=\"og:site_name\" content=\"Luvat ja valvonta\" \/>\n<meta property=\"article:modified_time\" content=\"2025-10-20T09:32:51+00:00\" \/>\n<meta property=\"og:image\" content=\"https:\/\/luvatjavalvonta.fi\/content\/uploads\/2025\/10\/Prosessi3_SV-1024x611.png\" \/>\n<meta name=\"twitter:card\" content=\"summary_large_image\" \/>\n<meta name=\"twitter:label1\" content=\"Est. reading time\" \/>\n\t<meta name=\"twitter:data1\" content=\"1 minute\" \/>\n<script type=\"application\/ld+json\" class=\"yoast-schema-graph\">{\"@context\":\"https:\/\/schema.org\",\"@graph\":[{\"@type\":\"WebPage\",\"@id\":\"https:\/\/luvatjavalvonta.fi\/sv\/inforande\/raddningsverken\/genomfor\/suomi-fi-fullmakter\/befullmaktiga-tjansteinnehavare\/\",\"url\":\"https:\/\/luvatjavalvonta.fi\/sv\/inforande\/raddningsverken\/genomfor\/suomi-fi-fullmakter\/befullmaktiga-tjansteinnehavare\/\",\"name\":\"Befullm\u00e4ktiga tj\u00e4nsteinnehavare - Luvat ja valvonta\",\"isPartOf\":{\"@id\":\"http:\/\/ec2-54-75-134-196.eu-west-1.compute.amazonaws.com\/sv\/#website\"},\"primaryImageOfPage\":{\"@id\":\"https:\/\/luvatjavalvonta.fi\/sv\/inforande\/raddningsverken\/genomfor\/suomi-fi-fullmakter\/befullmaktiga-tjansteinnehavare\/#primaryimage\"},\"image\":{\"@id\":\"https:\/\/luvatjavalvonta.fi\/sv\/inforande\/raddningsverken\/genomfor\/suomi-fi-fullmakter\/befullmaktiga-tjansteinnehavare\/#primaryimage\"},\"thumbnailUrl\":\"https:\/\/luvatjavalvonta.fi\/content\/uploads\/2025\/10\/Prosessi3_SV-1024x611.png\",\"datePublished\":\"2025-10-14T12:47:34+00:00\",\"dateModified\":\"2025-10-20T09:32:51+00:00\",\"breadcrumb\":{\"@id\":\"https:\/\/luvatjavalvonta.fi\/sv\/inforande\/raddningsverken\/genomfor\/suomi-fi-fullmakter\/befullmaktiga-tjansteinnehavare\/#breadcrumb\"},\"inLanguage\":\"sv-SE\",\"potentialAction\":[{\"@type\":\"ReadAction\",\"target\":[\"https:\/\/luvatjavalvonta.fi\/sv\/inforande\/raddningsverken\/genomfor\/suomi-fi-fullmakter\/befullmaktiga-tjansteinnehavare\/\"]}]},{\"@type\":\"ImageObject\",\"inLanguage\":\"sv-SE\",\"@id\":\"https:\/\/luvatjavalvonta.fi\/sv\/inforande\/raddningsverken\/genomfor\/suomi-fi-fullmakter\/befullmaktiga-tjansteinnehavare\/#primaryimage\",\"url\":\"https:\/\/luvatjavalvonta.fi\/content\/uploads\/2025\/10\/Prosessi3_SV-1024x611.png\",\"contentUrl\":\"https:\/\/luvatjavalvonta.fi\/content\/uploads\/2025\/10\/Prosessi3_SV-1024x611.png\"},{\"@type\":\"BreadcrumbList\",\"@id\":\"https:\/\/luvatjavalvonta.fi\/sv\/inforande\/raddningsverken\/genomfor\/suomi-fi-fullmakter\/befullmaktiga-tjansteinnehavare\/#breadcrumb\",\"itemListElement\":[{\"@type\":\"ListItem\",\"position\":1,\"name\":\"Home\",\"item\":\"http:\/\/ec2-54-75-134-196.eu-west-1.compute.amazonaws.com\/sv\/\"},{\"@type\":\"ListItem\",\"position\":2,\"name\":\"Inf\u00f6rande och underh\u00e5ll av tj\u00e4nsten\",\"item\":\"https:\/\/www.luvatjavalvonta.fi\/sv\/inforande\/\"},{\"@type\":\"ListItem\",\"position\":3,\"name\":\"R\u00e4ddningsverken (v\u00e4lf\u00e4rdsomr\u00e5dena)\",\"item\":\"https:\/\/www.luvatjavalvonta.fi\/sv\/inforande\/raddningsverken\/\"},{\"@type\":\"ListItem\",\"position\":4,\"name\":\"Genomf\u00f6r\",\"item\":\"https:\/\/www.luvatjavalvonta.fi\/sv\/inforande\/raddningsverken\/genomfor\/\"},{\"@type\":\"ListItem\",\"position\":5,\"name\":\"Suomi.fi -fullmakter\",\"item\":\"https:\/\/luvatjavalvonta.fi\/sv\/inforande\/raddningsverken\/genomfor\/suomi-fi-fullmakter\/\"},{\"@type\":\"ListItem\",\"position\":6,\"name\":\"Befullm\u00e4ktiga tj\u00e4nsteinnehavare\"}]},{\"@type\":\"WebSite\",\"@id\":\"http:\/\/ec2-54-75-134-196.eu-west-1.compute.amazonaws.com\/sv\/#website\",\"url\":\"http:\/\/ec2-54-75-134-196.eu-west-1.compute.amazonaws.com\/sv\/\",\"name\":\"Luvat ja valvonta\",\"description\":\"\",\"potentialAction\":[{\"@type\":\"SearchAction\",\"target\":{\"@type\":\"EntryPoint\",\"urlTemplate\":\"http:\/\/ec2-54-75-134-196.eu-west-1.compute.amazonaws.com\/sv\/?s={search_term_string}\"},\"query-input\":{\"@type\":\"PropertyValueSpecification\",\"valueRequired\":true,\"valueName\":\"search_term_string\"}}],\"inLanguage\":\"sv-SE\"}]}<\/script>\n<!-- \/ Yoast SEO plugin. -->","yoast_head_json":{"title":"Befullm\u00e4ktiga tj\u00e4nsteinnehavare - Luvat ja valvonta","robots":{"index":"index","follow":"follow","max-snippet":"max-snippet:-1","max-image-preview":"max-image-preview:large","max-video-preview":"max-video-preview:-1"},"canonical":"https:\/\/luvatjavalvonta.fi\/sv\/inforande\/raddningsverken\/genomfor\/suomi-fi-fullmakter\/befullmaktiga-tjansteinnehavare\/","og_locale":"sv_SE","og_type":"article","og_title":"Befullm\u00e4ktiga tj\u00e4nsteinnehavare - Luvat ja valvonta","og_description":"Hantering av fullmakter f\u00f6r myndighetshandl\u00e4ggare av tillst\u00e5nds- och tillsyns\u00e4renden Organisationens fullmaktshantering ger och \u00e5terkallar fullmakter f\u00f6r myndighetshandl\u00e4ggare av tillst\u00e5nds- och tillsyns\u00e4renden elektroniskt i Suomi.fi-tj\u00e4nsten och de tr\u00e4der genast i kraft (ingen extern leveranstid). Fullmaktstypen f\u00f6r myndighetshandl\u00e4ggare \u00e4r \u201dRepresentationsfullmakt\u201d och den \u00e4r den enda fullmaktstyp med vilken tj\u00e4nsten Tillst\u00e5nd och tillsyn kan anv\u00e4ndas. Fullmakter ges och [&hellip;]","og_url":"https:\/\/luvatjavalvonta.fi\/sv\/inforande\/raddningsverken\/genomfor\/suomi-fi-fullmakter\/befullmaktiga-tjansteinnehavare\/","og_site_name":"Luvat ja valvonta","article_modified_time":"2025-10-20T09:32:51+00:00","og_image":[{"url":"https:\/\/luvatjavalvonta.fi\/content\/uploads\/2025\/10\/Prosessi3_SV-1024x611.png","type":"","width":"","height":""}],"twitter_card":"summary_large_image","twitter_misc":{"Est. reading time":"1 minute"},"schema":{"@context":"https:\/\/schema.org","@graph":[{"@type":"WebPage","@id":"https:\/\/luvatjavalvonta.fi\/sv\/inforande\/raddningsverken\/genomfor\/suomi-fi-fullmakter\/befullmaktiga-tjansteinnehavare\/","url":"https:\/\/luvatjavalvonta.fi\/sv\/inforande\/raddningsverken\/genomfor\/suomi-fi-fullmakter\/befullmaktiga-tjansteinnehavare\/","name":"Befullm\u00e4ktiga tj\u00e4nsteinnehavare - Luvat ja valvonta","isPartOf":{"@id":"http:\/\/ec2-54-75-134-196.eu-west-1.compute.amazonaws.com\/sv\/#website"},"primaryImageOfPage":{"@id":"https:\/\/luvatjavalvonta.fi\/sv\/inforande\/raddningsverken\/genomfor\/suomi-fi-fullmakter\/befullmaktiga-tjansteinnehavare\/#primaryimage"},"image":{"@id":"https:\/\/luvatjavalvonta.fi\/sv\/inforande\/raddningsverken\/genomfor\/suomi-fi-fullmakter\/befullmaktiga-tjansteinnehavare\/#primaryimage"},"thumbnailUrl":"https:\/\/luvatjavalvonta.fi\/content\/uploads\/2025\/10\/Prosessi3_SV-1024x611.png","datePublished":"2025-10-14T12:47:34+00:00","dateModified":"2025-10-20T09:32:51+00:00","breadcrumb":{"@id":"https:\/\/luvatjavalvonta.fi\/sv\/inforande\/raddningsverken\/genomfor\/suomi-fi-fullmakter\/befullmaktiga-tjansteinnehavare\/#breadcrumb"},"inLanguage":"sv-SE","potentialAction":[{"@type":"ReadAction","target":["https:\/\/luvatjavalvonta.fi\/sv\/inforande\/raddningsverken\/genomfor\/suomi-fi-fullmakter\/befullmaktiga-tjansteinnehavare\/"]}]},{"@type":"ImageObject","inLanguage":"sv-SE","@id":"https:\/\/luvatjavalvonta.fi\/sv\/inforande\/raddningsverken\/genomfor\/suomi-fi-fullmakter\/befullmaktiga-tjansteinnehavare\/#primaryimage","url":"https:\/\/luvatjavalvonta.fi\/content\/uploads\/2025\/10\/Prosessi3_SV-1024x611.png","contentUrl":"https:\/\/luvatjavalvonta.fi\/content\/uploads\/2025\/10\/Prosessi3_SV-1024x611.png"},{"@type":"BreadcrumbList","@id":"https:\/\/luvatjavalvonta.fi\/sv\/inforande\/raddningsverken\/genomfor\/suomi-fi-fullmakter\/befullmaktiga-tjansteinnehavare\/#breadcrumb","itemListElement":[{"@type":"ListItem","position":1,"name":"Home","item":"http:\/\/ec2-54-75-134-196.eu-west-1.compute.amazonaws.com\/sv\/"},{"@type":"ListItem","position":2,"name":"Inf\u00f6rande och underh\u00e5ll av tj\u00e4nsten","item":"https:\/\/www.luvatjavalvonta.fi\/sv\/inforande\/"},{"@type":"ListItem","position":3,"name":"R\u00e4ddningsverken (v\u00e4lf\u00e4rdsomr\u00e5dena)","item":"https:\/\/www.luvatjavalvonta.fi\/sv\/inforande\/raddningsverken\/"},{"@type":"ListItem","position":4,"name":"Genomf\u00f6r","item":"https:\/\/www.luvatjavalvonta.fi\/sv\/inforande\/raddningsverken\/genomfor\/"},{"@type":"ListItem","position":5,"name":"Suomi.fi -fullmakter","item":"https:\/\/luvatjavalvonta.fi\/sv\/inforande\/raddningsverken\/genomfor\/suomi-fi-fullmakter\/"},{"@type":"ListItem","position":6,"name":"Befullm\u00e4ktiga tj\u00e4nsteinnehavare"}]},{"@type":"WebSite","@id":"http:\/\/ec2-54-75-134-196.eu-west-1.compute.amazonaws.com\/sv\/#website","url":"http:\/\/ec2-54-75-134-196.eu-west-1.compute.amazonaws.com\/sv\/","name":"Luvat ja valvonta","description":"","potentialAction":[{"@type":"SearchAction","target":{"@type":"EntryPoint","urlTemplate":"http:\/\/ec2-54-75-134-196.eu-west-1.compute.amazonaws.com\/sv\/?s={search_term_string}"},"query-input":{"@type":"PropertyValueSpecification","valueRequired":true,"valueName":"search_term_string"}}],"inLanguage":"sv-SE"}]}},"_links":{"self":[{"href":"https:\/\/luvatjavalvonta.fi\/sv\/wp-json\/wp\/v2\/pages\/8116","targetHints":{"allow":["GET"]}}],"collection":[{"href":"https:\/\/luvatjavalvonta.fi\/sv\/wp-json\/wp\/v2\/pages"}],"about":[{"href":"https:\/\/luvatjavalvonta.fi\/sv\/wp-json\/wp\/v2\/types\/page"}],"author":[{"embeddable":true,"href":"https:\/\/luvatjavalvonta.fi\/sv\/wp-json\/wp\/v2\/users\/14"}],"replies":[{"embeddable":true,"href":"https:\/\/luvatjavalvonta.fi\/sv\/wp-json\/wp\/v2\/comments?post=8116"}],"version-history":[{"count":2,"href":"https:\/\/luvatjavalvonta.fi\/sv\/wp-json\/wp\/v2\/pages\/8116\/revisions"}],"predecessor-version":[{"id":8235,"href":"https:\/\/luvatjavalvonta.fi\/sv\/wp-json\/wp\/v2\/pages\/8116\/revisions\/8235"}],"up":[{"embeddable":true,"href":"https:\/\/luvatjavalvonta.fi\/sv\/wp-json\/wp\/v2\/pages\/8099"}],"wp:attachment":[{"href":"https:\/\/luvatjavalvonta.fi\/sv\/wp-json\/wp\/v2\/media?parent=8116"}],"curies":[{"name":"wp","href":"https:\/\/api.w.org\/{rel}","templated":true}]}}