{"id":8122,"date":"2025-10-14T15:53:55","date_gmt":"2025-10-14T12:53:55","guid":{"rendered":"https:\/\/luvatjavalvonta.fi\/?page_id=8122"},"modified":"2025-10-21T13:32:53","modified_gmt":"2025-10-21T10:32:53","slug":"tekniska-andringar","status":"publish","type":"page","link":"https:\/\/luvatjavalvonta.fi\/sv\/inforande\/raddningsverken\/genomfor\/serviceprocessen\/tekniska-andringar\/","title":{"rendered":"Tekniska \u00e4ndringar"},"content":{"rendered":"\n<hr class=\"wp-block-separator has-alpha-channel-opacity\"\/>\n\n\n\n<p>Inf\u00f6randet hos en myndighet kan omfatta tekniska \u00e4ndringsarbeten n\u00e4r myndigheten h\u00e5ller p\u00e5 att ansluta de gemensamma \u00e4rendehanteringstj\u00e4nster som den anv\u00e4nder eller sina egna \u00e4rendehanteringsl\u00f6sningar till tj\u00e4nsten Tillst\u00e5nd och tillsyn via ett elektroniskt gr\u00e4nssnitt.<\/p>\n<h2>Gemensamma \u00e4rendehanteringstj\u00e4nster<\/h2>\n<p>F\u00f6r de gemensamma \u00e4rendehanteringstj\u00e4nster som myndigheterna anv\u00e4nder (t.ex. Lupapiste.fi) r\u00e4cker det att tj\u00e4nsteleverant\u00f6ren har genomf\u00f6rt en elektronisk anslutning till tj\u00e4nsten Tillst\u00e5nd och tillsyn via Suomi.fi-informationsleden. P\u00e5 s\u00e5 s\u00e4tt beh\u00f6ver inte varje myndighet som anv\u00e4nder tj\u00e4nsten genomf\u00f6ra anslutningen separat. F\u00f6r de f\u00f6rsta som ansluter sig kr\u00e4ver detta dock att anslutningen best\u00e4lls av tj\u00e4nsteleverant\u00f6ren. Kontrollera anslutningens status och n\u00f6dv\u00e4ndiga \u00e5tg\u00e4rder med tj\u00e4nsteleverant\u00f6ren.\u00a0<\/p>\n<h2>Kommunspecifika \u00e4rendehanteringsl\u00f6sningar<\/h2>\n<p>Om kommunen har genomf\u00f6rt en elektronisk \u00e4rendehanteringsl\u00f6sning f\u00f6r kunder som ans\u00f6ker om tillst\u00e5nd (ett system som organisationen sj\u00e4lv hanterar), kan detta anslutas till tj\u00e4nsten Tillst\u00e5nd och tillsyn via ett elektroniskt gr\u00e4nssnitt. Observera f\u00f6ljande vid genomf\u00f6randet:<\/p>\n<ul>\n<li><a href=\"https:\/\/liityntakatalogi.suomi.fi\/sv\/dataset\/luvatjavalvontapalvelukerros\" target=\"_blank\" rel=\"noopener\">Tekniska anvisningar och specifikationer<\/a> f\u00f6r gr\u00e4nssnittsgenomf\u00f6randet.<\/li>\n<li>Kontakta <a href=\"mailto:\/\/luvatjavalvonta.tem@gov.fi?Subject=Teknisen%20rajapintatoteutuksen%20tukipyynt\u00f6\">tj\u00e4nsten Tillst\u00e5nd och tillsyn<\/a> f\u00f6r att komma \u00f6verens om teknisk r\u00e5dgivning och st\u00f6d f\u00f6r testning i anslutning till genomf\u00f6randet<\/li>\n<\/ul>\n","protected":false},"excerpt":{"rendered":"<p>Inf\u00f6randet hos en myndighet kan omfatta tekniska \u00e4ndringsarbeten n\u00e4r myndigheten h\u00e5ller p\u00e5 att ansluta de gemensamma \u00e4rendehanteringstj\u00e4nster som den anv\u00e4nder eller sina egna \u00e4rendehanteringsl\u00f6sningar till tj\u00e4nsten Tillst\u00e5nd och tillsyn via ett elektroniskt gr\u00e4nssnitt. Gemensamma \u00e4rendehanteringstj\u00e4nster F\u00f6r de gemensamma \u00e4rendehanteringstj\u00e4nster som myndigheterna anv\u00e4nder (t.ex. Lupapiste.fi) r\u00e4cker det att tj\u00e4nsteleverant\u00f6ren har genomf\u00f6rt en elektronisk anslutning till tj\u00e4nsten [&hellip;]<\/p>\n","protected":false},"author":14,"featured_media":0,"parent":8091,"menu_order":0,"comment_status":"closed","ping_status":"closed","template":"","meta":{"_acf_changed":false,"inline_featured_image":false,"footnotes":""},"class_list":["post-8122","page","type-page","status-publish","hentry"],"acf":{"ai_extra_content":"","ai_instructions":"","ai_hidden_page":false},"yoast_head":"<!-- This site is optimized with the Yoast SEO plugin v25.9 - https:\/\/yoast.com\/wordpress\/plugins\/seo\/ -->\n<title>Tekniska \u00e4ndringar - Luvat ja valvonta<\/title>\n<meta name=\"robots\" content=\"index, follow, max-snippet:-1, max-image-preview:large, max-video-preview:-1\" \/>\n<link rel=\"canonical\" href=\"https:\/\/luvatjavalvonta.fi\/sv\/inforande\/raddningsverken\/genomfor\/serviceprocessen\/tekniska-andringar\/\" \/>\n<meta property=\"og:locale\" content=\"sv_SE\" \/>\n<meta property=\"og:type\" content=\"article\" \/>\n<meta property=\"og:title\" content=\"Tekniska \u00e4ndringar - Luvat ja valvonta\" \/>\n<meta property=\"og:description\" content=\"Inf\u00f6randet hos en myndighet kan omfatta tekniska \u00e4ndringsarbeten n\u00e4r myndigheten h\u00e5ller p\u00e5 att ansluta de gemensamma \u00e4rendehanteringstj\u00e4nster som den anv\u00e4nder eller sina egna \u00e4rendehanteringsl\u00f6sningar till tj\u00e4nsten Tillst\u00e5nd och tillsyn via ett elektroniskt gr\u00e4nssnitt. Gemensamma \u00e4rendehanteringstj\u00e4nster F\u00f6r de gemensamma \u00e4rendehanteringstj\u00e4nster som myndigheterna anv\u00e4nder (t.ex. Lupapiste.fi) r\u00e4cker det att tj\u00e4nsteleverant\u00f6ren har genomf\u00f6rt en elektronisk anslutning till tj\u00e4nsten [&hellip;]\" \/>\n<meta property=\"og:url\" content=\"https:\/\/luvatjavalvonta.fi\/sv\/inforande\/raddningsverken\/genomfor\/serviceprocessen\/tekniska-andringar\/\" \/>\n<meta property=\"og:site_name\" content=\"Luvat ja valvonta\" \/>\n<meta property=\"article:modified_time\" content=\"2025-10-21T10:32:53+00:00\" \/>\n<meta name=\"twitter:card\" content=\"summary_large_image\" \/>\n<meta name=\"twitter:label1\" content=\"Est. reading time\" \/>\n\t<meta name=\"twitter:data1\" content=\"1 minute\" \/>\n<script type=\"application\/ld+json\" class=\"yoast-schema-graph\">{\"@context\":\"https:\/\/schema.org\",\"@graph\":[{\"@type\":\"WebPage\",\"@id\":\"https:\/\/luvatjavalvonta.fi\/sv\/inforande\/raddningsverken\/genomfor\/serviceprocessen\/tekniska-andringar\/\",\"url\":\"https:\/\/luvatjavalvonta.fi\/sv\/inforande\/raddningsverken\/genomfor\/serviceprocessen\/tekniska-andringar\/\",\"name\":\"Tekniska \u00e4ndringar - Luvat ja valvonta\",\"isPartOf\":{\"@id\":\"http:\/\/ec2-54-75-134-196.eu-west-1.compute.amazonaws.com\/sv\/#website\"},\"datePublished\":\"2025-10-14T12:53:55+00:00\",\"dateModified\":\"2025-10-21T10:32:53+00:00\",\"breadcrumb\":{\"@id\":\"https:\/\/luvatjavalvonta.fi\/sv\/inforande\/raddningsverken\/genomfor\/serviceprocessen\/tekniska-andringar\/#breadcrumb\"},\"inLanguage\":\"sv-SE\",\"potentialAction\":[{\"@type\":\"ReadAction\",\"target\":[\"https:\/\/luvatjavalvonta.fi\/sv\/inforande\/raddningsverken\/genomfor\/serviceprocessen\/tekniska-andringar\/\"]}]},{\"@type\":\"BreadcrumbList\",\"@id\":\"https:\/\/luvatjavalvonta.fi\/sv\/inforande\/raddningsverken\/genomfor\/serviceprocessen\/tekniska-andringar\/#breadcrumb\",\"itemListElement\":[{\"@type\":\"ListItem\",\"position\":1,\"name\":\"Home\",\"item\":\"http:\/\/ec2-54-75-134-196.eu-west-1.compute.amazonaws.com\/sv\/\"},{\"@type\":\"ListItem\",\"position\":2,\"name\":\"Inf\u00f6rande och underh\u00e5ll av tj\u00e4nsten\",\"item\":\"https:\/\/www.luvatjavalvonta.fi\/sv\/inforande\/\"},{\"@type\":\"ListItem\",\"position\":3,\"name\":\"R\u00e4ddningsverken (v\u00e4lf\u00e4rdsomr\u00e5dena)\",\"item\":\"https:\/\/www.luvatjavalvonta.fi\/sv\/inforande\/raddningsverken\/\"},{\"@type\":\"ListItem\",\"position\":4,\"name\":\"Genomf\u00f6r\",\"item\":\"https:\/\/www.luvatjavalvonta.fi\/sv\/inforande\/raddningsverken\/genomfor\/\"},{\"@type\":\"ListItem\",\"position\":5,\"name\":\"\u00c4ndringar i serviceprocessen\",\"item\":\"https:\/\/luvatjavalvonta.fi\/sv\/inforande\/raddningsverken\/genomfor\/serviceprocessen\/\"},{\"@type\":\"ListItem\",\"position\":6,\"name\":\"Tekniska \u00e4ndringar\"}]},{\"@type\":\"WebSite\",\"@id\":\"http:\/\/ec2-54-75-134-196.eu-west-1.compute.amazonaws.com\/sv\/#website\",\"url\":\"http:\/\/ec2-54-75-134-196.eu-west-1.compute.amazonaws.com\/sv\/\",\"name\":\"Luvat ja valvonta\",\"description\":\"\",\"potentialAction\":[{\"@type\":\"SearchAction\",\"target\":{\"@type\":\"EntryPoint\",\"urlTemplate\":\"http:\/\/ec2-54-75-134-196.eu-west-1.compute.amazonaws.com\/sv\/?s={search_term_string}\"},\"query-input\":{\"@type\":\"PropertyValueSpecification\",\"valueRequired\":true,\"valueName\":\"search_term_string\"}}],\"inLanguage\":\"sv-SE\"}]}<\/script>\n<!-- \/ Yoast SEO plugin. -->","yoast_head_json":{"title":"Tekniska \u00e4ndringar - Luvat ja valvonta","robots":{"index":"index","follow":"follow","max-snippet":"max-snippet:-1","max-image-preview":"max-image-preview:large","max-video-preview":"max-video-preview:-1"},"canonical":"https:\/\/luvatjavalvonta.fi\/sv\/inforande\/raddningsverken\/genomfor\/serviceprocessen\/tekniska-andringar\/","og_locale":"sv_SE","og_type":"article","og_title":"Tekniska \u00e4ndringar - Luvat ja valvonta","og_description":"Inf\u00f6randet hos en myndighet kan omfatta tekniska \u00e4ndringsarbeten n\u00e4r myndigheten h\u00e5ller p\u00e5 att ansluta de gemensamma \u00e4rendehanteringstj\u00e4nster som den anv\u00e4nder eller sina egna \u00e4rendehanteringsl\u00f6sningar till tj\u00e4nsten Tillst\u00e5nd och tillsyn via ett elektroniskt gr\u00e4nssnitt. Gemensamma \u00e4rendehanteringstj\u00e4nster F\u00f6r de gemensamma \u00e4rendehanteringstj\u00e4nster som myndigheterna anv\u00e4nder (t.ex. Lupapiste.fi) r\u00e4cker det att tj\u00e4nsteleverant\u00f6ren har genomf\u00f6rt en elektronisk anslutning till tj\u00e4nsten [&hellip;]","og_url":"https:\/\/luvatjavalvonta.fi\/sv\/inforande\/raddningsverken\/genomfor\/serviceprocessen\/tekniska-andringar\/","og_site_name":"Luvat ja valvonta","article_modified_time":"2025-10-21T10:32:53+00:00","twitter_card":"summary_large_image","twitter_misc":{"Est. reading time":"1 minute"},"schema":{"@context":"https:\/\/schema.org","@graph":[{"@type":"WebPage","@id":"https:\/\/luvatjavalvonta.fi\/sv\/inforande\/raddningsverken\/genomfor\/serviceprocessen\/tekniska-andringar\/","url":"https:\/\/luvatjavalvonta.fi\/sv\/inforande\/raddningsverken\/genomfor\/serviceprocessen\/tekniska-andringar\/","name":"Tekniska \u00e4ndringar - Luvat ja valvonta","isPartOf":{"@id":"http:\/\/ec2-54-75-134-196.eu-west-1.compute.amazonaws.com\/sv\/#website"},"datePublished":"2025-10-14T12:53:55+00:00","dateModified":"2025-10-21T10:32:53+00:00","breadcrumb":{"@id":"https:\/\/luvatjavalvonta.fi\/sv\/inforande\/raddningsverken\/genomfor\/serviceprocessen\/tekniska-andringar\/#breadcrumb"},"inLanguage":"sv-SE","potentialAction":[{"@type":"ReadAction","target":["https:\/\/luvatjavalvonta.fi\/sv\/inforande\/raddningsverken\/genomfor\/serviceprocessen\/tekniska-andringar\/"]}]},{"@type":"BreadcrumbList","@id":"https:\/\/luvatjavalvonta.fi\/sv\/inforande\/raddningsverken\/genomfor\/serviceprocessen\/tekniska-andringar\/#breadcrumb","itemListElement":[{"@type":"ListItem","position":1,"name":"Home","item":"http:\/\/ec2-54-75-134-196.eu-west-1.compute.amazonaws.com\/sv\/"},{"@type":"ListItem","position":2,"name":"Inf\u00f6rande och underh\u00e5ll av tj\u00e4nsten","item":"https:\/\/www.luvatjavalvonta.fi\/sv\/inforande\/"},{"@type":"ListItem","position":3,"name":"R\u00e4ddningsverken (v\u00e4lf\u00e4rdsomr\u00e5dena)","item":"https:\/\/www.luvatjavalvonta.fi\/sv\/inforande\/raddningsverken\/"},{"@type":"ListItem","position":4,"name":"Genomf\u00f6r","item":"https:\/\/www.luvatjavalvonta.fi\/sv\/inforande\/raddningsverken\/genomfor\/"},{"@type":"ListItem","position":5,"name":"\u00c4ndringar i serviceprocessen","item":"https:\/\/luvatjavalvonta.fi\/sv\/inforande\/raddningsverken\/genomfor\/serviceprocessen\/"},{"@type":"ListItem","position":6,"name":"Tekniska \u00e4ndringar"}]},{"@type":"WebSite","@id":"http:\/\/ec2-54-75-134-196.eu-west-1.compute.amazonaws.com\/sv\/#website","url":"http:\/\/ec2-54-75-134-196.eu-west-1.compute.amazonaws.com\/sv\/","name":"Luvat ja valvonta","description":"","potentialAction":[{"@type":"SearchAction","target":{"@type":"EntryPoint","urlTemplate":"http:\/\/ec2-54-75-134-196.eu-west-1.compute.amazonaws.com\/sv\/?s={search_term_string}"},"query-input":{"@type":"PropertyValueSpecification","valueRequired":true,"valueName":"search_term_string"}}],"inLanguage":"sv-SE"}]}},"_links":{"self":[{"href":"https:\/\/luvatjavalvonta.fi\/sv\/wp-json\/wp\/v2\/pages\/8122","targetHints":{"allow":["GET"]}}],"collection":[{"href":"https:\/\/luvatjavalvonta.fi\/sv\/wp-json\/wp\/v2\/pages"}],"about":[{"href":"https:\/\/luvatjavalvonta.fi\/sv\/wp-json\/wp\/v2\/types\/page"}],"author":[{"embeddable":true,"href":"https:\/\/luvatjavalvonta.fi\/sv\/wp-json\/wp\/v2\/users\/14"}],"replies":[{"embeddable":true,"href":"https:\/\/luvatjavalvonta.fi\/sv\/wp-json\/wp\/v2\/comments?post=8122"}],"version-history":[{"count":2,"href":"https:\/\/luvatjavalvonta.fi\/sv\/wp-json\/wp\/v2\/pages\/8122\/revisions"}],"predecessor-version":[{"id":8260,"href":"https:\/\/luvatjavalvonta.fi\/sv\/wp-json\/wp\/v2\/pages\/8122\/revisions\/8260"}],"up":[{"embeddable":true,"href":"https:\/\/luvatjavalvonta.fi\/sv\/wp-json\/wp\/v2\/pages\/8091"}],"wp:attachment":[{"href":"https:\/\/luvatjavalvonta.fi\/sv\/wp-json\/wp\/v2\/media?parent=8122"}],"curies":[{"name":"wp","href":"https:\/\/api.w.org\/{rel}","templated":true}]}}