{"id":8124,"date":"2025-10-14T15:52:55","date_gmt":"2025-10-14T12:52:55","guid":{"rendered":"https:\/\/luvatjavalvonta.fi\/?page_id=8124"},"modified":"2025-10-20T12:33:59","modified_gmt":"2025-10-20T09:33:59","slug":"utbildning","status":"publish","type":"page","link":"https:\/\/luvatjavalvonta.fi\/sv\/inforande\/raddningsverken\/genomfor\/utbildning\/","title":{"rendered":"Utbildning"},"content":{"rendered":"\n<hr class=\"wp-block-separator has-alpha-channel-opacity\"\/>\n\n\n\n<p>I samband med att tj\u00e4nsten Tillst\u00e5nd och tillsyn tas i bruk f\u00f6r\u00e4ndras ocks\u00e5 myndighetens servicemodell och processer gentemot kunden. En ny verksamhetsmodell d\u00e4r myndighetens tj\u00e4nst(er) ansluts till tj\u00e4nsten Tillst\u00e5nd och tillsyn f\u00f6ruts\u00e4tter ny kompetens. Dessa personer\/roller \u00e4r:\u00a0<\/p>\n<ul>\n<li>personer som ansvarar f\u00f6r myndighetens service och som ansvarar f\u00f6r att utveckla den<\/li>\n<li>personer som planerar och\/eller utvecklar myndighetens tj\u00e4nster<\/li>\n<li>personer som kommer att anv\u00e4nda tj\u00e4nsten Tillst\u00e5nd och tillsyn i myndighetsuppgifter<\/li>\n<\/ul>\n<p>De tv\u00e5 f\u00f6rsta persongrupperna beh\u00f6ver information om tj\u00e4nsten Tillst\u00e5nd och tillsyn f\u00f6r att g\u00f6ra upp en processplan och genomf\u00f6ra \u00e4ndringar samt f\u00f6r att skapa en myndighetsspecifik anv\u00e4ndningspolicy och anvisningar f\u00f6r tj\u00e4nsten Tillst\u00e5nd och tillsyn. Den sista anv\u00e4ndargruppen f\u00f6r tj\u00e4nsten Tillst\u00e5nd och tillsyn beh\u00f6ver en utbildning i anv\u00e4ndningen av tj\u00e4nsten som inkluderar myndighetens anv\u00e4ndningspolicy och anvisningar<\/p>\n<h2>Information som st\u00f6d f\u00f6r myndighetens serviceutveckling och planering<\/h2>\n<p>P\u00e5 st\u00f6dwebbplatsen har vi samlat f\u00f6ljande material som st\u00f6d f\u00f6r planeringen och verkst\u00e4llandet av process\u00e4ndringen:\u00a0<\/p>\n<ul>\n<li><a href=\"https:\/\/luvatjavalvonta.fi\/sv\/information-om-tjansten\/ekosystem\/\">Ekosystemet<\/a>\u00a0\u2013 hur tj\u00e4nsterna produceras tillsammans<\/li>\n<li><a href=\"https:\/\/luvatjavalvonta.fi\/sv\/information-om-tjansten\/serviceprocess\/\">Serviceprocesser<\/a>\u00a0\u2013 kundens och myndigheternas processer<\/li>\n<li><a href=\"https:\/\/luvatjavalvonta.fi\/sv\/information-om-tjansten\/egenskaper\/\">Egenskaper<\/a>\u00a0\u2013 information om tj\u00e4nstens egenskaper<\/li>\n<li><a href=\"https:\/\/luvatjavalvonta.fi\/sv\/information-om-tjansten\/videoklipp-om-tjansten\/\">Videoklipp om myndighetsanv\u00e4ndningen av tj\u00e4nsten Tillst\u00e5nd och tillsyn<\/a> (b\u00e4sta praxis)<\/li>\n<\/ul>\n<p>Varje myndighet skapar en egen anv\u00e4ndarpolicy f\u00f6r tj\u00e4nsten Tillst\u00e5nd och tillsyn och g\u00f6r n\u00f6dv\u00e4ndiga \u00e4ndringar i sina anvisningar. \u00c4ndringar i anvisningarna och anv\u00e4ndningspolicyn f\u00f6r tj\u00e4nsten Tillst\u00e5nd och tillsyn ska fogas till myndighetens anv\u00e4ndarutbildningar.<\/p>\n<h2>Anv\u00e4ndarutbildningar som st\u00f6d f\u00f6r myndighetsuppgifterna<\/h2>\n<p>Det \u00e4r bra att inkludera \u00e5tminstone f\u00f6ljande saker i anv\u00e4ndarutbildningarna<\/p>\n<ul>\n<li>Myndighetens anv\u00e4ndningspolicy f\u00f6r tj\u00e4nsten Tillst\u00e5nd och tillsyn \u2013 hur tj\u00e4nsten ska anv\u00e4ndas<\/li>\n<li>\u00c4ndringar i serviceprocessen och tj\u00e4nsteinnehavarnas\/anv\u00e4ndarnas verksamhet<\/li>\n<\/ul>\n<p><a href=\"https:\/\/luvatjavalvonta.fi\/sv\/information-om-tjansten\/videoklipp-om-tjansten\/\">Videoklipp om myndighetsanv\u00e4ndningen av tj\u00e4nsten Tillst\u00e5nd och tillsyn<\/a>\u00a0kan utnyttjas som en del av myndighetens anv\u00e4ndarutbildning.<\/p>\n","protected":false},"excerpt":{"rendered":"<p>I samband med att tj\u00e4nsten Tillst\u00e5nd och tillsyn tas i bruk f\u00f6r\u00e4ndras ocks\u00e5 myndighetens servicemodell och processer gentemot kunden. En ny verksamhetsmodell d\u00e4r myndighetens tj\u00e4nst(er) ansluts till tj\u00e4nsten Tillst\u00e5nd och tillsyn f\u00f6ruts\u00e4tter ny kompetens. Dessa personer\/roller \u00e4r:\u00a0 personer som ansvarar f\u00f6r myndighetens service och som ansvarar f\u00f6r att utveckla den personer som planerar och\/eller utvecklar [&hellip;]<\/p>\n","protected":false},"author":14,"featured_media":0,"parent":8088,"menu_order":23,"comment_status":"closed","ping_status":"closed","template":"","meta":{"_acf_changed":false,"inline_featured_image":false,"footnotes":""},"class_list":["post-8124","page","type-page","status-publish","hentry"],"acf":{"ai_extra_content":"","ai_instructions":"","ai_hidden_page":false},"yoast_head":"<!-- This site is optimized with the Yoast SEO plugin v25.9 - https:\/\/yoast.com\/wordpress\/plugins\/seo\/ -->\n<title>Utbildning - Luvat ja valvonta<\/title>\n<meta name=\"robots\" content=\"index, follow, max-snippet:-1, max-image-preview:large, max-video-preview:-1\" \/>\n<link rel=\"canonical\" href=\"https:\/\/luvatjavalvonta.fi\/sv\/inforande\/raddningsverken\/genomfor\/utbildning\/\" \/>\n<meta property=\"og:locale\" content=\"sv_SE\" \/>\n<meta property=\"og:type\" content=\"article\" \/>\n<meta property=\"og:title\" content=\"Utbildning - Luvat ja valvonta\" \/>\n<meta property=\"og:description\" content=\"I samband med att tj\u00e4nsten Tillst\u00e5nd och tillsyn tas i bruk f\u00f6r\u00e4ndras ocks\u00e5 myndighetens servicemodell och processer gentemot kunden. En ny verksamhetsmodell d\u00e4r myndighetens tj\u00e4nst(er) ansluts till tj\u00e4nsten Tillst\u00e5nd och tillsyn f\u00f6ruts\u00e4tter ny kompetens. Dessa personer\/roller \u00e4r:\u00a0 personer som ansvarar f\u00f6r myndighetens service och som ansvarar f\u00f6r att utveckla den personer som planerar och\/eller utvecklar [&hellip;]\" \/>\n<meta property=\"og:url\" content=\"https:\/\/luvatjavalvonta.fi\/sv\/inforande\/raddningsverken\/genomfor\/utbildning\/\" \/>\n<meta property=\"og:site_name\" content=\"Luvat ja valvonta\" \/>\n<meta property=\"article:modified_time\" content=\"2025-10-20T09:33:59+00:00\" \/>\n<meta name=\"twitter:card\" content=\"summary_large_image\" \/>\n<meta name=\"twitter:label1\" content=\"Est. reading time\" \/>\n\t<meta name=\"twitter:data1\" content=\"2 minutes\" \/>\n<script type=\"application\/ld+json\" class=\"yoast-schema-graph\">{\"@context\":\"https:\/\/schema.org\",\"@graph\":[{\"@type\":\"WebPage\",\"@id\":\"https:\/\/luvatjavalvonta.fi\/sv\/inforande\/raddningsverken\/genomfor\/utbildning\/\",\"url\":\"https:\/\/luvatjavalvonta.fi\/sv\/inforande\/raddningsverken\/genomfor\/utbildning\/\",\"name\":\"Utbildning - Luvat ja valvonta\",\"isPartOf\":{\"@id\":\"http:\/\/ec2-54-75-134-196.eu-west-1.compute.amazonaws.com\/sv\/#website\"},\"datePublished\":\"2025-10-14T12:52:55+00:00\",\"dateModified\":\"2025-10-20T09:33:59+00:00\",\"breadcrumb\":{\"@id\":\"https:\/\/luvatjavalvonta.fi\/sv\/inforande\/raddningsverken\/genomfor\/utbildning\/#breadcrumb\"},\"inLanguage\":\"sv-SE\",\"potentialAction\":[{\"@type\":\"ReadAction\",\"target\":[\"https:\/\/luvatjavalvonta.fi\/sv\/inforande\/raddningsverken\/genomfor\/utbildning\/\"]}]},{\"@type\":\"BreadcrumbList\",\"@id\":\"https:\/\/luvatjavalvonta.fi\/sv\/inforande\/raddningsverken\/genomfor\/utbildning\/#breadcrumb\",\"itemListElement\":[{\"@type\":\"ListItem\",\"position\":1,\"name\":\"Home\",\"item\":\"http:\/\/ec2-54-75-134-196.eu-west-1.compute.amazonaws.com\/sv\/\"},{\"@type\":\"ListItem\",\"position\":2,\"name\":\"Inf\u00f6rande och underh\u00e5ll av tj\u00e4nsten\",\"item\":\"https:\/\/www.luvatjavalvonta.fi\/sv\/inforande\/\"},{\"@type\":\"ListItem\",\"position\":3,\"name\":\"R\u00e4ddningsverken (v\u00e4lf\u00e4rdsomr\u00e5dena)\",\"item\":\"https:\/\/www.luvatjavalvonta.fi\/sv\/inforande\/raddningsverken\/\"},{\"@type\":\"ListItem\",\"position\":4,\"name\":\"Genomf\u00f6r\",\"item\":\"https:\/\/www.luvatjavalvonta.fi\/sv\/inforande\/raddningsverken\/genomfor\/\"},{\"@type\":\"ListItem\",\"position\":5,\"name\":\"Utbildning\"}]},{\"@type\":\"WebSite\",\"@id\":\"http:\/\/ec2-54-75-134-196.eu-west-1.compute.amazonaws.com\/sv\/#website\",\"url\":\"http:\/\/ec2-54-75-134-196.eu-west-1.compute.amazonaws.com\/sv\/\",\"name\":\"Luvat ja valvonta\",\"description\":\"\",\"potentialAction\":[{\"@type\":\"SearchAction\",\"target\":{\"@type\":\"EntryPoint\",\"urlTemplate\":\"http:\/\/ec2-54-75-134-196.eu-west-1.compute.amazonaws.com\/sv\/?s={search_term_string}\"},\"query-input\":{\"@type\":\"PropertyValueSpecification\",\"valueRequired\":true,\"valueName\":\"search_term_string\"}}],\"inLanguage\":\"sv-SE\"}]}<\/script>\n<!-- \/ Yoast SEO plugin. -->","yoast_head_json":{"title":"Utbildning - Luvat ja valvonta","robots":{"index":"index","follow":"follow","max-snippet":"max-snippet:-1","max-image-preview":"max-image-preview:large","max-video-preview":"max-video-preview:-1"},"canonical":"https:\/\/luvatjavalvonta.fi\/sv\/inforande\/raddningsverken\/genomfor\/utbildning\/","og_locale":"sv_SE","og_type":"article","og_title":"Utbildning - Luvat ja valvonta","og_description":"I samband med att tj\u00e4nsten Tillst\u00e5nd och tillsyn tas i bruk f\u00f6r\u00e4ndras ocks\u00e5 myndighetens servicemodell och processer gentemot kunden. En ny verksamhetsmodell d\u00e4r myndighetens tj\u00e4nst(er) ansluts till tj\u00e4nsten Tillst\u00e5nd och tillsyn f\u00f6ruts\u00e4tter ny kompetens. Dessa personer\/roller \u00e4r:\u00a0 personer som ansvarar f\u00f6r myndighetens service och som ansvarar f\u00f6r att utveckla den personer som planerar och\/eller utvecklar [&hellip;]","og_url":"https:\/\/luvatjavalvonta.fi\/sv\/inforande\/raddningsverken\/genomfor\/utbildning\/","og_site_name":"Luvat ja valvonta","article_modified_time":"2025-10-20T09:33:59+00:00","twitter_card":"summary_large_image","twitter_misc":{"Est. reading time":"2 minutes"},"schema":{"@context":"https:\/\/schema.org","@graph":[{"@type":"WebPage","@id":"https:\/\/luvatjavalvonta.fi\/sv\/inforande\/raddningsverken\/genomfor\/utbildning\/","url":"https:\/\/luvatjavalvonta.fi\/sv\/inforande\/raddningsverken\/genomfor\/utbildning\/","name":"Utbildning - Luvat ja valvonta","isPartOf":{"@id":"http:\/\/ec2-54-75-134-196.eu-west-1.compute.amazonaws.com\/sv\/#website"},"datePublished":"2025-10-14T12:52:55+00:00","dateModified":"2025-10-20T09:33:59+00:00","breadcrumb":{"@id":"https:\/\/luvatjavalvonta.fi\/sv\/inforande\/raddningsverken\/genomfor\/utbildning\/#breadcrumb"},"inLanguage":"sv-SE","potentialAction":[{"@type":"ReadAction","target":["https:\/\/luvatjavalvonta.fi\/sv\/inforande\/raddningsverken\/genomfor\/utbildning\/"]}]},{"@type":"BreadcrumbList","@id":"https:\/\/luvatjavalvonta.fi\/sv\/inforande\/raddningsverken\/genomfor\/utbildning\/#breadcrumb","itemListElement":[{"@type":"ListItem","position":1,"name":"Home","item":"http:\/\/ec2-54-75-134-196.eu-west-1.compute.amazonaws.com\/sv\/"},{"@type":"ListItem","position":2,"name":"Inf\u00f6rande och underh\u00e5ll av tj\u00e4nsten","item":"https:\/\/www.luvatjavalvonta.fi\/sv\/inforande\/"},{"@type":"ListItem","position":3,"name":"R\u00e4ddningsverken (v\u00e4lf\u00e4rdsomr\u00e5dena)","item":"https:\/\/www.luvatjavalvonta.fi\/sv\/inforande\/raddningsverken\/"},{"@type":"ListItem","position":4,"name":"Genomf\u00f6r","item":"https:\/\/www.luvatjavalvonta.fi\/sv\/inforande\/raddningsverken\/genomfor\/"},{"@type":"ListItem","position":5,"name":"Utbildning"}]},{"@type":"WebSite","@id":"http:\/\/ec2-54-75-134-196.eu-west-1.compute.amazonaws.com\/sv\/#website","url":"http:\/\/ec2-54-75-134-196.eu-west-1.compute.amazonaws.com\/sv\/","name":"Luvat ja valvonta","description":"","potentialAction":[{"@type":"SearchAction","target":{"@type":"EntryPoint","urlTemplate":"http:\/\/ec2-54-75-134-196.eu-west-1.compute.amazonaws.com\/sv\/?s={search_term_string}"},"query-input":{"@type":"PropertyValueSpecification","valueRequired":true,"valueName":"search_term_string"}}],"inLanguage":"sv-SE"}]}},"_links":{"self":[{"href":"https:\/\/luvatjavalvonta.fi\/sv\/wp-json\/wp\/v2\/pages\/8124","targetHints":{"allow":["GET"]}}],"collection":[{"href":"https:\/\/luvatjavalvonta.fi\/sv\/wp-json\/wp\/v2\/pages"}],"about":[{"href":"https:\/\/luvatjavalvonta.fi\/sv\/wp-json\/wp\/v2\/types\/page"}],"author":[{"embeddable":true,"href":"https:\/\/luvatjavalvonta.fi\/sv\/wp-json\/wp\/v2\/users\/14"}],"replies":[{"embeddable":true,"href":"https:\/\/luvatjavalvonta.fi\/sv\/wp-json\/wp\/v2\/comments?post=8124"}],"version-history":[{"count":1,"href":"https:\/\/luvatjavalvonta.fi\/sv\/wp-json\/wp\/v2\/pages\/8124\/revisions"}],"predecessor-version":[{"id":8136,"href":"https:\/\/luvatjavalvonta.fi\/sv\/wp-json\/wp\/v2\/pages\/8124\/revisions\/8136"}],"up":[{"embeddable":true,"href":"https:\/\/luvatjavalvonta.fi\/sv\/wp-json\/wp\/v2\/pages\/8088"}],"wp:attachment":[{"href":"https:\/\/luvatjavalvonta.fi\/sv\/wp-json\/wp\/v2\/media?parent=8124"}],"curies":[{"name":"wp","href":"https:\/\/api.w.org\/{rel}","templated":true}]}}