{"id":8126,"date":"2025-10-14T15:53:16","date_gmt":"2025-10-14T12:53:16","guid":{"rendered":"https:\/\/luvatjavalvonta.fi\/?page_id=8126"},"modified":"2025-11-27T14:40:08","modified_gmt":"2025-11-27T12:40:08","slug":"anslutningsanmalan","status":"publish","type":"page","link":"https:\/\/luvatjavalvonta.fi\/sv\/inforande\/raddningsverken\/genomfor\/anslutningsanmalan\/","title":{"rendered":"Anslutningsanm\u00e4lan"},"content":{"rendered":"\n<hr class=\"wp-block-separator has-alpha-channel-opacity\"\/>\n\n\n\n<p>Myndigheten uppger information om den \u00e4rendehantering som ska anslutas till tj\u00e4nsten Tillst\u00e5nd och tillsyn p\u00e5 anslutningsblanketten.<\/p>\n<p><strong><a href=\"https:\/\/b379351fa744e51fbbd34264a5d814.4d.environment.api.powerplatform.com\/powerautomate\/automations\/direct\/workflows\/92eb1735852c4a0ea5fe87a1df5bbd42\/triggers\/manual\/paths\/invoke?api-version=1&amp;sp=%2Ftriggers%2Fmanual%2Frun&amp;sv=1.0&amp;sig=1xaJoz6Bviad5n-imDUSQZO3FM3bgCgiuHc37Qk7Xyc\" target=\"_blank\" rel=\"noopener\">G\u00e5 till anslutningsblanketten<\/a><\/strong><\/p>\n<p>och fyll i de uppgifter som beh\u00f6vs enligt anvisningarna nedan. Anvisningar f\u00f6r enskilda f\u00e4lt finns ocks\u00e5 bakom \u201c<strong>i<\/strong>\u201c-symbolen i varje rubrikf\u00e4lt.\u00a0<\/p>\n<h2>1. Organisationstyp<\/h2>\n<p>Eftersom blanketten anv\u00e4nds av alla myndigheter som ansluter sig till tj\u00e4nsten Tillst\u00e5nd och tillsyn, ska myndigheten som ansluter sina tj\u00e4nster f\u00f6rst v\u00e4lja organisationstyp. Kommunala myndigheter v\u00e4ljer alternativet \u201c<strong>Kommun<\/strong>\u201c.<\/p>\n<h2>2. Basuppgifter om organisationen som ansluter sina tj\u00e4nster<\/h2>\n<p>Alla myndigheter som ansluter sin \u00e4rendehantering till tj\u00e4nsten Tillst\u00e5nd och tillsyn beh\u00f6ver uppge f\u00f6ljande basuppgifter om organisationen<\/p>\n<ul>\n<li><strong>Organisationens namn<\/strong>\u00a0(kommunala myndigheter uppger namnet p\u00e5 den kommun eller samkommun vars tj\u00e4nster ska anslutas. Tj\u00e4nsteproducenten ansluter tj\u00e4nsten till Tillst\u00e5nd och tillsyn)<\/li>\n<li>Organisationens\u00a0<strong>FO-nummer<\/strong><\/li>\n<li><strong>Organisationskod i Suomi.fi-servicedatalagret (SDL)<\/strong>. Du hittar koden p\u00e5\u00a0<a href=\"https:\/\/www.suomi.fi\/sok?ct=organisaatiot&amp;p=0&amp;q=&amp;sl=false\" target=\"_blank\" rel=\"noopener\">Suomi.fi-webbtj\u00e4nstens webbplats<\/a>, om den anslutande organisationen har skapats i Suomi.fi-servicedatalagret.<\/li>\n<\/ul>\n<h2>3. Kontaktuppgifter till organisationen som ansluter sina tj\u00e4nster<\/h2>\n<ul>\n<li>Myndighetens kontaktuppgifter f\u00f6r kontakt som r\u00f6r inf\u00f6randet\n<ul>\n<li><strong>Kontaktpersonens namn<\/strong>\u00a0Person som fungerar som organisationens kontaktperson n\u00e4r tj\u00e4nsten Tillst\u00e5nd och tillsyn inf\u00f6rs.<\/li>\n<li><strong>Kontaktpersonens e-post<\/strong>\u00a0f\u00f6r icke-br\u00e5dskande fr\u00e5gor<\/li>\n<li><strong>Kontaktpersonens telefonnummer\u00a0<\/strong>f\u00f6r br\u00e5dskande fr\u00e5gor<\/li>\n<\/ul>\n<\/li>\n<li>Kontaktinformation om organisationens servicekontaktpunkt f\u00f6r tj\u00e4nsten Tillst\u00e5nd och tillsyn. Kontaktpunktens uppgift \u00e4r att uppr\u00e4tth\u00e5lla en gemensam serviceprocess f\u00f6r den anslutande organisationens del i samarbete med serviceproduktionen i tj\u00e4nsten Tillst\u00e5nd och tillsyn. Tj\u00e4nsten Tillst\u00e5nd och tillsyn skickar meddelanden om tj\u00e4nstens verksamhet till den angivna adressen (bl.a. servicepublikationer, \u00e4ndringar i tj\u00e4nsten och st\u00f6rningsmeddelanden). F\u00f6r att servicesamarbetet ska fungera m\u00e5ste kontaktpunkten ge tj\u00e4nsten Tillst\u00e5nd och tillsyn en grupp-e-postadress (s.k. roll-e-postadress, t.ex.\u00a0LV-yhteyspiste@organisaatio.fi).\n<ul>\n<li><strong>Kontakt-e-postadress till tj\u00e4nstens underh\u00e5ll<\/strong><\/li>\n<\/ul>\n<\/li>\n<li>eventuella till\u00e4ggsuppgifter om inf\u00f6randet\n<ul>\n<li><strong>Mer information<\/strong><\/li>\n<\/ul>\n<\/li>\n<\/ul>\n<h2>4. Uppgifter om \u00e4rendehanteringen<\/h2>\n<p>Anslutningsuppgifterna om \u00e4rendehanteringen anges under den m\u00f6rkbl\u00e5a rubrikraden p\u00e5 blanketten. Alla \u00e4renden som ska anslutas till tj\u00e4nsten Tillst\u00e5nd och tillsyn f\u00f6r den valda myndigheten\/myndighetstypen visas i menyn \u201cV\u00e4lj \u00e4rende\u201d. Varje \u00e4rende som ska anslutas ska f\u00e5 en egen rad. L\u00e4gg till rader p\u00e5 blanketten genom att klicka p\u00e5 \u201c<strong>+<\/strong>\u201d (plus) i h\u00f6gra kanten och vid behov kan \u00f6verfl\u00f6diga rader tas bort genom att klicka p\u00e5 den r\u00f6da \u201c<strong>X<\/strong>\u201c-symbolen.<\/p>\n<h3>Ifyllande av \u00e4rendeuppgifter<\/h3>\n<p>Anslutningsuppgifterna f\u00f6r tillst\u00e5nds\u00e4renden \u00e4r alltid \u00e4rendespecifika. P\u00e5 s\u00e5 s\u00e4tt m\u00f6jligg\u00f6rs s\u00e5 flexibla anslutningar som m\u00f6jligt i en m\u00e5ngpolig servicemilj\u00f6. S\u00e5ledes meddelas \u00e4rendespecifika anslutningsuppgifter f\u00f6r varje \u00e4rende som ansluts till tj\u00e4nsten Tillst\u00e5nd och tillsyn.<\/p>\n<p>De uppgifter som beh\u00f6vs f\u00f6r att ansluta \u00e4rendehanteringen beror p\u00e5 om myndighetens \u00e4rendehantering \u00e4r elektronisk eller om tj\u00e4nsten Tillst\u00e5nd och tillsyn utnyttjas f\u00f6r att g\u00f6ra myndighetens \u00e4rendehantering elektronisk.<\/p>\n<h3>Alla \u00e4rendeanslutningar<\/h3>\n<ul>\n<li>V\u00e4lj det\u00a0<strong>\u00e4rende<\/strong>\u00a0(t.ex. bygglov) som ska anslutas under punkten \u201c<strong>V\u00e4lj \u00e4rende<\/strong>\u201c<\/li>\n<li><strong>V\u00e4lj<\/strong>\u00a0p\u00e5 vilket s\u00e4tt \u00e4rendet ska anslutas. Endast de s\u00e4tt som g\u00e5r att v\u00e4lja visas.<\/li>\n<li>S\u00f6k och v\u00e4lj de\u00a0<strong>kommunomr\u00e5den<\/strong>\u00a0d\u00e4r \u00e4rendehanteringen inf\u00f6rs. Du kan v\u00e4lja flera kommunomr\u00e5den p\u00e5 samma rad.<\/li>\n<li>Ange en\u00a0<strong>e-postadress<\/strong>\u00a0dit aviseringar ska skickas. Adressen ska vara en s.k. grupp-e-postadress (inte personlig). P\u00e5 s\u00e5 s\u00e4tt s\u00e4kerst\u00e4ller man att aviseringar n\u00e5r myndigheterna under semestrar och annan fr\u00e5nvaro och att tj\u00e4nsten inte avbryts f\u00f6r kunden n\u00e4r personal byts ut.<\/li>\n<\/ul>\n<p>Dessutom beh\u00f6vs f\u00f6ljande uppgifter f\u00f6r att ansluta\u00a0<strong>e-tj\u00e4nsten<\/strong><\/p>\n<ul>\n<li>Ange\u00a0<strong>e-tj\u00e4nstens kod<\/strong>\u00a0i Suomi.fi-servicedatalagret\u00a0<strong>(SDL)<\/strong><\/li>\n<li>Ange\u00a0<strong>URL-adress f\u00f6r inledande av \u00e4rende<\/strong>\u00a0i myndighetens tj\u00e4nst (tj\u00e4nsten Tillst\u00e5nd och tillsyn skickar kunden som identifierats med Suomi.fi-identifikation till denna URL-adress f\u00f6r att utr\u00e4tta \u00e4renden med myndigheten).\n<ul>\n<li>URL-adresser till den finsk- och svenskspr\u00e5kiga tj\u00e4nsten. Om myndigheten inte har en separat svenskspr\u00e5kig serviceadress, l\u00e4mnas f\u00e4ltet f\u00f6r den svenskspr\u00e5kiga URL-adressen tomt.<\/li>\n<\/ul>\n<\/li>\n<\/ul>\n<p>Viktigt: Om du h\u00e5ller p\u00e5 att ansluta en e-tj\u00e4nst till tj\u00e4nsten Tillst\u00e5nd och tillsyn ska den elektroniska anslutningen vara gjord innan denna anslutningsblankett skickas in. Om du \u00e4r os\u00e4ker eller vill st\u00e4lla fr\u00e5gor om anslutningen, kontakta tj\u00e4nsten Tillst\u00e5nd och tillsyn p\u00e5 adressen: tuki.lv(at)ely-keskus.fi.<\/p>\n<h2>Att beakta<\/h2>\n<h3>Anslutningsuppgifter f\u00f6r \u00e4rendehanteringen<\/h3>\n<p>Att beakta f\u00f6r e-tj\u00e4nstens del:<\/p>\n<ul>\n<li>Ut\u00f6ver anslutningen mellan de tekniska tj\u00e4nsterna (integration\/gr\u00e4nssnittsgenomf\u00f6rande) ska myndigheten g\u00f6ra en anm\u00e4lan om anslutning till tj\u00e4nsten Tillst\u00e5nd och tillsyn<\/li>\n<li>Samma e-tj\u00e4nst kan erbjuda och erbjuder ofta flera \u00e4renden, f\u00f6r vilka separata anslutningsuppgifter beh\u00f6vs f\u00f6r varje \u00e4rende som ansluts<\/li>\n<li>Gemensamma \u00e4rendehanteringstj\u00e4nster (t.ex. Lupapiste.fi): Varje kommun eller samkommun som utnyttjar e-tj\u00e4nsten g\u00f6r anslutningsanm\u00e4lningar f\u00f6r sina egna \u00e4renden, \u00e4ven om den tekniska anslutningen mellan den gemensamma \u00e4rendehanteringstj\u00e4nsten och tj\u00e4nsten Tillst\u00e5nd och tillsyn har genomf\u00f6rts.<\/li>\n<\/ul>\n<h3>Suomi.fi-servicedatalagrets (SDL) koder<\/h3>\n<p><a href=\"https:\/\/www.suomi.fi\/service\/suomi-fi-servicedatalagret-sdl-myndigheten-for-digitalisering-och-befolkningsdata\/d93be162-07a2-45f2-84b3-f794da852b58\" target=\"_blank\" rel=\"noopener\">Suomi.fi-servicedatalagret<\/a>, dvs. SDL, \u00e4r ett riksomfattande centraliserat datalager d\u00e4r kommunerna, staten och den privata sektorn p\u00e5 ett kundorienterat s\u00e4tt beskriver sina tj\u00e4nster och h\u00e4nvisar kunderna till r\u00e4tt servicekanaler.<\/p>\n<p>Myndighetens e-tj\u00e4nst l\u00e4nkas till tj\u00e4nsten Tillst\u00e5nd och tillsyn med hj\u00e4lp av organisations- och e-tj\u00e4nstkoden i SDL. P\u00e5 s\u00e5 s\u00e4tt hittar kunden den tj\u00e4nst som myndigheten tillhandah\u00e5ller.<\/p>\n<p>I regel l\u00f6nar det sig att sk\u00f6ta alla SDL-\u00e4renden med hj\u00e4lp av SDL-huvudanv\u00e4ndaren i din organisation. Det \u00e4r bra att s\u00e4kerst\u00e4lla att organisationen har tagit i bruk Suomi.fi-servicedatalagret. Detta \u00e4r en f\u00f6ruts\u00e4ttning f\u00f6r att SDL-koderna ska kunna utnyttjas. Lagen om f\u00f6rvaltningens gemensamma st\u00f6dtj\u00e4nster f\u00f6r e-tj\u00e4nster (571\/2016) f\u00f6rpliktar organisationer inom den offentliga f\u00f6rvaltningen att beskriva uppgifterna om sina tj\u00e4nster i Suomi.fi-servicedatalagret.<\/p>\n<p>F\u00f6r att ansluta \u00e4rendehanteringen anv\u00e4nds tv\u00e5 olika koder f\u00f6r Suomi.fi-servicedatalagret (SDL):<\/p>\n<ul>\n<li><strong>Organisationskod<\/strong>\u00a0som anv\u00e4nds f\u00f6r att identifiera en organisation som ansluter sin digitala \u00e4rendehantering. Koden \u00e4r 36 tecken l\u00e5ng. Exempel p\u00e5 arbets- och n\u00e4ringsministeriets organisationskod\u00a0<a href=\"https:\/\/www.suomi.fi\/organisation\/arbets-och-naringsministeriet\/0855861c-e19c-4e7e-816e-4223d5c106df\" target=\"_blank\" rel=\"noopener\">0855861c-e19c-4e7e-816e-4223d5c106df<\/a>. Koden finns i slutet av URL-adressen i l\u00e4nken ovan.<\/li>\n<li><strong>E-tj\u00e4nstens kod<\/strong>\u00a0som anv\u00e4nds f\u00f6r att identifiera en e-tj\u00e4nstkanal. Koden \u00e4r 36 tecken l\u00e5ng. Exempel p\u00e5 e-tj\u00e4nstens kod i tj\u00e4nsten Tillst\u00e5nd och tillsyn, som \u00e4r\u00a0<a href=\"https:\/\/www.suomi.fi\/service\/natservice\/tjansten-tillstand-och-tillsyn-arbets-och-naringsministeriet\/640bb270-ba74-45de-8616-13ce2754b4df\" target=\"_blank\" rel=\"noopener\">640bb270-ba74-45de-8616-13ce2754b4df<\/a>. Koden finns i slutet av URL-adressen i l\u00e4nken ovan.<\/li>\n<\/ul>\n<p><a href=\"https:\/\/luvatjavalvonta.fi\/sv\/inforande\/instruktioner\/sdl-identifikationsuppgifter\/\">Anvisningar f\u00f6r att hitta SDL-koderna<\/a>.<\/p>\n<h3>\u00c4rendehanteringsomr\u00e5de<\/h3>\n<p>I anslutningsuppgifterna beh\u00f6ver kommunomr\u00e5de fastst\u00e4llas f\u00f6r varje \u00e4rendehantering f\u00f6r att ange var \u00e4rendehanteringen kommer att vara giltig via tj\u00e4nsten Tillst\u00e5nd och tillsyn. Med denna information kan tj\u00e4nsten Tillst\u00e5nd och tillsyn h\u00e4nvisa s\u00f6kanden till den beh\u00f6riga myndigheten.<\/p>\n<p>I fr\u00e5ga om en sammanslutning av kommuner g\u00f6r den kommun som ansvarar f\u00f6r tj\u00e4nsten en anm\u00e4lan om anslutning till tj\u00e4nsten Tillst\u00e5nd och tillsyn f\u00f6r alla kommuners del. P\u00e5 anslutningsblanketten anges varje kommunomr\u00e5de separat p\u00e5 en egen rad, vilket inneb\u00e4r att flera rader registreras f\u00f6r samma \u00e4rendehantering.<\/p>\n<h3>Aviseringar<\/h3>\n<p>Aviseringar om \u00e4renden som skickas fr\u00e5n tj\u00e4nsten Tillst\u00e5nd och tillsyn fastst\u00e4lls \u00e4rendespecifikt f\u00f6r varje myndighet. Aviseringarna skickas till den e-post som myndigheten angett. Det \u00e4r bra att anv\u00e4nda en grupp- eller roll-e-postadress (t.ex.\u00a0kirjaamo@organisaatio.fi) i st\u00e4llet f\u00f6r en personlig adress, s\u00e5 att aviseringarna n\u00e5r myndigheten under alla betj\u00e4ningstider \u00e4ven om personer \u00e4r fr\u00e5nvarande.\u00a0<\/p>\n<p>N\u00e4r kunden l\u00e4mnar in en ans\u00f6kan i tj\u00e4nsten Tillst\u00e5nd och tillsyn skickar tj\u00e4nsten en avisering till den e-postadress som myndigheten som ansvarar f\u00f6r \u00e4rendet har angett.<\/p>\n<p>Mer information om aviseringarnas egenskaper hittar du under\u00a0<a href=\"https:\/\/luvatjavalvonta.fi\/sv\/information-om-tjansten\/egenskaper\/aviseringar\/\">egenskaper<\/a>\u00a0p\u00e5 supportwebbplatsen.<\/p>\n<h3>URL-adress f\u00f6r inledande av \u00e4rende<\/h3>\n<p>En URL-adress f\u00f6r inledande av \u00e4rende beh\u00f6vs f\u00f6r att tj\u00e4nsten Tillst\u00e5nd och tillsyn automatiskt ska kunna dirigera kunden till r\u00e4tt st\u00e4lle f\u00f6r att forts\u00e4tta utr\u00e4tta \u00e4renden i myndighetens e-tj\u00e4nst. Utg\u00e5ngspunkten \u00e4r att URL-adressen ska ta anv\u00e4ndaren till det st\u00e4lle d\u00e4r \u00e4rendet i fr\u00e5ga inleds i myndighetens e-tj\u00e4nst, s\u00e5 att det k\u00e4nns s\u00e5 smidigt som m\u00f6jligt att utr\u00e4tta \u00e4rendet.<\/p>\n<p>Om myndigheten erbjuder sin tj\u00e4nst p\u00e5 olika spr\u00e5k beh\u00f6vs separata adresser f\u00f6r dessa och de har sina egna platser p\u00e5 anslutningsblanketten. Till exempel \u00e4r URL-adressen f\u00f6r kunden i tj\u00e4nsten Tillst\u00e5nd och tillsyn p\u00e5 finska\u00a0<em>https:\/\/lv.ahtp.fi\/fi\/<\/em>\u00a0och p\u00e5 svenska\u00a0<em>https:\/\/lv.ahtp.fi\/sv\/<\/em><\/p>\n","protected":false},"excerpt":{"rendered":"<p>Myndigheten uppger information om den \u00e4rendehantering som ska anslutas till tj\u00e4nsten Tillst\u00e5nd och tillsyn p\u00e5 anslutningsblanketten. G\u00e5 till anslutningsblanketten och fyll i de uppgifter som beh\u00f6vs enligt anvisningarna nedan. Anvisningar f\u00f6r enskilda f\u00e4lt finns ocks\u00e5 bakom \u201ci\u201c-symbolen i varje rubrikf\u00e4lt.\u00a0 1. Organisationstyp Eftersom blanketten anv\u00e4nds av alla myndigheter som ansluter sig till tj\u00e4nsten Tillst\u00e5nd och [&hellip;]<\/p>\n","protected":false},"author":14,"featured_media":0,"parent":8088,"menu_order":24,"comment_status":"closed","ping_status":"closed","template":"","meta":{"_acf_changed":false,"inline_featured_image":false,"footnotes":""},"class_list":["post-8126","page","type-page","status-publish","hentry"],"acf":{"ai_extra_content":"","ai_instructions":"","ai_hidden_page":false},"yoast_head":"<!-- This site is optimized with the Yoast SEO plugin v25.9 - https:\/\/yoast.com\/wordpress\/plugins\/seo\/ -->\n<title>Anslutningsanm\u00e4lan - Luvat ja valvonta<\/title>\n<meta name=\"robots\" content=\"index, follow, max-snippet:-1, max-image-preview:large, max-video-preview:-1\" \/>\n<link rel=\"canonical\" href=\"https:\/\/luvatjavalvonta.fi\/sv\/inforande\/raddningsverken\/genomfor\/anslutningsanmalan\/\" \/>\n<meta property=\"og:locale\" content=\"sv_SE\" \/>\n<meta property=\"og:type\" content=\"article\" \/>\n<meta property=\"og:title\" content=\"Anslutningsanm\u00e4lan - Luvat ja valvonta\" \/>\n<meta property=\"og:description\" content=\"Myndigheten uppger information om den \u00e4rendehantering som ska anslutas till tj\u00e4nsten Tillst\u00e5nd och tillsyn p\u00e5 anslutningsblanketten. G\u00e5 till anslutningsblanketten och fyll i de uppgifter som beh\u00f6vs enligt anvisningarna nedan. Anvisningar f\u00f6r enskilda f\u00e4lt finns ocks\u00e5 bakom \u201ci\u201c-symbolen i varje rubrikf\u00e4lt.\u00a0 1. Organisationstyp Eftersom blanketten anv\u00e4nds av alla myndigheter som ansluter sig till tj\u00e4nsten Tillst\u00e5nd och [&hellip;]\" \/>\n<meta property=\"og:url\" content=\"https:\/\/luvatjavalvonta.fi\/sv\/inforande\/raddningsverken\/genomfor\/anslutningsanmalan\/\" \/>\n<meta property=\"og:site_name\" content=\"Luvat ja valvonta\" \/>\n<meta property=\"article:modified_time\" content=\"2025-11-27T12:40:08+00:00\" \/>\n<meta name=\"twitter:card\" content=\"summary_large_image\" \/>\n<meta name=\"twitter:label1\" content=\"Est. reading time\" \/>\n\t<meta name=\"twitter:data1\" content=\"8 minutes\" \/>\n<script type=\"application\/ld+json\" class=\"yoast-schema-graph\">{\"@context\":\"https:\/\/schema.org\",\"@graph\":[{\"@type\":\"WebPage\",\"@id\":\"https:\/\/luvatjavalvonta.fi\/sv\/inforande\/raddningsverken\/genomfor\/anslutningsanmalan\/\",\"url\":\"https:\/\/luvatjavalvonta.fi\/sv\/inforande\/raddningsverken\/genomfor\/anslutningsanmalan\/\",\"name\":\"Anslutningsanm\u00e4lan - Luvat ja valvonta\",\"isPartOf\":{\"@id\":\"http:\/\/ec2-54-75-134-196.eu-west-1.compute.amazonaws.com\/sv\/#website\"},\"datePublished\":\"2025-10-14T12:53:16+00:00\",\"dateModified\":\"2025-11-27T12:40:08+00:00\",\"breadcrumb\":{\"@id\":\"https:\/\/luvatjavalvonta.fi\/sv\/inforande\/raddningsverken\/genomfor\/anslutningsanmalan\/#breadcrumb\"},\"inLanguage\":\"sv-SE\",\"potentialAction\":[{\"@type\":\"ReadAction\",\"target\":[\"https:\/\/luvatjavalvonta.fi\/sv\/inforande\/raddningsverken\/genomfor\/anslutningsanmalan\/\"]}]},{\"@type\":\"BreadcrumbList\",\"@id\":\"https:\/\/luvatjavalvonta.fi\/sv\/inforande\/raddningsverken\/genomfor\/anslutningsanmalan\/#breadcrumb\",\"itemListElement\":[{\"@type\":\"ListItem\",\"position\":1,\"name\":\"Home\",\"item\":\"http:\/\/ec2-54-75-134-196.eu-west-1.compute.amazonaws.com\/sv\/\"},{\"@type\":\"ListItem\",\"position\":2,\"name\":\"Inf\u00f6rande och underh\u00e5ll av tj\u00e4nsten\",\"item\":\"https:\/\/www.luvatjavalvonta.fi\/sv\/inforande\/\"},{\"@type\":\"ListItem\",\"position\":3,\"name\":\"R\u00e4ddningsverken (v\u00e4lf\u00e4rdsomr\u00e5dena)\",\"item\":\"https:\/\/www.luvatjavalvonta.fi\/sv\/inforande\/raddningsverken\/\"},{\"@type\":\"ListItem\",\"position\":4,\"name\":\"Genomf\u00f6r\",\"item\":\"https:\/\/www.luvatjavalvonta.fi\/sv\/inforande\/raddningsverken\/genomfor\/\"},{\"@type\":\"ListItem\",\"position\":5,\"name\":\"Anslutningsanm\u00e4lan\"}]},{\"@type\":\"WebSite\",\"@id\":\"http:\/\/ec2-54-75-134-196.eu-west-1.compute.amazonaws.com\/sv\/#website\",\"url\":\"http:\/\/ec2-54-75-134-196.eu-west-1.compute.amazonaws.com\/sv\/\",\"name\":\"Luvat ja valvonta\",\"description\":\"\",\"potentialAction\":[{\"@type\":\"SearchAction\",\"target\":{\"@type\":\"EntryPoint\",\"urlTemplate\":\"http:\/\/ec2-54-75-134-196.eu-west-1.compute.amazonaws.com\/sv\/?s={search_term_string}\"},\"query-input\":{\"@type\":\"PropertyValueSpecification\",\"valueRequired\":true,\"valueName\":\"search_term_string\"}}],\"inLanguage\":\"sv-SE\"}]}<\/script>\n<!-- \/ Yoast SEO plugin. -->","yoast_head_json":{"title":"Anslutningsanm\u00e4lan - Luvat ja valvonta","robots":{"index":"index","follow":"follow","max-snippet":"max-snippet:-1","max-image-preview":"max-image-preview:large","max-video-preview":"max-video-preview:-1"},"canonical":"https:\/\/luvatjavalvonta.fi\/sv\/inforande\/raddningsverken\/genomfor\/anslutningsanmalan\/","og_locale":"sv_SE","og_type":"article","og_title":"Anslutningsanm\u00e4lan - Luvat ja valvonta","og_description":"Myndigheten uppger information om den \u00e4rendehantering som ska anslutas till tj\u00e4nsten Tillst\u00e5nd och tillsyn p\u00e5 anslutningsblanketten. G\u00e5 till anslutningsblanketten och fyll i de uppgifter som beh\u00f6vs enligt anvisningarna nedan. Anvisningar f\u00f6r enskilda f\u00e4lt finns ocks\u00e5 bakom \u201ci\u201c-symbolen i varje rubrikf\u00e4lt.\u00a0 1. Organisationstyp Eftersom blanketten anv\u00e4nds av alla myndigheter som ansluter sig till tj\u00e4nsten Tillst\u00e5nd och [&hellip;]","og_url":"https:\/\/luvatjavalvonta.fi\/sv\/inforande\/raddningsverken\/genomfor\/anslutningsanmalan\/","og_site_name":"Luvat ja valvonta","article_modified_time":"2025-11-27T12:40:08+00:00","twitter_card":"summary_large_image","twitter_misc":{"Est. reading time":"8 minutes"},"schema":{"@context":"https:\/\/schema.org","@graph":[{"@type":"WebPage","@id":"https:\/\/luvatjavalvonta.fi\/sv\/inforande\/raddningsverken\/genomfor\/anslutningsanmalan\/","url":"https:\/\/luvatjavalvonta.fi\/sv\/inforande\/raddningsverken\/genomfor\/anslutningsanmalan\/","name":"Anslutningsanm\u00e4lan - Luvat ja valvonta","isPartOf":{"@id":"http:\/\/ec2-54-75-134-196.eu-west-1.compute.amazonaws.com\/sv\/#website"},"datePublished":"2025-10-14T12:53:16+00:00","dateModified":"2025-11-27T12:40:08+00:00","breadcrumb":{"@id":"https:\/\/luvatjavalvonta.fi\/sv\/inforande\/raddningsverken\/genomfor\/anslutningsanmalan\/#breadcrumb"},"inLanguage":"sv-SE","potentialAction":[{"@type":"ReadAction","target":["https:\/\/luvatjavalvonta.fi\/sv\/inforande\/raddningsverken\/genomfor\/anslutningsanmalan\/"]}]},{"@type":"BreadcrumbList","@id":"https:\/\/luvatjavalvonta.fi\/sv\/inforande\/raddningsverken\/genomfor\/anslutningsanmalan\/#breadcrumb","itemListElement":[{"@type":"ListItem","position":1,"name":"Home","item":"http:\/\/ec2-54-75-134-196.eu-west-1.compute.amazonaws.com\/sv\/"},{"@type":"ListItem","position":2,"name":"Inf\u00f6rande och underh\u00e5ll av tj\u00e4nsten","item":"https:\/\/www.luvatjavalvonta.fi\/sv\/inforande\/"},{"@type":"ListItem","position":3,"name":"R\u00e4ddningsverken (v\u00e4lf\u00e4rdsomr\u00e5dena)","item":"https:\/\/www.luvatjavalvonta.fi\/sv\/inforande\/raddningsverken\/"},{"@type":"ListItem","position":4,"name":"Genomf\u00f6r","item":"https:\/\/www.luvatjavalvonta.fi\/sv\/inforande\/raddningsverken\/genomfor\/"},{"@type":"ListItem","position":5,"name":"Anslutningsanm\u00e4lan"}]},{"@type":"WebSite","@id":"http:\/\/ec2-54-75-134-196.eu-west-1.compute.amazonaws.com\/sv\/#website","url":"http:\/\/ec2-54-75-134-196.eu-west-1.compute.amazonaws.com\/sv\/","name":"Luvat ja valvonta","description":"","potentialAction":[{"@type":"SearchAction","target":{"@type":"EntryPoint","urlTemplate":"http:\/\/ec2-54-75-134-196.eu-west-1.compute.amazonaws.com\/sv\/?s={search_term_string}"},"query-input":{"@type":"PropertyValueSpecification","valueRequired":true,"valueName":"search_term_string"}}],"inLanguage":"sv-SE"}]}},"_links":{"self":[{"href":"https:\/\/luvatjavalvonta.fi\/sv\/wp-json\/wp\/v2\/pages\/8126","targetHints":{"allow":["GET"]}}],"collection":[{"href":"https:\/\/luvatjavalvonta.fi\/sv\/wp-json\/wp\/v2\/pages"}],"about":[{"href":"https:\/\/luvatjavalvonta.fi\/sv\/wp-json\/wp\/v2\/types\/page"}],"author":[{"embeddable":true,"href":"https:\/\/luvatjavalvonta.fi\/sv\/wp-json\/wp\/v2\/users\/14"}],"replies":[{"embeddable":true,"href":"https:\/\/luvatjavalvonta.fi\/sv\/wp-json\/wp\/v2\/comments?post=8126"}],"version-history":[{"count":3,"href":"https:\/\/luvatjavalvonta.fi\/sv\/wp-json\/wp\/v2\/pages\/8126\/revisions"}],"predecessor-version":[{"id":8292,"href":"https:\/\/luvatjavalvonta.fi\/sv\/wp-json\/wp\/v2\/pages\/8126\/revisions\/8292"}],"up":[{"embeddable":true,"href":"https:\/\/luvatjavalvonta.fi\/sv\/wp-json\/wp\/v2\/pages\/8088"}],"wp:attachment":[{"href":"https:\/\/luvatjavalvonta.fi\/sv\/wp-json\/wp\/v2\/media?parent=8126"}],"curies":[{"name":"wp","href":"https:\/\/api.w.org\/{rel}","templated":true}]}}