{"id":8159,"date":"2025-10-14T16:23:35","date_gmt":"2025-10-14T13:23:35","guid":{"rendered":"https:\/\/luvatjavalvonta.fi\/?page_id=8159"},"modified":"2025-10-14T16:23:36","modified_gmt":"2025-10-14T13:23:36","slug":"infor","status":"publish","type":"page","link":"https:\/\/luvatjavalvonta.fi\/sv\/inforande\/raddningsverken\/infor\/","title":{"rendered":"Inf\u00f6r!"},"content":{"rendered":"\n<hr class=\"wp-block-separator has-alpha-channel-opacity\"\/>\n\n\n\n<p>Inf\u00f6randeskedets uppgifter \u00e4r<\/p>\n<h2>Testning<\/h2>\n<p>Testa de e-tj\u00e4nster som anslutits till tj\u00e4nsten Tillst\u00e5nd och tillsyn med riktiga ans\u00f6kningar fr\u00e5n b\u00f6rjan av processen till slutet av behandlingen. Anvisningar hittar du h\u00e4r<\/p>\n<h2>S\u00e4kerst\u00e4ll inf\u00f6randeberedskapen<\/h2>\n<p>Inf\u00f6randeberedskapen ska kontrolleras innan kunderna h\u00e4nvisas till den nya serviceprocessen. Du g\u00f6r kontrollerna enkelt med hj\u00e4lp av checklistan.<\/p>\n<h2>Publicera tj\u00e4nsten f\u00f6r kunden<\/h2>\n<p>Den sista uppgiften f\u00f6r inf\u00f6randet \u00e4r att publicera den nya serviceprocessen f\u00f6r kunden. Aktivera kundhandledningen.<\/p>\n<h2>F\u00f6lj upp och uppr\u00e4tth\u00e5ll tj\u00e4nsten<\/h2>\n<p>En fungerande helhetsservice som betj\u00e4nar kunden f\u00f6ruts\u00e4tter samarbete i anslutning till uppr\u00e4tth\u00e5llandet. F\u00f6r att m\u00f6jligg\u00f6ra detta beh\u00f6vs:<\/p>\n<ul>\n<li>myndighetens kontaktpunkt f\u00f6r kontinuerliga tj\u00e4nster i tj\u00e4nsten Tillst\u00e5nd och tillsyn. Till denna punkt skickar vi meddelanden till myndigheten om st\u00f6rningar i tj\u00e4nsten Tillst\u00e5nd och tillsyn samt om eventuella \u00e4ndringar som p\u00e5verkar den gemensamma helhetstj\u00e4nsten. I inf\u00f6randeskedet anges en e-postadress som kontaktpunkt (g\u00e4rna en rolladress). Om e-postadressen \u00e4ndras ska myndigheten meddela detta till tj\u00e4nsten Tillst\u00e5nd och tillsyn (tuki.lv@ely-keskus.fi).<\/li>\n<li>de e-postadresser som anv\u00e4nds f\u00f6r aviseringar av myndighets\u00e4renden och underh\u00e5ll av dessa. Om adressen \u00e4ndras ska den meddelas i god tid till tj\u00e4nsten Tillst\u00e5nd och tillsyn (tuki.lv@ely-keskus.fi)<\/li>\n<li>myndigheten anm\u00e4ler adressuppgifterna p\u00e5 anslutningsblanketten i inf\u00f6randeskedet och uppr\u00e4tth\u00e5ller dem f\u00f6r att s\u00e4kerst\u00e4lla en oavbruten tj\u00e4nst\u00a0<\/li>\n<\/ul>\n","protected":false},"excerpt":{"rendered":"<p>Inf\u00f6randeskedets uppgifter \u00e4r Testning Testa de e-tj\u00e4nster som anslutits till tj\u00e4nsten Tillst\u00e5nd och tillsyn med riktiga ans\u00f6kningar fr\u00e5n b\u00f6rjan av processen till slutet av behandlingen. Anvisningar hittar du h\u00e4r S\u00e4kerst\u00e4ll inf\u00f6randeberedskapen Inf\u00f6randeberedskapen ska kontrolleras innan kunderna h\u00e4nvisas till den nya serviceprocessen. Du g\u00f6r kontrollerna enkelt med hj\u00e4lp av checklistan. Publicera tj\u00e4nsten f\u00f6r kunden Den sista [&hellip;]<\/p>\n","protected":false},"author":14,"featured_media":0,"parent":7690,"menu_order":28,"comment_status":"closed","ping_status":"closed","template":"","meta":{"_acf_changed":false,"inline_featured_image":false,"footnotes":""},"class_list":["post-8159","page","type-page","status-publish","hentry"],"acf":{"ai_extra_content":"","ai_instructions":"","ai_hidden_page":false},"yoast_head":"<!-- This site is optimized with the Yoast SEO plugin v25.9 - https:\/\/yoast.com\/wordpress\/plugins\/seo\/ -->\n<title>Inf\u00f6r! - Luvat ja valvonta<\/title>\n<meta name=\"robots\" content=\"index, follow, max-snippet:-1, max-image-preview:large, max-video-preview:-1\" \/>\n<link rel=\"canonical\" href=\"https:\/\/luvatjavalvonta.fi\/sv\/inforande\/raddningsverken\/infor\/\" \/>\n<meta property=\"og:locale\" content=\"sv_SE\" \/>\n<meta property=\"og:type\" content=\"article\" \/>\n<meta property=\"og:title\" content=\"Inf\u00f6r! - Luvat ja valvonta\" \/>\n<meta property=\"og:description\" content=\"Inf\u00f6randeskedets uppgifter \u00e4r Testning Testa de e-tj\u00e4nster som anslutits till tj\u00e4nsten Tillst\u00e5nd och tillsyn med riktiga ans\u00f6kningar fr\u00e5n b\u00f6rjan av processen till slutet av behandlingen. Anvisningar hittar du h\u00e4r S\u00e4kerst\u00e4ll inf\u00f6randeberedskapen Inf\u00f6randeberedskapen ska kontrolleras innan kunderna h\u00e4nvisas till den nya serviceprocessen. Du g\u00f6r kontrollerna enkelt med hj\u00e4lp av checklistan. Publicera tj\u00e4nsten f\u00f6r kunden Den sista [&hellip;]\" \/>\n<meta property=\"og:url\" content=\"https:\/\/luvatjavalvonta.fi\/sv\/inforande\/raddningsverken\/infor\/\" \/>\n<meta property=\"og:site_name\" content=\"Luvat ja valvonta\" \/>\n<meta property=\"article:modified_time\" content=\"2025-10-14T13:23:36+00:00\" \/>\n<meta name=\"twitter:card\" content=\"summary_large_image\" \/>\n<script type=\"application\/ld+json\" class=\"yoast-schema-graph\">{\"@context\":\"https:\/\/schema.org\",\"@graph\":[{\"@type\":\"WebPage\",\"@id\":\"https:\/\/luvatjavalvonta.fi\/sv\/inforande\/raddningsverken\/infor\/\",\"url\":\"https:\/\/luvatjavalvonta.fi\/sv\/inforande\/raddningsverken\/infor\/\",\"name\":\"Inf\u00f6r! - Luvat ja valvonta\",\"isPartOf\":{\"@id\":\"http:\/\/ec2-54-75-134-196.eu-west-1.compute.amazonaws.com\/sv\/#website\"},\"datePublished\":\"2025-10-14T13:23:35+00:00\",\"dateModified\":\"2025-10-14T13:23:36+00:00\",\"breadcrumb\":{\"@id\":\"https:\/\/luvatjavalvonta.fi\/sv\/inforande\/raddningsverken\/infor\/#breadcrumb\"},\"inLanguage\":\"sv-SE\",\"potentialAction\":[{\"@type\":\"ReadAction\",\"target\":[\"https:\/\/luvatjavalvonta.fi\/sv\/inforande\/raddningsverken\/infor\/\"]}]},{\"@type\":\"BreadcrumbList\",\"@id\":\"https:\/\/luvatjavalvonta.fi\/sv\/inforande\/raddningsverken\/infor\/#breadcrumb\",\"itemListElement\":[{\"@type\":\"ListItem\",\"position\":1,\"name\":\"Home\",\"item\":\"http:\/\/ec2-54-75-134-196.eu-west-1.compute.amazonaws.com\/sv\/\"},{\"@type\":\"ListItem\",\"position\":2,\"name\":\"Inf\u00f6rande och underh\u00e5ll av tj\u00e4nsten\",\"item\":\"https:\/\/www.luvatjavalvonta.fi\/sv\/inforande\/\"},{\"@type\":\"ListItem\",\"position\":3,\"name\":\"R\u00e4ddningsverken (v\u00e4lf\u00e4rdsomr\u00e5dena)\",\"item\":\"https:\/\/www.luvatjavalvonta.fi\/sv\/inforande\/raddningsverken\/\"},{\"@type\":\"ListItem\",\"position\":4,\"name\":\"Inf\u00f6r!\"}]},{\"@type\":\"WebSite\",\"@id\":\"http:\/\/ec2-54-75-134-196.eu-west-1.compute.amazonaws.com\/sv\/#website\",\"url\":\"http:\/\/ec2-54-75-134-196.eu-west-1.compute.amazonaws.com\/sv\/\",\"name\":\"Luvat ja valvonta\",\"description\":\"\",\"potentialAction\":[{\"@type\":\"SearchAction\",\"target\":{\"@type\":\"EntryPoint\",\"urlTemplate\":\"http:\/\/ec2-54-75-134-196.eu-west-1.compute.amazonaws.com\/sv\/?s={search_term_string}\"},\"query-input\":{\"@type\":\"PropertyValueSpecification\",\"valueRequired\":true,\"valueName\":\"search_term_string\"}}],\"inLanguage\":\"sv-SE\"}]}<\/script>\n<!-- \/ Yoast SEO plugin. -->","yoast_head_json":{"title":"Inf\u00f6r! - Luvat ja valvonta","robots":{"index":"index","follow":"follow","max-snippet":"max-snippet:-1","max-image-preview":"max-image-preview:large","max-video-preview":"max-video-preview:-1"},"canonical":"https:\/\/luvatjavalvonta.fi\/sv\/inforande\/raddningsverken\/infor\/","og_locale":"sv_SE","og_type":"article","og_title":"Inf\u00f6r! - Luvat ja valvonta","og_description":"Inf\u00f6randeskedets uppgifter \u00e4r Testning Testa de e-tj\u00e4nster som anslutits till tj\u00e4nsten Tillst\u00e5nd och tillsyn med riktiga ans\u00f6kningar fr\u00e5n b\u00f6rjan av processen till slutet av behandlingen. Anvisningar hittar du h\u00e4r S\u00e4kerst\u00e4ll inf\u00f6randeberedskapen Inf\u00f6randeberedskapen ska kontrolleras innan kunderna h\u00e4nvisas till den nya serviceprocessen. Du g\u00f6r kontrollerna enkelt med hj\u00e4lp av checklistan. Publicera tj\u00e4nsten f\u00f6r kunden Den sista [&hellip;]","og_url":"https:\/\/luvatjavalvonta.fi\/sv\/inforande\/raddningsverken\/infor\/","og_site_name":"Luvat ja valvonta","article_modified_time":"2025-10-14T13:23:36+00:00","twitter_card":"summary_large_image","schema":{"@context":"https:\/\/schema.org","@graph":[{"@type":"WebPage","@id":"https:\/\/luvatjavalvonta.fi\/sv\/inforande\/raddningsverken\/infor\/","url":"https:\/\/luvatjavalvonta.fi\/sv\/inforande\/raddningsverken\/infor\/","name":"Inf\u00f6r! - Luvat ja valvonta","isPartOf":{"@id":"http:\/\/ec2-54-75-134-196.eu-west-1.compute.amazonaws.com\/sv\/#website"},"datePublished":"2025-10-14T13:23:35+00:00","dateModified":"2025-10-14T13:23:36+00:00","breadcrumb":{"@id":"https:\/\/luvatjavalvonta.fi\/sv\/inforande\/raddningsverken\/infor\/#breadcrumb"},"inLanguage":"sv-SE","potentialAction":[{"@type":"ReadAction","target":["https:\/\/luvatjavalvonta.fi\/sv\/inforande\/raddningsverken\/infor\/"]}]},{"@type":"BreadcrumbList","@id":"https:\/\/luvatjavalvonta.fi\/sv\/inforande\/raddningsverken\/infor\/#breadcrumb","itemListElement":[{"@type":"ListItem","position":1,"name":"Home","item":"http:\/\/ec2-54-75-134-196.eu-west-1.compute.amazonaws.com\/sv\/"},{"@type":"ListItem","position":2,"name":"Inf\u00f6rande och underh\u00e5ll av tj\u00e4nsten","item":"https:\/\/www.luvatjavalvonta.fi\/sv\/inforande\/"},{"@type":"ListItem","position":3,"name":"R\u00e4ddningsverken (v\u00e4lf\u00e4rdsomr\u00e5dena)","item":"https:\/\/www.luvatjavalvonta.fi\/sv\/inforande\/raddningsverken\/"},{"@type":"ListItem","position":4,"name":"Inf\u00f6r!"}]},{"@type":"WebSite","@id":"http:\/\/ec2-54-75-134-196.eu-west-1.compute.amazonaws.com\/sv\/#website","url":"http:\/\/ec2-54-75-134-196.eu-west-1.compute.amazonaws.com\/sv\/","name":"Luvat ja valvonta","description":"","potentialAction":[{"@type":"SearchAction","target":{"@type":"EntryPoint","urlTemplate":"http:\/\/ec2-54-75-134-196.eu-west-1.compute.amazonaws.com\/sv\/?s={search_term_string}"},"query-input":{"@type":"PropertyValueSpecification","valueRequired":true,"valueName":"search_term_string"}}],"inLanguage":"sv-SE"}]}},"_links":{"self":[{"href":"https:\/\/luvatjavalvonta.fi\/sv\/wp-json\/wp\/v2\/pages\/8159","targetHints":{"allow":["GET"]}}],"collection":[{"href":"https:\/\/luvatjavalvonta.fi\/sv\/wp-json\/wp\/v2\/pages"}],"about":[{"href":"https:\/\/luvatjavalvonta.fi\/sv\/wp-json\/wp\/v2\/types\/page"}],"author":[{"embeddable":true,"href":"https:\/\/luvatjavalvonta.fi\/sv\/wp-json\/wp\/v2\/users\/14"}],"replies":[{"embeddable":true,"href":"https:\/\/luvatjavalvonta.fi\/sv\/wp-json\/wp\/v2\/comments?post=8159"}],"version-history":[{"count":1,"href":"https:\/\/luvatjavalvonta.fi\/sv\/wp-json\/wp\/v2\/pages\/8159\/revisions"}],"predecessor-version":[{"id":8161,"href":"https:\/\/luvatjavalvonta.fi\/sv\/wp-json\/wp\/v2\/pages\/8159\/revisions\/8161"}],"up":[{"embeddable":true,"href":"https:\/\/luvatjavalvonta.fi\/sv\/wp-json\/wp\/v2\/pages\/7690"}],"wp:attachment":[{"href":"https:\/\/luvatjavalvonta.fi\/sv\/wp-json\/wp\/v2\/media?parent=8159"}],"curies":[{"name":"wp","href":"https:\/\/api.w.org\/{rel}","templated":true}]}}