{"id":8171,"date":"2025-10-14T16:41:14","date_gmt":"2025-10-14T13:41:14","guid":{"rendered":"https:\/\/luvatjavalvonta.fi\/?page_id=8171"},"modified":"2025-10-20T13:08:34","modified_gmt":"2025-10-20T10:08:34","slug":"fortlopande-tjanster","status":"publish","type":"page","link":"https:\/\/luvatjavalvonta.fi\/sv\/inforande\/raddningsverken\/infor\/fortlopande-tjanster\/","title":{"rendered":"Fortl\u00f6pande tj\u00e4nster: uppf\u00f6ljning och underh\u00e5ll"},"content":{"rendered":"\n<hr class=\"wp-block-separator has-alpha-channel-opacity\"\/>\n\n\n\n<ul>\n<li>\n<p>N\u00e4r tj\u00e4nsten Tillst\u00e5nd och tillsyn har tagits i bruk i myndighetsorganisationen och kundhandledningen har gjorts i servicekanalen, inleds uppf\u00f6ljningen och underh\u00e5llet av den fortl\u00f6pande tj\u00e4nsten. I fr\u00e5ga om tj\u00e4nsten Tillst\u00e5nd och tillsyn inneb\u00e4r detta f\u00f6ljande uppgifter f\u00f6r myndigheten:<\/p>\n<ul>\n<li>Uppf\u00f6ljning av meddelanden i den fortl\u00f6pande tj\u00e4nsten: Tj\u00e4nsten Tillst\u00e5nd och tillsyn skickar aviseringar till den kontaktuppgiftsadress (e-post) f\u00f6r den fortl\u00f6pande tj\u00e4nsten som angetts p\u00e5 anslutningsblanketten, om det i tj\u00e4nsten f\u00f6rekommer\n<ul>\n<li>st\u00f6rningar<\/li>\n<li>f\u00f6r\u00e4ndringar som f\u00f6ruts\u00e4tter att myndigheten reagerar<\/li>\n<\/ul>\n<\/li>\n<li>Underh\u00e5ll av kontaktuppgifter och serviceparametrar\n<ul>\n<li>Kontakt-e-postadress f\u00f6r den fortl\u00f6pande tj\u00e4nsten<\/li>\n<li>Till\u00e4gg och radering av nya \u00e4renden<\/li>\n<li>\u00c4ndringar i \u00e4renden och underh\u00e5ll av \u00e4rendespecifika uppgifter<br \/><br \/>\n<ul>\n<li>Myndigheternas \u00e4rendespecifika e-postadresser f\u00f6r aviseringar<\/li>\n<li>eventuella \u00e4ndringar i kommunomr\u00e5det f\u00f6r utr\u00e4ttande av \u00e4renden (t.ex. i samkommuner)<\/li>\n<li>\u00c4rendets \u00f6vriga \u00e4ndringar i serviceparametern (SDL-koder, e-tj\u00e4nstens URL-adresser)<\/li>\n<\/ul>\n<\/li>\n<\/ul>\n<\/li>\n<\/ul>\n<p><strong>Anm\u00e4lan om \u00e4ndringar i servicen<\/strong><\/p>\n<p>En myndighet meddelar om \u00e4ndringar och till\u00e4gg som g\u00e4ller tj\u00e4nsten enligt f\u00f6ljande:<\/p>\n<ul>\n<li>Anm\u00e4lningar till adressen &#8220;tuki.lv@ely-keskus.fi&#8221;. Anm\u00e4lan ska skickas fr\u00e5n den e-postadress som myndigheten har uppgett som kontaktadress f\u00f6r den fortl\u00f6pande tj\u00e4nsten<\/li>\n<li>Vilka uppgifter vill man l\u00e4gga till, radera eller \u00e4ndra<br \/><br \/>\n<ul>\n<li>kontaktadress f\u00f6r den fortl\u00f6pande tj\u00e4nsten<\/li>\n<li>ny \u00e4rendeanslutning<\/li>\n<li>uppgifter om \u00e4renden: \u00e4rendets namn och \u00e4ndringsbehov (bl.a. ny aviseringsadress, kommunomr\u00e5det som betj\u00e4nas \u00e4ndras, SDL-identifikationsuppgifterna \u00e4ndras, URL-adressen f\u00f6r kunder i e-tj\u00e4nsten \u00e4ndras)<\/li>\n<li>h\u00e4vning av \u00e4rendeanslutning<\/li>\n<li>Annan \u00e4ndring<\/li>\n<\/ul>\n<\/li>\n<\/ul>\n<\/li>\n<\/ul>\n","protected":false},"excerpt":{"rendered":"<p>N\u00e4r tj\u00e4nsten Tillst\u00e5nd och tillsyn har tagits i bruk i myndighetsorganisationen och kundhandledningen har gjorts i servicekanalen, inleds uppf\u00f6ljningen och underh\u00e5llet av den fortl\u00f6pande tj\u00e4nsten. I fr\u00e5ga om tj\u00e4nsten Tillst\u00e5nd och tillsyn inneb\u00e4r detta f\u00f6ljande uppgifter f\u00f6r myndigheten: Uppf\u00f6ljning av meddelanden i den fortl\u00f6pande tj\u00e4nsten: Tj\u00e4nsten Tillst\u00e5nd och tillsyn skickar aviseringar till den kontaktuppgiftsadress (e-post) [&hellip;]<\/p>\n","protected":false},"author":14,"featured_media":0,"parent":8159,"menu_order":16,"comment_status":"closed","ping_status":"closed","template":"","meta":{"_acf_changed":false,"inline_featured_image":false,"footnotes":""},"class_list":["post-8171","page","type-page","status-publish","hentry"],"acf":{"ai_extra_content":"","ai_instructions":"","ai_hidden_page":false},"yoast_head":"<!-- This site is optimized with the Yoast SEO plugin v25.9 - https:\/\/yoast.com\/wordpress\/plugins\/seo\/ -->\n<title>Fortl\u00f6pande tj\u00e4nster: uppf\u00f6ljning och underh\u00e5ll - Luvat ja valvonta<\/title>\n<meta name=\"robots\" content=\"index, follow, max-snippet:-1, max-image-preview:large, max-video-preview:-1\" \/>\n<link rel=\"canonical\" href=\"https:\/\/luvatjavalvonta.fi\/sv\/inforande\/raddningsverken\/infor\/fortlopande-tjanster\/\" \/>\n<meta property=\"og:locale\" content=\"sv_SE\" \/>\n<meta property=\"og:type\" content=\"article\" \/>\n<meta property=\"og:title\" content=\"Fortl\u00f6pande tj\u00e4nster: uppf\u00f6ljning och underh\u00e5ll - Luvat ja valvonta\" \/>\n<meta property=\"og:description\" content=\"N\u00e4r tj\u00e4nsten Tillst\u00e5nd och tillsyn har tagits i bruk i myndighetsorganisationen och kundhandledningen har gjorts i servicekanalen, inleds uppf\u00f6ljningen och underh\u00e5llet av den fortl\u00f6pande tj\u00e4nsten. I fr\u00e5ga om tj\u00e4nsten Tillst\u00e5nd och tillsyn inneb\u00e4r detta f\u00f6ljande uppgifter f\u00f6r myndigheten: Uppf\u00f6ljning av meddelanden i den fortl\u00f6pande tj\u00e4nsten: Tj\u00e4nsten Tillst\u00e5nd och tillsyn skickar aviseringar till den kontaktuppgiftsadress (e-post) [&hellip;]\" \/>\n<meta property=\"og:url\" content=\"https:\/\/luvatjavalvonta.fi\/sv\/inforande\/raddningsverken\/infor\/fortlopande-tjanster\/\" \/>\n<meta property=\"og:site_name\" content=\"Luvat ja valvonta\" \/>\n<meta property=\"article:modified_time\" content=\"2025-10-20T10:08:34+00:00\" \/>\n<meta name=\"twitter:card\" content=\"summary_large_image\" \/>\n<meta name=\"twitter:label1\" content=\"Est. reading time\" \/>\n\t<meta name=\"twitter:data1\" content=\"2 minutes\" \/>\n<script type=\"application\/ld+json\" class=\"yoast-schema-graph\">{\"@context\":\"https:\/\/schema.org\",\"@graph\":[{\"@type\":\"WebPage\",\"@id\":\"https:\/\/luvatjavalvonta.fi\/sv\/inforande\/raddningsverken\/infor\/fortlopande-tjanster\/\",\"url\":\"https:\/\/luvatjavalvonta.fi\/sv\/inforande\/raddningsverken\/infor\/fortlopande-tjanster\/\",\"name\":\"Fortl\u00f6pande tj\u00e4nster: uppf\u00f6ljning och underh\u00e5ll - Luvat ja valvonta\",\"isPartOf\":{\"@id\":\"http:\/\/ec2-54-75-134-196.eu-west-1.compute.amazonaws.com\/sv\/#website\"},\"datePublished\":\"2025-10-14T13:41:14+00:00\",\"dateModified\":\"2025-10-20T10:08:34+00:00\",\"breadcrumb\":{\"@id\":\"https:\/\/luvatjavalvonta.fi\/sv\/inforande\/raddningsverken\/infor\/fortlopande-tjanster\/#breadcrumb\"},\"inLanguage\":\"sv-SE\",\"potentialAction\":[{\"@type\":\"ReadAction\",\"target\":[\"https:\/\/luvatjavalvonta.fi\/sv\/inforande\/raddningsverken\/infor\/fortlopande-tjanster\/\"]}]},{\"@type\":\"BreadcrumbList\",\"@id\":\"https:\/\/luvatjavalvonta.fi\/sv\/inforande\/raddningsverken\/infor\/fortlopande-tjanster\/#breadcrumb\",\"itemListElement\":[{\"@type\":\"ListItem\",\"position\":1,\"name\":\"Home\",\"item\":\"http:\/\/ec2-54-75-134-196.eu-west-1.compute.amazonaws.com\/sv\/\"},{\"@type\":\"ListItem\",\"position\":2,\"name\":\"Inf\u00f6rande och underh\u00e5ll av tj\u00e4nsten\",\"item\":\"https:\/\/www.luvatjavalvonta.fi\/sv\/inforande\/\"},{\"@type\":\"ListItem\",\"position\":3,\"name\":\"R\u00e4ddningsverken (v\u00e4lf\u00e4rdsomr\u00e5dena)\",\"item\":\"https:\/\/www.luvatjavalvonta.fi\/sv\/inforande\/raddningsverken\/\"},{\"@type\":\"ListItem\",\"position\":4,\"name\":\"Inf\u00f6r!\",\"item\":\"https:\/\/luvatjavalvonta.fi\/sv\/inforande\/raddningsverken\/infor\/\"},{\"@type\":\"ListItem\",\"position\":5,\"name\":\"Fortl\u00f6pande tj\u00e4nster: uppf\u00f6ljning och underh\u00e5ll\"}]},{\"@type\":\"WebSite\",\"@id\":\"http:\/\/ec2-54-75-134-196.eu-west-1.compute.amazonaws.com\/sv\/#website\",\"url\":\"http:\/\/ec2-54-75-134-196.eu-west-1.compute.amazonaws.com\/sv\/\",\"name\":\"Luvat ja valvonta\",\"description\":\"\",\"potentialAction\":[{\"@type\":\"SearchAction\",\"target\":{\"@type\":\"EntryPoint\",\"urlTemplate\":\"http:\/\/ec2-54-75-134-196.eu-west-1.compute.amazonaws.com\/sv\/?s={search_term_string}\"},\"query-input\":{\"@type\":\"PropertyValueSpecification\",\"valueRequired\":true,\"valueName\":\"search_term_string\"}}],\"inLanguage\":\"sv-SE\"}]}<\/script>\n<!-- \/ Yoast SEO plugin. -->","yoast_head_json":{"title":"Fortl\u00f6pande tj\u00e4nster: uppf\u00f6ljning och underh\u00e5ll - Luvat ja valvonta","robots":{"index":"index","follow":"follow","max-snippet":"max-snippet:-1","max-image-preview":"max-image-preview:large","max-video-preview":"max-video-preview:-1"},"canonical":"https:\/\/luvatjavalvonta.fi\/sv\/inforande\/raddningsverken\/infor\/fortlopande-tjanster\/","og_locale":"sv_SE","og_type":"article","og_title":"Fortl\u00f6pande tj\u00e4nster: uppf\u00f6ljning och underh\u00e5ll - Luvat ja valvonta","og_description":"N\u00e4r tj\u00e4nsten Tillst\u00e5nd och tillsyn har tagits i bruk i myndighetsorganisationen och kundhandledningen har gjorts i servicekanalen, inleds uppf\u00f6ljningen och underh\u00e5llet av den fortl\u00f6pande tj\u00e4nsten. I fr\u00e5ga om tj\u00e4nsten Tillst\u00e5nd och tillsyn inneb\u00e4r detta f\u00f6ljande uppgifter f\u00f6r myndigheten: Uppf\u00f6ljning av meddelanden i den fortl\u00f6pande tj\u00e4nsten: Tj\u00e4nsten Tillst\u00e5nd och tillsyn skickar aviseringar till den kontaktuppgiftsadress (e-post) [&hellip;]","og_url":"https:\/\/luvatjavalvonta.fi\/sv\/inforande\/raddningsverken\/infor\/fortlopande-tjanster\/","og_site_name":"Luvat ja valvonta","article_modified_time":"2025-10-20T10:08:34+00:00","twitter_card":"summary_large_image","twitter_misc":{"Est. reading time":"2 minutes"},"schema":{"@context":"https:\/\/schema.org","@graph":[{"@type":"WebPage","@id":"https:\/\/luvatjavalvonta.fi\/sv\/inforande\/raddningsverken\/infor\/fortlopande-tjanster\/","url":"https:\/\/luvatjavalvonta.fi\/sv\/inforande\/raddningsverken\/infor\/fortlopande-tjanster\/","name":"Fortl\u00f6pande tj\u00e4nster: uppf\u00f6ljning och underh\u00e5ll - Luvat ja valvonta","isPartOf":{"@id":"http:\/\/ec2-54-75-134-196.eu-west-1.compute.amazonaws.com\/sv\/#website"},"datePublished":"2025-10-14T13:41:14+00:00","dateModified":"2025-10-20T10:08:34+00:00","breadcrumb":{"@id":"https:\/\/luvatjavalvonta.fi\/sv\/inforande\/raddningsverken\/infor\/fortlopande-tjanster\/#breadcrumb"},"inLanguage":"sv-SE","potentialAction":[{"@type":"ReadAction","target":["https:\/\/luvatjavalvonta.fi\/sv\/inforande\/raddningsverken\/infor\/fortlopande-tjanster\/"]}]},{"@type":"BreadcrumbList","@id":"https:\/\/luvatjavalvonta.fi\/sv\/inforande\/raddningsverken\/infor\/fortlopande-tjanster\/#breadcrumb","itemListElement":[{"@type":"ListItem","position":1,"name":"Home","item":"http:\/\/ec2-54-75-134-196.eu-west-1.compute.amazonaws.com\/sv\/"},{"@type":"ListItem","position":2,"name":"Inf\u00f6rande och underh\u00e5ll av tj\u00e4nsten","item":"https:\/\/www.luvatjavalvonta.fi\/sv\/inforande\/"},{"@type":"ListItem","position":3,"name":"R\u00e4ddningsverken (v\u00e4lf\u00e4rdsomr\u00e5dena)","item":"https:\/\/www.luvatjavalvonta.fi\/sv\/inforande\/raddningsverken\/"},{"@type":"ListItem","position":4,"name":"Inf\u00f6r!","item":"https:\/\/luvatjavalvonta.fi\/sv\/inforande\/raddningsverken\/infor\/"},{"@type":"ListItem","position":5,"name":"Fortl\u00f6pande tj\u00e4nster: uppf\u00f6ljning och underh\u00e5ll"}]},{"@type":"WebSite","@id":"http:\/\/ec2-54-75-134-196.eu-west-1.compute.amazonaws.com\/sv\/#website","url":"http:\/\/ec2-54-75-134-196.eu-west-1.compute.amazonaws.com\/sv\/","name":"Luvat ja valvonta","description":"","potentialAction":[{"@type":"SearchAction","target":{"@type":"EntryPoint","urlTemplate":"http:\/\/ec2-54-75-134-196.eu-west-1.compute.amazonaws.com\/sv\/?s={search_term_string}"},"query-input":{"@type":"PropertyValueSpecification","valueRequired":true,"valueName":"search_term_string"}}],"inLanguage":"sv-SE"}]}},"_links":{"self":[{"href":"https:\/\/luvatjavalvonta.fi\/sv\/wp-json\/wp\/v2\/pages\/8171","targetHints":{"allow":["GET"]}}],"collection":[{"href":"https:\/\/luvatjavalvonta.fi\/sv\/wp-json\/wp\/v2\/pages"}],"about":[{"href":"https:\/\/luvatjavalvonta.fi\/sv\/wp-json\/wp\/v2\/types\/page"}],"author":[{"embeddable":true,"href":"https:\/\/luvatjavalvonta.fi\/sv\/wp-json\/wp\/v2\/users\/14"}],"replies":[{"embeddable":true,"href":"https:\/\/luvatjavalvonta.fi\/sv\/wp-json\/wp\/v2\/comments?post=8171"}],"version-history":[{"count":1,"href":"https:\/\/luvatjavalvonta.fi\/sv\/wp-json\/wp\/v2\/pages\/8171\/revisions"}],"predecessor-version":[{"id":8173,"href":"https:\/\/luvatjavalvonta.fi\/sv\/wp-json\/wp\/v2\/pages\/8171\/revisions\/8173"}],"up":[{"embeddable":true,"href":"https:\/\/luvatjavalvonta.fi\/sv\/wp-json\/wp\/v2\/pages\/8159"}],"wp:attachment":[{"href":"https:\/\/luvatjavalvonta.fi\/sv\/wp-json\/wp\/v2\/media?parent=8171"}],"curies":[{"name":"wp","href":"https:\/\/api.w.org\/{rel}","templated":true}]}}